{"id":1957,"date":"2023-04-06T15:28:45","date_gmt":"2023-04-06T13:28:45","guid":{"rendered":"https:\/\/www.campinglesviolettes.com\/camping-velo-toulouse\/"},"modified":"2026-04-10T16:04:32","modified_gmt":"2026-04-10T14:04:32","slug":"camping-bicicleta-toulouse","status":"publish","type":"page","link":"https:\/\/www.campinglesviolettes.com\/es\/camping-bicicleta-toulouse\/","title":{"rendered":"ACCUEIL v\u00e9lo"},"content":{"rendered":"<section id=\"ls-section-block_35fd903a6efc34a2e937417e7e78971d\" class=\"ls-section  home-seventh page-one\" >\r\n        <div class=\"container container--wide\">\r\n        \n\n<h1 class=\"ls__heading wp-block-heading has-text-align-center\">Ciclismo y camping: aventura en bicicleta<\/h1>\n\n\n\n<p class=\"ls-paragraph has-text-align-center\">El <strong>cicloturismo con camping<\/strong> atrae cada vez a m\u00e1s aficionados, con <strong>22 millones de franceses que eligen la bicicleta para sus vacaciones<\/strong><sup>1<\/sup>. Para disfrutar al m\u00e1ximo de esta experiencia, la elecci\u00f3n del destino es crucial. Un <a href=\"https:\/\/www.campinglesviolettes.com\/es\/\">camping en el Alto Garona<\/a>, como nuestro <strong>camping Les Violettes<\/strong>, est\u00e1 idealmente situado en el cruce de v\u00edas verdes bien conocidas. Es el punto de partida perfecto para su aventura. \u00bfListo para pedalear?    <br\/><\/p>\n\n\n\n<div class=\"wp-block-columns are-vertically-aligned-center is-layout-flex wp-container-core-columns-is-layout-9d6595d7 wp-block-columns-is-layout-flex\">\n<div class=\"wp-block-column is-vertically-aligned-center is-layout-flow wp-block-column-is-layout-flow\" style=\"flex-basis:60%\">\n<figure class=\"wp-block-gallery has-nested-images columns-2 is-cropped violettes-slider wp-block-gallery-1 is-layout-flex wp-block-gallery-is-layout-flex\">\n<figure class=\"wp-block-image size-full\"><a href=\"https:\/\/www.campinglesviolettes.com\/wp-content\/uploads\/2025\/04\/velo.jpg\"><img decoding=\"async\" width=\"604\" height=\"730\" data-id=\"3585\" src=\"https:\/\/www.campinglesviolettes.com\/wp-content\/uploads\/2025\/04\/velo.jpg\" alt=\"campings para cicloturismo\" class=\"wp-image-3585\" srcset=\"https:\/\/www.campinglesviolettes.com\/wp-content\/uploads\/2025\/04\/velo.jpg 604w, https:\/\/www.campinglesviolettes.com\/wp-content\/uploads\/2025\/04\/velo-248x300.jpg 248w\" sizes=\"(max-width: 604px) 100vw, 604px\" \/><\/a><\/figure>\n<\/figure>\n<\/div>\n\n\n\n<div class=\"wp-block-column is-vertically-aligned-center is-layout-flow wp-block-column-is-layout-flow\" style=\"flex-basis:40%\">\n<h2 class=\"ls__heading wp-block-heading no-animation\"><strong>Encuentre los mejores campings para cicloturismo<\/strong><\/h2>\n\n\n\n<p class=\"ls-paragraph\">Para un ciclista itinerante, algunos servicios son fundamentales. Con el fin de identificar los campings con certificaci\u00f3n ciclista, la Federaci\u00f3n Francesa de Cicloturismo ha creado la certificaci\u00f3n Accueil V\u00e9lo. Esta certificaci\u00f3n garantiza que el establecimiento se encuentra a menos de 5 km de una ruta y ofrece consejos muy \u00fatiles sobre cicloturismo en campings.  <\/p>\n\n\n\n<p class=\"ls-paragraph\">Nuestro<strong> camping Les Violettes<\/strong>, uno de los <strong>campings de 3 estrellas<\/strong> con la etiqueta <strong>Accueil V\u00e9lo<\/strong>, encarna a la perfecci\u00f3n esta filosof\u00eda. En \u00e9l encontrar\u00e1 un emplazamiento ideal para su tienda, as\u00ed como una zona de descanso. Despu\u00e9s del esfuerzo, el descanso est\u00e1 garantizado: nuestro<br\/>\n  <a href=\"https:\/\/www.campinglesviolettes.com\/es\/camping-piscina-climatizada-toulouse\/\">camping en Haute-Garonne con zona acu\u00e1tica<\/a>\n  <br\/>cuenta con una piscina, una recompensa especialmente apreciada despu\u00e9s de <strong>un largo d\u00eda en bicicleta.<\/strong>\n  <br\/><\/p>\n<\/div>\n<\/div>\n\n\r\n    <\/div>\r\n<\/section><section id=\"ls-section-block_10cc163cf3dac22e9f88ec574a491f03\" class=\"ls-section  home-fourth page-two has-background-image has-parallax\" >\r\n    <div class=\"ls-section__background-image opacity-100\"><img decoding=\"async\" src=\"https:\/\/www.campinglesviolettes.com\/wp-content\/uploads\/2023\/03\/vacances-velo-en-famille-toulouse.webp\" alt=\"vacaciones en bicicleta en toulouse\"><\/div>    <div class=\"container \">\r\n        \n\n<h2 class=\"ls__heading wp-block-heading has-text-align-center no-animation\"><strong><strong>Planificar su aventura: itinerarios y preparaci\u00f3n<\/strong><\/strong><\/h2>\n\n\n\n<p class=\"ls-paragraph has-text-align-center\">Francia, con su densa red de rutas ciclistas, es un destino privilegiado para el <strong>cicloturismo y el camping<\/strong>. Una planificaci\u00f3n cuidadosa es esencial para el \u00e9xito de un<g id=\"gid_1\"> viaje en bicicleta<\/g>, equilibrando esfuerzo y descansos. Plataformas como <strong>France V\u00e9lo Tourisme<\/strong> son recursos valiosos para preparar <strong>sus vacaciones en bicicleta.<\/strong>  <\/p>\n\n\n\n<p class=\"ls-paragraph\">En Haute-Garonne, pruebe la ruta ciclista <strong>Canal des Deux Mers<\/strong> (<strong>V80<\/strong>), que pasa cerca de nuestro camping Les Violettes, o descubra la <strong>Trans-Garona<\/strong> (<strong>V86<\/strong>) y la V\u00e9loroute du<strong> Pi\u00e9mont Pyr\u00e9n\u00e9en<\/strong> (<strong>V81<\/strong>). Para un paseo familiar m\u00e1s tranquilo, la <strong>Voie Verte du Salat<\/strong> es ideal. <\/p>\n\n\n\n<p class=\"ls-paragraph has-text-align-center\"><em>Cuidado: mientras que el Canal de Garona garantiza una v\u00eda verde en buen estado, el Canal du Midi es m\u00e1s salvaje, con sus r\u00fasticos caminos de sirga. Elija una bicicleta adecuada (VTC o Gravel) y piense en el  <\/em><strong>\n  <em>alquiler de bicicletas <\/em>\n<\/strong><em>en caso necesario.<\/em><\/p>\n\n\r\n    <\/div>\r\n<\/section><section id=\"ls-section-block_f5671717e7320b565e0f79eab6dfc8c7\" class=\"ls-section  home-fifth page-three has-background has-color-3-background-color has-p-t p-t-15\" >\r\n        <div class=\"container container--wide\">\r\n        \n\n<div class=\"wp-block-columns are-vertically-aligned-center is-layout-flex wp-container-core-columns-is-layout-9d6595d7 wp-block-columns-is-layout-flex\">\n<div class=\"wp-block-column is-vertically-aligned-center is-layout-flow wp-block-column-is-layout-flow\" style=\"flex-basis:40%\">\n<h2 class=\"ls__heading wp-block-heading no-animation\"><strong>Equipamiento esencial para ciclismo y camping<\/strong><\/h2>\n\n\n\n<p class=\"ls-paragraph\">Para que <strong>un viaje en bicicleta con acampada sea un \u00e9xito<\/strong>, la ligereza es tu mejor aliada. Tu equipo de acampada y ciclismo debe ser compacto y fiable. Aqu\u00ed tienes el equipo esencial para tu viaje en bicicleta y vivac:  <\/p>\n\n\n\n<ul class=\"ls-list ls-list-undefined wp-block-list\">\n<li><strong>Para dormir bien<\/strong>: opte por una tienda de viaje ligera para bicicleta, un saco de dormir adaptado a la estaci\u00f3n y un colch\u00f3n aislante. Para los que prefieren m\u00e1s comodidad despu\u00e9s de una jornada en bicicleta, nuestro camping Les Violettes ofrece amplias parcelas para tiendas. Es la opci\u00f3n ideal si busca un <a href=\"https:\/\/www.campinglesviolettes.com\/es\/ubicacion-colocacion-toulouse\/\">camping cerca de Toulouse.<\/a>  <\/li>\n\n\n\n<li><strong>Para cocinar: <\/strong>un hornillo, una olla, cubiertos y un mechero es todo lo que necesitas para preparar comidas calientes, incluso en plena naturaleza.<\/li>\n\n\n\n<li><strong>Para tu bicicleta:<\/strong> un kit de reparaci\u00f3n completo, iluminaci\u00f3n de alto rendimiento, un candado resistente y, por supuesto, un casco son esenciales para tu seguridad en la carretera. <\/li>\n\n\n\n<li><strong>Ropa e higiene<\/strong>: elige ropa t\u00e9cnica, una chaqueta impermeable, una toalla de microfibra y un botiqu\u00edn de primeros auxilios.<\/li>\n<\/ul>\n\n\n\n<p class=\"ls-paragraph\">Con este equipo, estar\u00e1s preparado para cualquier aventura en <strong>tu ruta cicloturista.<\/strong><\/p>\n<\/div>\n\n\n\n<div class=\"wp-block-column is-vertically-aligned-center is-layout-flow wp-block-column-is-layout-flow\" style=\"flex-basis:60%\">\n<figure class=\"wp-block-image size-full violettes-piscine\"><a href=\"https:\/\/www.campinglesviolettes.com\/wp-content\/uploads\/2023\/03\/sorties-velo-toulouse.webp\"><img decoding=\"async\" width=\"1000\" height=\"666\" src=\"https:\/\/www.campinglesviolettes.com\/wp-content\/uploads\/2023\/03\/sorties-velo-toulouse.webp\" alt=\"Herramientas para cicloturismo\" class=\"wp-image-1083\" srcset=\"https:\/\/www.campinglesviolettes.com\/wp-content\/uploads\/2023\/03\/sorties-velo-toulouse.webp 1000w, https:\/\/www.campinglesviolettes.com\/wp-content\/uploads\/2023\/03\/sorties-velo-toulouse-300x200.webp 300w, https:\/\/www.campinglesviolettes.com\/wp-content\/uploads\/2023\/03\/sorties-velo-toulouse-768x511.webp 768w\" sizes=\"(max-width: 1000px) 100vw, 1000px\" \/><\/a><\/figure>\n<\/div>\n<\/div>\n\n\n\n<div class=\"wp-block-columns is-layout-flex wp-container-core-columns-is-layout-9d6595d7 wp-block-columns-is-layout-flex\">\n<div class=\"wp-block-column is-layout-flow wp-block-column-is-layout-flow\">\n<figure class=\"wp-block-image size-full\"><img decoding=\"async\" width=\"900\" height=\"666\" src=\"https:\/\/www.campinglesviolettes.com\/wp-content\/uploads\/2023\/03\/camping-velo-toulouse.webp\" alt=\"camping ciclismo toulouse\" class=\"wp-image-1828\" srcset=\"https:\/\/www.campinglesviolettes.com\/wp-content\/uploads\/2023\/03\/camping-velo-toulouse.webp 900w, https:\/\/www.campinglesviolettes.com\/wp-content\/uploads\/2023\/03\/camping-velo-toulouse-300x222.webp 300w, https:\/\/www.campinglesviolettes.com\/wp-content\/uploads\/2023\/03\/camping-velo-toulouse-768x568.webp 768w\" sizes=\"(max-width: 900px) 100vw, 900px\" \/><\/figure>\n<\/div>\n\n\n\n<div class=\"wp-block-column is-layout-flow wp-block-column-is-layout-flow\">\n<h2 class=\"ls__heading wp-block-heading no-animation\"><strong>Nuestros consejos para tu primera acampada ciclista<\/strong><\/h2>\n\n\n\n<p class=\"ls-paragraph\">Nuestros consejos para una primera experiencia de camping en bicicleta<br\/>Para unas<strong> vacaciones de camping <\/strong>en bicicleta realmente satisfactorias, planifique etapas razonables, de entre 40 y 60 km al d\u00eda, y no olvide<strong> reservar el alojamiento con antelaci\u00f3n<\/strong>, sobre todo en temporada alta.<\/p>\n\n\n\n<p class=\"ls-paragraph\">Por \u00faltimo, uno de los mayores placeres del<strong> cicloturismo con camping<\/strong> es conocer gente nueva, ya sean <strong>familias<\/strong> o <strong>amigos<\/strong>. Es esta dimensi\u00f3n humana la que transforma un simple <strong>viaje en bicicleta<\/strong> en una experiencia memorable e inolvidable en Francia. <\/p>\n\n\n\n<p class=\"ls-paragraph\">\u00a1La aventura le llama! <strong>Nuestro camping Les Violettes <\/strong>est\u00e1 listo para convertirse en su pr\u00f3xima parada para <strong>unas memorables vacaciones en bicicleta cerca de Toulouse.<\/strong> <\/p>\n<\/div>\n<\/div>\n\n\r\n    <\/div>\r\n<\/section><section id=\"ls-section-block_4dbea0e4897f203ce62e10003a09fcfb\" class=\"ls-section  page-cta has-m-t m-t-1 has-p-t p-t-3\" >\r\n        <div class=\"container container--wide\">\r\n        \n\n<div id=\"ls-heading ls-titre-div-block_fd34c3ea438b5f7391ebb714d86461a4\" class=\"ls-titre-div no-animation aligncenter h2-like\" >\n    Descubra nuestros otros servicios<\/div>\n\n\n<div id=\"ls-maillage-block_52ee3c54a940f77a9b0a362adeb1d6b8\" class=\"ls-maillage cta-style-normal\" data-rows=\"3\">\r\n    <div class=\"wp-block-columns\"><div class=\"wp-block-column\"><div class=\"ls-cta\">\n\n<a href=\"https:\/\/www.campinglesviolettes.com\/es\/camping-animaciones-toulouse\/\" target=\"\" rel=\"noopener\" class=\"ls-cta__link\">\n\n\t<div class=\"ls-cta__image\"><img decoding=\"async\" src=\"https:\/\/www.campinglesviolettes.com\/wp-content\/uploads\/2023\/03\/activites-familiales-camping-les-violettes.webp\" alt=\"actividades familiares camping les violettes\"><\/div>\n\t<div class=\"ls-cta__title\">\n\t\tActividades y ocio <i class='prigny-right-arrow'><\/i>\n\t<\/div>\n\n\t\t\n<\/a><\/div><\/div><div class=\"wp-block-column\"><div class=\"ls-cta\">\n\n<a href=\"https:\/\/www.campinglesviolettes.com\/es\/camping-familiar-toulouse\/\" target=\"\" rel=\"noopener\" class=\"ls-cta__link\">\n\n\t<div class=\"ls-cta__image\"><img decoding=\"async\" src=\"https:\/\/www.campinglesviolettes.com\/wp-content\/uploads\/2023\/08\/photo-groupe-lapinou-2-1-768x576.jpg\" alt=\"photo groupe lapinou 2\"><\/div>\n\t<div class=\"ls-cta__title\">\n\t\tServicios <i class='prigny-right-arrow'><\/i>\n\t<\/div>\n\n\t\t\n<\/a><\/div><\/div><div class=\"wp-block-column\"><div class=\"ls-cta\">\n\n<a href=\"https:\/\/www.campinglesviolettes.com\/es\/camping-grupo-toulouse\/\" target=\"\" rel=\"noopener\" class=\"ls-cta__link\">\n\n\t<div class=\"ls-cta__image\"><img decoding=\"async\" src=\"https:\/\/www.campinglesviolettes.com\/wp-content\/uploads\/2023\/03\/groupe-seminaire-les-violettes.jpg\" alt=\"grupo seminario les violettes\"><\/div>\n\t<div class=\"ls-cta__title\">\n\t\tgrupos <i class='prigny-right-arrow'><\/i>\n\t<\/div>\n\n\t\t\n<\/a><\/div><\/div><\/div><\/div>\n\r\n    <\/div>\r\n<\/section>","protected":false},"excerpt":{"rendered":"","protected":false},"author":1,"featured_media":1830,"parent":0,"menu_order":0,"comment_status":"closed","ping_status":"closed","template":"","meta":{"_acf_changed":false,"footnotes":""},"sujet":[],"class_list":["post-1957","page","type-page","status-publish","has-post-thumbnail","hentry"],"acf":[],"yoast_head":"<!-- This site is optimized with the Yoast SEO plugin v23.4 - https:\/\/yoast.com\/wordpress\/plugins\/seo\/ -->\n<title>Camping cicloturista: al\u00f3jese en un camping durante su viaje en bicicleta<\/title>\n<meta name=\"description\" content=\"Disfrute de una escapada en plena naturaleza a orillas del Canal du Midi. Parcelas totalmente equipadas, etiqueta Accueil V\u00e9lo, confort y serenidad a 15 minutos de Toulouse.\" \/>\n<meta name=\"robots\" content=\"index, follow, max-snippet:-1, max-image-preview:large, max-video-preview:-1\" \/>\n<link rel=\"canonical\" href=\"https:\/\/www.campinglesviolettes.com\/es\/camping-bicicleta-toulouse\/\" \/>\n<meta property=\"og:locale\" content=\"es_ES\" \/>\n<meta property=\"og:type\" content=\"article\" \/>\n<meta property=\"og:title\" content=\"Camping cicloturista: al\u00f3jese en un camping durante su viaje en bicicleta\" \/>\n<meta property=\"og:description\" content=\"Disfrute de una escapada en plena naturaleza a orillas del Canal du Midi. Parcelas totalmente equipadas, etiqueta Accueil V\u00e9lo, confort y serenidad a 15 minutos de Toulouse.\" \/>\n<meta property=\"og:url\" content=\"https:\/\/www.campinglesviolettes.com\/es\/camping-bicicleta-toulouse\/\" \/>\n<meta property=\"og:site_name\" content=\"Les Violettes\" \/>\n<meta property=\"article:modified_time\" content=\"2026-04-10T14:04:32+00:00\" \/>\n<meta property=\"og:image\" content=\"https:\/\/www.campinglesviolettes.com\/wp-content\/uploads\/2023\/03\/camping-velo-toulouse.webp\" \/>\n\t<meta property=\"og:image:width\" content=\"900\" \/>\n\t<meta property=\"og:image:height\" content=\"666\" \/>\n\t<meta property=\"og:image:type\" content=\"image\/webp\" \/>\n<meta name=\"twitter:card\" content=\"summary_large_image\" \/>\n<meta name=\"twitter:label1\" content=\"Tiempo de lectura\" \/>\n\t<meta name=\"twitter:data1\" content=\"3 minutos\" \/>\n<script type=\"application\/ld+json\" class=\"yoast-schema-graph\">{\"@context\":\"https:\/\/schema.org\",\"@graph\":[{\"@type\":\"WebPage\",\"@id\":\"https:\/\/www.campinglesviolettes.com\/es\/camping-bicicleta-toulouse\/\",\"url\":\"https:\/\/www.campinglesviolettes.com\/es\/camping-bicicleta-toulouse\/\",\"name\":\"Camping cicloturista: al\u00f3jese en un camping durante su viaje en bicicleta\",\"isPartOf\":{\"@id\":\"https:\/\/www.campinglesviolettes.com\/#website\"},\"primaryImageOfPage\":{\"@id\":\"https:\/\/www.campinglesviolettes.com\/es\/camping-bicicleta-toulouse\/#primaryimage\"},\"image\":{\"@id\":\"https:\/\/www.campinglesviolettes.com\/es\/camping-bicicleta-toulouse\/#primaryimage\"},\"thumbnailUrl\":\"https:\/\/www.campinglesviolettes.com\/wp-content\/uploads\/2023\/03\/camping-velo-toulouse.webp\",\"datePublished\":\"2023-04-06T13:28:45+00:00\",\"dateModified\":\"2026-04-10T14:04:32+00:00\",\"description\":\"Disfrute de una escapada en plena naturaleza a orillas del Canal du Midi. Parcelas totalmente equipadas, etiqueta Accueil V\u00e9lo, confort y serenidad a 15 minutos de Toulouse.\",\"breadcrumb\":{\"@id\":\"https:\/\/www.campinglesviolettes.com\/es\/camping-bicicleta-toulouse\/#breadcrumb\"},\"inLanguage\":\"es\",\"potentialAction\":[{\"@type\":\"ReadAction\",\"target\":[\"https:\/\/www.campinglesviolettes.com\/es\/camping-bicicleta-toulouse\/\"]}]},{\"@type\":\"ImageObject\",\"inLanguage\":\"es\",\"@id\":\"https:\/\/www.campinglesviolettes.com\/es\/camping-bicicleta-toulouse\/#primaryimage\",\"url\":\"https:\/\/www.campinglesviolettes.com\/wp-content\/uploads\/2023\/03\/camping-velo-toulouse.webp\",\"contentUrl\":\"https:\/\/www.campinglesviolettes.com\/wp-content\/uploads\/2023\/03\/camping-velo-toulouse.webp\",\"width\":900,\"height\":666,\"caption\":\"camping ciclismo toulouse\"},{\"@type\":\"BreadcrumbList\",\"@id\":\"https:\/\/www.campinglesviolettes.com\/es\/camping-bicicleta-toulouse\/#breadcrumb\",\"itemListElement\":[{\"@type\":\"ListItem\",\"position\":1,\"name\":\"Camping Occitanie\",\"item\":\"https:\/\/www.campinglesviolettes.com\/es\/\"},{\"@type\":\"ListItem\",\"position\":2,\"name\":\"Camping etapa ciclista en Haute-Garonne\"}]},{\"@type\":\"WebSite\",\"@id\":\"https:\/\/www.campinglesviolettes.com\/#website\",\"url\":\"https:\/\/www.campinglesviolettes.com\/\",\"name\":\"Les Violettes\",\"description\":\"\",\"publisher\":{\"@id\":\"https:\/\/www.campinglesviolettes.com\/#organization\"},\"potentialAction\":[{\"@type\":\"SearchAction\",\"target\":{\"@type\":\"EntryPoint\",\"urlTemplate\":\"https:\/\/www.campinglesviolettes.com\/?s={search_term_string}\"},\"query-input\":{\"@type\":\"PropertyValueSpecification\",\"valueRequired\":true,\"valueName\":\"search_term_string\"}}],\"inLanguage\":\"es\"},{\"@type\":\"Organization\",\"@id\":\"https:\/\/www.campinglesviolettes.com\/#organization\",\"name\":\"Les Violettes\",\"url\":\"https:\/\/www.campinglesviolettes.com\/\",\"logo\":{\"@type\":\"ImageObject\",\"inLanguage\":\"es\",\"@id\":\"https:\/\/www.campinglesviolettes.com\/#\/schema\/logo\/image\/\",\"url\":\"https:\/\/www.campinglesviolettes.com\/wp-content\/uploads\/2023\/02\/logo-camping-les-violettes.png\",\"contentUrl\":\"https:\/\/www.campinglesviolettes.com\/wp-content\/uploads\/2023\/02\/logo-camping-les-violettes.png\",\"width\":250,\"height\":206,\"caption\":\"Les Violettes\"},\"image\":{\"@id\":\"https:\/\/www.campinglesviolettes.com\/#\/schema\/logo\/image\/\"}}]}<\/script>\n<!-- \/ Yoast SEO plugin. -->","yoast_head_json":{"title":"Camping cicloturista: al\u00f3jese en un camping durante su viaje en bicicleta","description":"Disfrute de una escapada en plena naturaleza a orillas del Canal du Midi. Parcelas totalmente equipadas, etiqueta Accueil V\u00e9lo, confort y serenidad a 15 minutos de Toulouse.","robots":{"index":"index","follow":"follow","max-snippet":"max-snippet:-1","max-image-preview":"max-image-preview:large","max-video-preview":"max-video-preview:-1"},"canonical":"https:\/\/www.campinglesviolettes.com\/es\/camping-bicicleta-toulouse\/","og_locale":"es_ES","og_type":"article","og_title":"Camping cicloturista: al\u00f3jese en un camping durante su viaje en bicicleta","og_description":"Disfrute de una escapada en plena naturaleza a orillas del Canal du Midi. Parcelas totalmente equipadas, etiqueta Accueil V\u00e9lo, confort y serenidad a 15 minutos de Toulouse.","og_url":"https:\/\/www.campinglesviolettes.com\/es\/camping-bicicleta-toulouse\/","og_site_name":"Les Violettes","article_modified_time":"2026-04-10T14:04:32+00:00","og_image":[{"width":900,"height":666,"url":"https:\/\/www.campinglesviolettes.com\/wp-content\/uploads\/2023\/03\/camping-velo-toulouse.webp","type":"image\/webp"}],"twitter_card":"summary_large_image","twitter_misc":{"Tiempo de lectura":"3 minutos"},"schema":{"@context":"https:\/\/schema.org","@graph":[{"@type":"WebPage","@id":"https:\/\/www.campinglesviolettes.com\/es\/camping-bicicleta-toulouse\/","url":"https:\/\/www.campinglesviolettes.com\/es\/camping-bicicleta-toulouse\/","name":"Camping cicloturista: al\u00f3jese en un camping durante su viaje en bicicleta","isPartOf":{"@id":"https:\/\/www.campinglesviolettes.com\/#website"},"primaryImageOfPage":{"@id":"https:\/\/www.campinglesviolettes.com\/es\/camping-bicicleta-toulouse\/#primaryimage"},"image":{"@id":"https:\/\/www.campinglesviolettes.com\/es\/camping-bicicleta-toulouse\/#primaryimage"},"thumbnailUrl":"https:\/\/www.campinglesviolettes.com\/wp-content\/uploads\/2023\/03\/camping-velo-toulouse.webp","datePublished":"2023-04-06T13:28:45+00:00","dateModified":"2026-04-10T14:04:32+00:00","description":"Disfrute de una escapada en plena naturaleza a orillas del Canal du Midi. Parcelas totalmente equipadas, etiqueta Accueil V\u00e9lo, confort y serenidad a 15 minutos de Toulouse.","breadcrumb":{"@id":"https:\/\/www.campinglesviolettes.com\/es\/camping-bicicleta-toulouse\/#breadcrumb"},"inLanguage":"es","potentialAction":[{"@type":"ReadAction","target":["https:\/\/www.campinglesviolettes.com\/es\/camping-bicicleta-toulouse\/"]}]},{"@type":"ImageObject","inLanguage":"es","@id":"https:\/\/www.campinglesviolettes.com\/es\/camping-bicicleta-toulouse\/#primaryimage","url":"https:\/\/www.campinglesviolettes.com\/wp-content\/uploads\/2023\/03\/camping-velo-toulouse.webp","contentUrl":"https:\/\/www.campinglesviolettes.com\/wp-content\/uploads\/2023\/03\/camping-velo-toulouse.webp","width":900,"height":666,"caption":"camping ciclismo toulouse"},{"@type":"BreadcrumbList","@id":"https:\/\/www.campinglesviolettes.com\/es\/camping-bicicleta-toulouse\/#breadcrumb","itemListElement":[{"@type":"ListItem","position":1,"name":"Camping Occitanie","item":"https:\/\/www.campinglesviolettes.com\/es\/"},{"@type":"ListItem","position":2,"name":"Camping etapa ciclista en Haute-Garonne"}]},{"@type":"WebSite","@id":"https:\/\/www.campinglesviolettes.com\/#website","url":"https:\/\/www.campinglesviolettes.com\/","name":"Les Violettes","description":"","publisher":{"@id":"https:\/\/www.campinglesviolettes.com\/#organization"},"potentialAction":[{"@type":"SearchAction","target":{"@type":"EntryPoint","urlTemplate":"https:\/\/www.campinglesviolettes.com\/?s={search_term_string}"},"query-input":{"@type":"PropertyValueSpecification","valueRequired":true,"valueName":"search_term_string"}}],"inLanguage":"es"},{"@type":"Organization","@id":"https:\/\/www.campinglesviolettes.com\/#organization","name":"Les Violettes","url":"https:\/\/www.campinglesviolettes.com\/","logo":{"@type":"ImageObject","inLanguage":"es","@id":"https:\/\/www.campinglesviolettes.com\/#\/schema\/logo\/image\/","url":"https:\/\/www.campinglesviolettes.com\/wp-content\/uploads\/2023\/02\/logo-camping-les-violettes.png","contentUrl":"https:\/\/www.campinglesviolettes.com\/wp-content\/uploads\/2023\/02\/logo-camping-les-violettes.png","width":250,"height":206,"caption":"Les Violettes"},"image":{"@id":"https:\/\/www.campinglesviolettes.com\/#\/schema\/logo\/image\/"}}]}},"_links":{"self":[{"href":"https:\/\/www.campinglesviolettes.com\/es\/wp-json\/wp\/v2\/pages\/1957","targetHints":{"allow":["GET"]}}],"collection":[{"href":"https:\/\/www.campinglesviolettes.com\/es\/wp-json\/wp\/v2\/pages"}],"about":[{"href":"https:\/\/www.campinglesviolettes.com\/es\/wp-json\/wp\/v2\/types\/page"}],"author":[{"embeddable":true,"href":"https:\/\/www.campinglesviolettes.com\/es\/wp-json\/wp\/v2\/users\/1"}],"replies":[{"embeddable":true,"href":"https:\/\/www.campinglesviolettes.com\/es\/wp-json\/wp\/v2\/comments?post=1957"}],"version-history":[{"count":8,"href":"https:\/\/www.campinglesviolettes.com\/es\/wp-json\/wp\/v2\/pages\/1957\/revisions"}],"predecessor-version":[{"id":5412,"href":"https:\/\/www.campinglesviolettes.com\/es\/wp-json\/wp\/v2\/pages\/1957\/revisions\/5412"}],"wp:featuredmedia":[{"embeddable":true,"href":"https:\/\/www.campinglesviolettes.com\/es\/wp-json\/wp\/v2\/media\/1830"}],"wp:attachment":[{"href":"https:\/\/www.campinglesviolettes.com\/es\/wp-json\/wp\/v2\/media?parent=1957"}],"wp:term":[{"taxonomy":"sujet","embeddable":true,"href":"https:\/\/www.campinglesviolettes.com\/es\/wp-json\/wp\/v2\/sujet?post=1957"}],"curies":[{"name":"wp","href":"https:\/\/api.w.org\/{rel}","templated":true}]}}