{"id":1951,"date":"2023-04-06T15:28:43","date_gmt":"2023-04-06T13:28:43","guid":{"rendered":"https:\/\/www.campinglesviolettes.com\/camping-familiar-toulouse\/"},"modified":"2025-11-05T16:05:30","modified_gmt":"2025-11-05T15:05:30","slug":"camping-familiar-toulouse","status":"publish","type":"page","link":"https:\/\/www.campinglesviolettes.com\/es\/camping-familiar-toulouse\/","title":{"rendered":"Servicios"},"content":{"rendered":"<section id=\"ls-section-block_35a8cfcc23cc5cb3c756166583c4f8f8\" class=\"ls-section  home-seventh page-one\" >\r\n        <div class=\"container container--wide\">\r\n        \n\n<h1 class=\"ls__heading wp-block-heading has-text-align-center\">Un camping familiar en Haute-Garonne pensado para toda la familia<\/h1>\n\n\n\n<div class=\"wp-block-columns are-vertically-aligned-center is-layout-flex wp-container-core-columns-is-layout-9d6595d7 wp-block-columns-is-layout-flex\">\n<div class=\"wp-block-column is-vertically-aligned-center is-layout-flow wp-block-column-is-layout-flow\" style=\"flex-basis:60%\">\n<figure class=\"wp-block-gallery has-nested-images columns-2 is-cropped violettes-slider wp-block-gallery-1 is-layout-flex wp-block-gallery-is-layout-flex\">\n<figure class=\"wp-block-image size-full\"><a href=\"https:\/\/www.campinglesviolettes.com\/wp-content\/uploads\/2025\/04\/IMG_2943-scaled.jpg\"><img decoding=\"async\" width=\"1920\" height=\"2560\" data-id=\"3636\" src=\"https:\/\/www.campinglesviolettes.com\/wp-content\/uploads\/2025\/04\/IMG_2943-scaled.jpg\" alt=\"IMG 2943\" class=\"wp-image-3636\" srcset=\"https:\/\/www.campinglesviolettes.com\/wp-content\/uploads\/2025\/04\/IMG_2943-scaled.jpg 1920w, https:\/\/www.campinglesviolettes.com\/wp-content\/uploads\/2025\/04\/IMG_2943-225x300.jpg 225w, https:\/\/www.campinglesviolettes.com\/wp-content\/uploads\/2025\/04\/IMG_2943-768x1024.jpg 768w, https:\/\/www.campinglesviolettes.com\/wp-content\/uploads\/2025\/04\/IMG_2943-1152x1536.jpg 1152w, https:\/\/www.campinglesviolettes.com\/wp-content\/uploads\/2025\/04\/IMG_2943-1536x2048.jpg 1536w\" sizes=\"(max-width: 1920px) 100vw, 1920px\" \/><\/a><\/figure>\n\n\n\n<figure class=\"wp-block-image size-full\"><a href=\"https:\/\/www.campinglesviolettes.com\/wp-content\/uploads\/2025\/01\/474065376_1712306532960937_1858780801824406126_n.jpg\"><img decoding=\"async\" width=\"480\" height=\"454\" data-id=\"3392\" src=\"https:\/\/www.campinglesviolettes.com\/wp-content\/uploads\/2025\/01\/474065376_1712306532960937_1858780801824406126_n.jpg\" alt=\"474065376 1712306532960937 1858780801824406126 n\" class=\"wp-image-3392\" srcset=\"https:\/\/www.campinglesviolettes.com\/wp-content\/uploads\/2025\/01\/474065376_1712306532960937_1858780801824406126_n.jpg 480w, https:\/\/www.campinglesviolettes.com\/wp-content\/uploads\/2025\/01\/474065376_1712306532960937_1858780801824406126_n-300x284.jpg 300w\" sizes=\"(max-width: 480px) 100vw, 480px\" \/><\/a><\/figure>\n\n\n\n<figure class=\"wp-block-image size-full animated fadeIn slow\"><img decoding=\"async\" width=\"960\" height=\"390\" data-id=\"3433\" src=\"https:\/\/www.campinglesviolettes.com\/wp-content\/uploads\/2025\/01\/474861998_1509587813020515_2529357923015574860_n.jpg\" alt=\"474861998 1509587813020515 2529357923015574860 n\" class=\"wp-image-3433\" srcset=\"https:\/\/www.campinglesviolettes.com\/wp-content\/uploads\/2025\/01\/474861998_1509587813020515_2529357923015574860_n.jpg 960w, https:\/\/www.campinglesviolettes.com\/wp-content\/uploads\/2025\/01\/474861998_1509587813020515_2529357923015574860_n-300x122.jpg 300w, https:\/\/www.campinglesviolettes.com\/wp-content\/uploads\/2025\/01\/474861998_1509587813020515_2529357923015574860_n-768x312.jpg 768w\" sizes=\"(max-width: 960px) 100vw, 960px\" \/><\/figure>\n<\/figure>\n\n\n\n<div id=\"ls-heading ls-titre-div-block_b3bfb2469b04f8596fe9149eff54367a\" class=\"ls-titre-div h2-like\" >\n    <span>Descubra nuestros servicios&#8230;<\/span><\/div>\n<\/div>\n\n\n\n<div class=\"wp-block-column is-vertically-aligned-center is-layout-flow wp-block-column-is-layout-flow\" style=\"flex-basis:40%\">\n<h2 class=\"ls__heading wp-block-heading no-animation\"><strong>La recepci\u00f3n del camping<\/strong><\/h2>\n\n\n\n<p class=\"ls-paragraph\">\u00a1Bienvenido al<a href=\"https:\/\/www.campinglesviolettes.com\/es\/\"> Camping Les Violettes! <\/a>Nuestro equipo estar\u00e1 encantado de recibirle del 1 de enero al 31 de diciembre. \u00bfDesea ponerse en contacto con nosotros antes de reservar su estancia? Nuestra recepci\u00f3n est\u00e1 abierta:<\/p>\n\n\n\n<ul class=\"ls-list ls-list-undefined wp-block-list\">\n<li>En temporada baja: <strong>9:00-12:00 | 14:00-18:00<\/strong><\/li>\n\n\n\n<li>En temporada media: <strong>9:00-12:00 | 14:00-19:00<\/strong><\/li>\n\n\n\n<li>En temporada alta (julio-agosto): <strong>8:30-21:00<\/strong><\/li>\n<\/ul>\n\n\n\n<p class=\"ls-paragraph\">Nuestro camping est\u00e1 situado en el coraz\u00f3n de Occitania y le ofrece magn\u00edficos alojamientos en un terreno de 2,7 hect\u00e1reas con abundante vegetaci\u00f3n.<br\/><br\/>Se admiten animales con un suplemento en las parcelas y en todos los alojamientos, excepto en las casas m\u00f3viles.<\/p>\n\n\n\n<h2 class=\"ls__heading wp-block-heading no-animation\"><strong>Gardiennage<\/strong><\/h2>\n\n\n\n<p class=\"ls-paragraph\">Disfrute de su estancia con total tranquilidad gracias a nuestro servicio de <strong>seguridad para veh\u00edculos.<\/strong> Tanto si viaja en coche, moto o autocaravana, nuestro camping ofrece una zona segura para garantizar la protecci\u00f3n de su veh\u00edculo durante sus vacaciones. <br\/><a href=\"https:\/\/www.campinglesviolettes.com\/contact-accesso\/\">P\u00f3ngase <\/a><strong>en contacto con nuestro camping<\/strong> ahora mismo para obtener m\u00e1s informaci\u00f3n sobre el servicio de vigilancia de veh\u00edculos.<\/p>\n\n\n\n<h2 class=\"ls__heading wp-block-heading no-animation\"><strong>La lavander\u00eda<\/strong><\/h2>\n\n\n\n<p class=\"ls-paragraph\">Para su comodidad, hay una <strong>lavander\u00eda con secadora<\/strong>, tabla de planchar y plancha, situada dentro del recinto del camping.\nLas m\u00e1quinas funcionan con fichas disponibles en recepci\u00f3n o con monedas. <\/p>\n<\/div>\n<\/div>\n\n\r\n    <\/div>\r\n<\/section>\n<div class=\"wp-block-columns are-vertically-aligned-center is-layout-flex wp-container-core-columns-is-layout-9d6595d7 wp-block-columns-is-layout-flex\">\n<div class=\"wp-block-column is-vertically-aligned-center is-layout-flow wp-block-column-is-layout-flow\" style=\"flex-basis:100%\"><section id=\"ls-section-block_9285c39d460381b752e499625c8dc079\" class=\"ls-section  home-fourth page-two has-background-image has-parallax\" >\r\n    <div class=\"ls-section__background-image opacity-100\"><img decoding=\"async\" src=\"https:\/\/www.campinglesviolettes.com\/wp-content\/uploads\/2025\/04\/IMG_4619-4-scaled.jpg\" alt=\"IMG 4619 (4)\"><\/div>    <div class=\"container \">\r\n        \n\n<h2 class=\"ls__heading wp-block-heading has-text-align-center no-animation\"><strong>Nuestra tienda de comestibles<\/strong><\/h2>\n\n\n\n<p class=\"ls-paragraph has-text-align-center\">Nuestra tienda de comestibles est\u00e1 abierta en el mismo horario que la recepci\u00f3n y ofrece<strong> productos de primera necesidad,<\/strong> <strong>productos regionales<\/strong> y <strong>recuerdos<\/strong>.<br\/>A 1 km del camping tambi\u00e9n hay un <strong>centro comercial<\/strong> y, a unos 4 km, el centro de <strong>Castanet-Tolosan<\/strong> (con todo tipo de comercios y servicios).<\/p>\n\n\r\n    <\/div>\r\n<\/section><\/div>\n<\/div>\n<section id=\"ls-section-block_3805e59aca48b3e1c2c1a12bf98d75c4\" class=\"ls-section  home-fifth page-three has-background has-color-3-background-color has-p-t p-t-15\" >\r\n        <div class=\"container container--wide\">\r\n        \n\n<div class=\"wp-block-columns are-vertically-aligned-center is-layout-flex wp-container-core-columns-is-layout-9d6595d7 wp-block-columns-is-layout-flex\">\n<div class=\"wp-block-column is-vertically-aligned-center is-layout-flow wp-block-column-is-layout-flow\" style=\"flex-basis:40%\">\n<h2 class=\"ls__heading wp-block-heading no-animation\"><strong>Espacio de relajaci\u00f3n<\/strong><\/h2>\n\n\n\n<p class=\"ls-paragraph\">\u00bfDesea descansar despu\u00e9s de un d\u00eda ajetreado? Nuestra zona de descanso est\u00e1 a su disposici\u00f3n las 24 horas del d\u00eda, los 7 d\u00edas de la semana<strong>, con nuestra sala de televisi\u00f3n y libros.<\/strong><\/p>\n\n\n\n<h2 class=\"ls__heading wp-block-heading no-animation\"><strong>disponibles en recepci\u00f3n<\/strong><\/h2>\n\n\n\n<p class=\"ls-paragraph\">Tanto si desea jugar un partido de ping-pong con su familia, una partida de petanca con sus amigos o simplemente necesita un <strong>accesorio <\/strong>pr\u00e1ctico para su d\u00eda a d\u00eda, en recepci\u00f3n encontrar\u00e1 material que puede tomar prestado. Para ello, solo tiene que presentar un documento de identidad o dejar un <strong>dep\u00f3sito<\/strong>, seg\u00fan el material que solicite. <\/p>\n\n\n\n<h2 class=\"ls__heading wp-block-heading no-animation\"><strong>in addition<\/strong><\/h2>\n\n\n\n<p class=\"ls-paragraph\">Para completar su <strong>comodidad <\/strong>durante su estancia, tambi\u00e9n ofrecemos varios servicios adicionales, disponibles en recepci\u00f3n. Puede alquilar un kit para beb\u00e9s, s\u00e1banas, toallas o incluso una nevera. <\/p>\n<\/div>\n\n\n\n<div class=\"wp-block-column is-vertically-aligned-center is-layout-flow wp-block-column-is-layout-flow\" style=\"flex-basis:60%\"><div class=\"wp-block-image violettes-piscine is-style-rounded\">\n<figure class=\"alignright size-full is-resized\"><a href=\"https:\/\/www.campinglesviolettes.com\/wp-content\/uploads\/2025\/01\/473317077_1314770802984677_4305938251711290467_n.jpg\"><img decoding=\"async\" width=\"526\" height=\"372\" src=\"https:\/\/www.campinglesviolettes.com\/wp-content\/uploads\/2025\/01\/473317077_1314770802984677_4305938251711290467_n.jpg\" alt=\"473317077 1314770802984677 4305938251711290467 n\" class=\"wp-image-3438\" style=\"object-fit:cover;width:500px;height:400px\" srcset=\"https:\/\/www.campinglesviolettes.com\/wp-content\/uploads\/2025\/01\/473317077_1314770802984677_4305938251711290467_n.jpg 526w, https:\/\/www.campinglesviolettes.com\/wp-content\/uploads\/2025\/01\/473317077_1314770802984677_4305938251711290467_n-300x212.jpg 300w\" sizes=\"(max-width: 526px) 100vw, 526px\" \/><\/a><\/figure>\n<\/div>\n\n<div class=\"wp-block-image violettes-piscine is-style-rounded\">\n<figure class=\"alignright size-full is-resized\"><a href=\"https:\/\/www.campinglesviolettes.com\/wp-content\/uploads\/2025\/04\/IMG_2944-scaled.jpg\"><img decoding=\"async\" width=\"1920\" height=\"2560\" src=\"https:\/\/www.campinglesviolettes.com\/wp-content\/uploads\/2025\/04\/IMG_2944-scaled.jpg\" alt=\"IMG 2944\" class=\"wp-image-3677\" style=\"object-fit:cover;width:500px;height:400px\" srcset=\"https:\/\/www.campinglesviolettes.com\/wp-content\/uploads\/2025\/04\/IMG_2944-scaled.jpg 1920w, https:\/\/www.campinglesviolettes.com\/wp-content\/uploads\/2025\/04\/IMG_2944-225x300.jpg 225w, https:\/\/www.campinglesviolettes.com\/wp-content\/uploads\/2025\/04\/IMG_2944-768x1024.jpg 768w, https:\/\/www.campinglesviolettes.com\/wp-content\/uploads\/2025\/04\/IMG_2944-1152x1536.jpg 1152w, https:\/\/www.campinglesviolettes.com\/wp-content\/uploads\/2025\/04\/IMG_2944-1536x2048.jpg 1536w\" sizes=\"(max-width: 1920px) 100vw, 1920px\" \/><\/a><\/figure>\n<\/div><\/div>\n<\/div>\n\n\n\n<div class=\"wp-block-columns are-vertically-aligned-center is-layout-flex wp-container-core-columns-is-layout-9d6595d7 wp-block-columns-is-layout-flex\">\n<div class=\"wp-block-column is-vertically-aligned-center is-layout-flow wp-block-column-is-layout-flow\" style=\"flex-basis:60%\">\n<figure class=\"wp-block-image size-full is-resized violettes-chaise-longue is-style-rounded animated bounce\"><a href=\"https:\/\/www.campinglesviolettes.com\/wp-content\/uploads\/2025\/01\/474822817_1169640620764312_2499993751486282464_n.jpg\"><img decoding=\"async\" width=\"600\" height=\"375\" src=\"https:\/\/www.campinglesviolettes.com\/wp-content\/uploads\/2025\/01\/474822817_1169640620764312_2499993751486282464_n.jpg\" alt=\"474822817 1169640620764312 2499993751486282464 n\" class=\"wp-image-3443\" style=\"width:1082px;height:auto\" srcset=\"https:\/\/www.campinglesviolettes.com\/wp-content\/uploads\/2025\/01\/474822817_1169640620764312_2499993751486282464_n.jpg 600w, https:\/\/www.campinglesviolettes.com\/wp-content\/uploads\/2025\/01\/474822817_1169640620764312_2499993751486282464_n-300x188.jpg 300w\" sizes=\"(max-width: 600px) 100vw, 600px\" \/><\/a><\/figure>\n<\/div>\n\n\n\n<div class=\"wp-block-column is-vertically-aligned-center paragraphe-service animated fadeInRight delay-200ms slow is-layout-flow wp-block-column-is-layout-flow\" style=\"flex-basis:40%\">\n<h2 class=\"ls__heading wp-block-heading no-animation\"><strong>pan y boller\u00eda<\/strong><\/h2>\n\n\n\n<p class=\"ls-paragraph\">Disfrute de un <strong>desayuno reci\u00e9n<\/strong> hecho reservando su pan y boller\u00eda, horneados en el establecimiento durante la temporada alta y media.<\/p>\n\n\n\n<h2 class=\"ls__heading wp-block-heading no-animation\"><strong>Wifi<\/strong><\/h2>\n\n\n\n<p class=\"ls-paragraph\">\u00bfQuiere seguir conectado durante toda su estancia? Le ofrecemos <strong>paquetes de wifi,<\/strong> que puede adquirir en la recepci\u00f3n de nuestro<a href=\"https:\/\/www.camping-lepessac.com\/camping-toulouse\/\" style=\"color: inherit;text-decoration: none;font-weight: 100;cursor: inherit;\"> camping cerca de Toulouse.<\/a><\/p>\n<\/div>\n<\/div>\n\n\r\n    <\/div>\r\n<\/section><section id=\"ls-section-block_73103ce11b7721c7d223ce94aea45621\" class=\"ls-section  page-cta has-m-t m-t-1 has-p-t p-t-3\" >\r\n        <div class=\"container container--wide\">\r\n        \n\n<div id=\"ls-heading ls-titre-div-block_0becc3a4595ae487fd17519ae91d1fb3\" class=\"ls-titre-div aligncenter h2-like\" >\n    Descubra nuestros otros servicios<\/div>\n\n\n<div id=\"ls-maillage-block_858a5cfb43f35e502b221619b5982e82\" class=\"ls-maillage cta-style-normal\" data-rows=\"3\">\r\n    <div class=\"wp-block-columns\"><div class=\"wp-block-column\"><div class=\"ls-cta\">\n\n<a href=\"https:\/\/www.campinglesviolettes.com\/es\/camping-piscina-toulouse\/\" target=\"\" rel=\"noopener\" class=\"ls-cta__link\">\n\n\t<div class=\"ls-cta__image\"><img decoding=\"async\" src=\"\" alt=\"\"><\/div>\n\t<div class=\"ls-cta__title\">\n\t\tZona acu\u00e1tica <i class='prigny-right-arrow'><\/i>\n\t<\/div>\n\n\t\t\n<\/a><\/div><\/div><div class=\"wp-block-column\"><div class=\"ls-cta\">\n\n<a href=\"https:\/\/www.campinglesviolettes.com\/es\/camping-animaciones-toulouse\/\" target=\"\" rel=\"noopener\" class=\"ls-cta__link\">\n\n\t<div class=\"ls-cta__image\"><img decoding=\"async\" src=\"https:\/\/www.campinglesviolettes.com\/wp-content\/uploads\/2023\/03\/activites-familiales-camping-les-violettes.webp\" alt=\"actividades familiares camping les violettes\"><\/div>\n\t<div class=\"ls-cta__title\">\n\t\tActividades y ocio <i class='prigny-right-arrow'><\/i>\n\t<\/div>\n\n\t\t\n<\/a><\/div><\/div><div class=\"wp-block-column\"><div class=\"ls-cta\">\n\n<a href=\"https:\/\/www.campinglesviolettes.com\/es\/camping-bicicleta-toulouse\/\" target=\"\" rel=\"noopener\" class=\"ls-cta__link\">\n\n\t<div class=\"ls-cta__image\"><img decoding=\"async\" src=\"https:\/\/www.campinglesviolettes.com\/wp-content\/uploads\/2023\/03\/camping-les-violettes-etape-cyclistes.webp\" alt=\"camping les violettes etape ciclistas\"><\/div>\n\t<div class=\"ls-cta__title\">\n\t\tACCUEIL v\u00e9lo <i class='prigny-right-arrow'><\/i>\n\t<\/div>\n\n\t\t\n<\/a><\/div><\/div><\/div><\/div>\n\r\n    <\/div>\r\n<\/section>","protected":false},"excerpt":{"rendered":"","protected":false},"author":1,"featured_media":3581,"parent":0,"menu_order":0,"comment_status":"closed","ping_status":"closed","template":"","meta":{"_acf_changed":false,"footnotes":""},"sujet":[],"class_list":["post-1951","page","type-page","status-publish","has-post-thumbnail","hentry"],"acf":[],"yoast_head":"<!-- This site is optimized with the Yoast SEO plugin v23.4 - https:\/\/yoast.com\/wordpress\/plugins\/seo\/ -->\n<title>Le ofrecemos paquetes de wifi, que puede adquirir en la recepci\u00f3n de nuestro camping cerca de Toulouse.<\/title>\n<meta name=\"description\" content=\"\u00a1Vacaciones en familia a un paso de Toulouse! Disfrute de un camping acogedor con piscina, juegos, animaci\u00f3n y naturaleza para grandes y peque\u00f1os.\" \/>\n<meta name=\"robots\" content=\"index, follow, max-snippet:-1, max-image-preview:large, max-video-preview:-1\" \/>\n<link rel=\"canonical\" href=\"https:\/\/www.campinglesviolettes.com\/es\/camping-familiar-toulouse\/\" \/>\n<meta property=\"og:locale\" content=\"es_ES\" \/>\n<meta property=\"og:type\" content=\"article\" \/>\n<meta property=\"og:title\" content=\"Le ofrecemos paquetes de wifi, que puede adquirir en la recepci\u00f3n de nuestro camping cerca de Toulouse.\" \/>\n<meta property=\"og:description\" content=\"\u00a1Vacaciones en familia a un paso de Toulouse! Disfrute de un camping acogedor con piscina, juegos, animaci\u00f3n y naturaleza para grandes y peque\u00f1os.\" \/>\n<meta property=\"og:url\" content=\"https:\/\/www.campinglesviolettes.com\/es\/camping-familiar-toulouse\/\" \/>\n<meta property=\"og:site_name\" content=\"Les Violettes\" \/>\n<meta property=\"article:modified_time\" content=\"2025-11-05T15:05:30+00:00\" \/>\n<meta property=\"og:image\" content=\"https:\/\/www.campinglesviolettes.com\/wp-content\/uploads\/2025\/04\/IMG_1378.jpg\" \/>\n\t<meta property=\"og:image:width\" content=\"1440\" \/>\n\t<meta property=\"og:image:height\" content=\"1080\" \/>\n\t<meta property=\"og:image:type\" content=\"image\/jpeg\" \/>\n<meta name=\"twitter:card\" content=\"summary_large_image\" \/>\n<meta name=\"twitter:label1\" content=\"Tiempo de lectura\" \/>\n\t<meta name=\"twitter:data1\" content=\"4 minutos\" \/>\n<script type=\"application\/ld+json\" class=\"yoast-schema-graph\">{\"@context\":\"https:\/\/schema.org\",\"@graph\":[{\"@type\":\"WebPage\",\"@id\":\"https:\/\/www.campinglesviolettes.com\/es\/camping-familiar-toulouse\/\",\"url\":\"https:\/\/www.campinglesviolettes.com\/es\/camping-familiar-toulouse\/\",\"name\":\"Le ofrecemos paquetes de wifi, que puede adquirir en la recepci\u00f3n de nuestro camping cerca de Toulouse.\",\"isPartOf\":{\"@id\":\"https:\/\/www.campinglesviolettes.com\/#website\"},\"primaryImageOfPage\":{\"@id\":\"https:\/\/www.campinglesviolettes.com\/es\/camping-familiar-toulouse\/#primaryimage\"},\"image\":{\"@id\":\"https:\/\/www.campinglesviolettes.com\/es\/camping-familiar-toulouse\/#primaryimage\"},\"thumbnailUrl\":\"https:\/\/www.campinglesviolettes.com\/wp-content\/uploads\/2025\/04\/IMG_1378.jpg\",\"datePublished\":\"2023-04-06T13:28:43+00:00\",\"dateModified\":\"2025-11-05T15:05:30+00:00\",\"description\":\"\u00a1Vacaciones en familia a un paso de Toulouse! Disfrute de un camping acogedor con piscina, juegos, animaci\u00f3n y naturaleza para grandes y peque\u00f1os.\",\"breadcrumb\":{\"@id\":\"https:\/\/www.campinglesviolettes.com\/es\/camping-familiar-toulouse\/#breadcrumb\"},\"inLanguage\":\"es\",\"potentialAction\":[{\"@type\":\"ReadAction\",\"target\":[\"https:\/\/www.campinglesviolettes.com\/es\/camping-familiar-toulouse\/\"]}]},{\"@type\":\"ImageObject\",\"inLanguage\":\"es\",\"@id\":\"https:\/\/www.campinglesviolettes.com\/es\/camping-familiar-toulouse\/#primaryimage\",\"url\":\"https:\/\/www.campinglesviolettes.com\/wp-content\/uploads\/2025\/04\/IMG_1378.jpg\",\"contentUrl\":\"https:\/\/www.campinglesviolettes.com\/wp-content\/uploads\/2025\/04\/IMG_1378.jpg\",\"width\":1440,\"height\":1080,\"caption\":\"IMG 1378\"},{\"@type\":\"BreadcrumbList\",\"@id\":\"https:\/\/www.campinglesviolettes.com\/es\/camping-familiar-toulouse\/#breadcrumb\",\"itemListElement\":[{\"@type\":\"ListItem\",\"position\":1,\"name\":\"Camping Occitanie\",\"item\":\"https:\/\/www.campinglesviolettes.com\/es\/\"},{\"@type\":\"ListItem\",\"position\":2,\"name\":\"Los servicios del camping\"}]},{\"@type\":\"WebSite\",\"@id\":\"https:\/\/www.campinglesviolettes.com\/#website\",\"url\":\"https:\/\/www.campinglesviolettes.com\/\",\"name\":\"Les Violettes\",\"description\":\"\",\"publisher\":{\"@id\":\"https:\/\/www.campinglesviolettes.com\/#organization\"},\"potentialAction\":[{\"@type\":\"SearchAction\",\"target\":{\"@type\":\"EntryPoint\",\"urlTemplate\":\"https:\/\/www.campinglesviolettes.com\/?s={search_term_string}\"},\"query-input\":{\"@type\":\"PropertyValueSpecification\",\"valueRequired\":true,\"valueName\":\"search_term_string\"}}],\"inLanguage\":\"es\"},{\"@type\":\"Organization\",\"@id\":\"https:\/\/www.campinglesviolettes.com\/#organization\",\"name\":\"Les Violettes\",\"url\":\"https:\/\/www.campinglesviolettes.com\/\",\"logo\":{\"@type\":\"ImageObject\",\"inLanguage\":\"es\",\"@id\":\"https:\/\/www.campinglesviolettes.com\/#\/schema\/logo\/image\/\",\"url\":\"https:\/\/www.campinglesviolettes.com\/wp-content\/uploads\/2023\/02\/logo-camping-les-violettes.png\",\"contentUrl\":\"https:\/\/www.campinglesviolettes.com\/wp-content\/uploads\/2023\/02\/logo-camping-les-violettes.png\",\"width\":250,\"height\":206,\"caption\":\"Les Violettes\"},\"image\":{\"@id\":\"https:\/\/www.campinglesviolettes.com\/#\/schema\/logo\/image\/\"}}]}<\/script>\n<!-- \/ Yoast SEO plugin. -->","yoast_head_json":{"title":"Le ofrecemos paquetes de wifi, que puede adquirir en la recepci\u00f3n de nuestro camping cerca de Toulouse.","description":"\u00a1Vacaciones en familia a un paso de Toulouse! Disfrute de un camping acogedor con piscina, juegos, animaci\u00f3n y naturaleza para grandes y peque\u00f1os.","robots":{"index":"index","follow":"follow","max-snippet":"max-snippet:-1","max-image-preview":"max-image-preview:large","max-video-preview":"max-video-preview:-1"},"canonical":"https:\/\/www.campinglesviolettes.com\/es\/camping-familiar-toulouse\/","og_locale":"es_ES","og_type":"article","og_title":"Le ofrecemos paquetes de wifi, que puede adquirir en la recepci\u00f3n de nuestro camping cerca de Toulouse.","og_description":"\u00a1Vacaciones en familia a un paso de Toulouse! Disfrute de un camping acogedor con piscina, juegos, animaci\u00f3n y naturaleza para grandes y peque\u00f1os.","og_url":"https:\/\/www.campinglesviolettes.com\/es\/camping-familiar-toulouse\/","og_site_name":"Les Violettes","article_modified_time":"2025-11-05T15:05:30+00:00","og_image":[{"width":1440,"height":1080,"url":"https:\/\/www.campinglesviolettes.com\/wp-content\/uploads\/2025\/04\/IMG_1378.jpg","type":"image\/jpeg"}],"twitter_card":"summary_large_image","twitter_misc":{"Tiempo de lectura":"4 minutos"},"schema":{"@context":"https:\/\/schema.org","@graph":[{"@type":"WebPage","@id":"https:\/\/www.campinglesviolettes.com\/es\/camping-familiar-toulouse\/","url":"https:\/\/www.campinglesviolettes.com\/es\/camping-familiar-toulouse\/","name":"Le ofrecemos paquetes de wifi, que puede adquirir en la recepci\u00f3n de nuestro camping cerca de Toulouse.","isPartOf":{"@id":"https:\/\/www.campinglesviolettes.com\/#website"},"primaryImageOfPage":{"@id":"https:\/\/www.campinglesviolettes.com\/es\/camping-familiar-toulouse\/#primaryimage"},"image":{"@id":"https:\/\/www.campinglesviolettes.com\/es\/camping-familiar-toulouse\/#primaryimage"},"thumbnailUrl":"https:\/\/www.campinglesviolettes.com\/wp-content\/uploads\/2025\/04\/IMG_1378.jpg","datePublished":"2023-04-06T13:28:43+00:00","dateModified":"2025-11-05T15:05:30+00:00","description":"\u00a1Vacaciones en familia a un paso de Toulouse! Disfrute de un camping acogedor con piscina, juegos, animaci\u00f3n y naturaleza para grandes y peque\u00f1os.","breadcrumb":{"@id":"https:\/\/www.campinglesviolettes.com\/es\/camping-familiar-toulouse\/#breadcrumb"},"inLanguage":"es","potentialAction":[{"@type":"ReadAction","target":["https:\/\/www.campinglesviolettes.com\/es\/camping-familiar-toulouse\/"]}]},{"@type":"ImageObject","inLanguage":"es","@id":"https:\/\/www.campinglesviolettes.com\/es\/camping-familiar-toulouse\/#primaryimage","url":"https:\/\/www.campinglesviolettes.com\/wp-content\/uploads\/2025\/04\/IMG_1378.jpg","contentUrl":"https:\/\/www.campinglesviolettes.com\/wp-content\/uploads\/2025\/04\/IMG_1378.jpg","width":1440,"height":1080,"caption":"IMG 1378"},{"@type":"BreadcrumbList","@id":"https:\/\/www.campinglesviolettes.com\/es\/camping-familiar-toulouse\/#breadcrumb","itemListElement":[{"@type":"ListItem","position":1,"name":"Camping Occitanie","item":"https:\/\/www.campinglesviolettes.com\/es\/"},{"@type":"ListItem","position":2,"name":"Los servicios del camping"}]},{"@type":"WebSite","@id":"https:\/\/www.campinglesviolettes.com\/#website","url":"https:\/\/www.campinglesviolettes.com\/","name":"Les Violettes","description":"","publisher":{"@id":"https:\/\/www.campinglesviolettes.com\/#organization"},"potentialAction":[{"@type":"SearchAction","target":{"@type":"EntryPoint","urlTemplate":"https:\/\/www.campinglesviolettes.com\/?s={search_term_string}"},"query-input":{"@type":"PropertyValueSpecification","valueRequired":true,"valueName":"search_term_string"}}],"inLanguage":"es"},{"@type":"Organization","@id":"https:\/\/www.campinglesviolettes.com\/#organization","name":"Les Violettes","url":"https:\/\/www.campinglesviolettes.com\/","logo":{"@type":"ImageObject","inLanguage":"es","@id":"https:\/\/www.campinglesviolettes.com\/#\/schema\/logo\/image\/","url":"https:\/\/www.campinglesviolettes.com\/wp-content\/uploads\/2023\/02\/logo-camping-les-violettes.png","contentUrl":"https:\/\/www.campinglesviolettes.com\/wp-content\/uploads\/2023\/02\/logo-camping-les-violettes.png","width":250,"height":206,"caption":"Les Violettes"},"image":{"@id":"https:\/\/www.campinglesviolettes.com\/#\/schema\/logo\/image\/"}}]}},"_links":{"self":[{"href":"https:\/\/www.campinglesviolettes.com\/es\/wp-json\/wp\/v2\/pages\/1951","targetHints":{"allow":["GET"]}}],"collection":[{"href":"https:\/\/www.campinglesviolettes.com\/es\/wp-json\/wp\/v2\/pages"}],"about":[{"href":"https:\/\/www.campinglesviolettes.com\/es\/wp-json\/wp\/v2\/types\/page"}],"author":[{"embeddable":true,"href":"https:\/\/www.campinglesviolettes.com\/es\/wp-json\/wp\/v2\/users\/1"}],"replies":[{"embeddable":true,"href":"https:\/\/www.campinglesviolettes.com\/es\/wp-json\/wp\/v2\/comments?post=1951"}],"version-history":[{"count":19,"href":"https:\/\/www.campinglesviolettes.com\/es\/wp-json\/wp\/v2\/pages\/1951\/revisions"}],"predecessor-version":[{"id":5486,"href":"https:\/\/www.campinglesviolettes.com\/es\/wp-json\/wp\/v2\/pages\/1951\/revisions\/5486"}],"wp:featuredmedia":[{"embeddable":true,"href":"https:\/\/www.campinglesviolettes.com\/es\/wp-json\/wp\/v2\/media\/3581"}],"wp:attachment":[{"href":"https:\/\/www.campinglesviolettes.com\/es\/wp-json\/wp\/v2\/media?parent=1951"}],"wp:term":[{"taxonomy":"sujet","embeddable":true,"href":"https:\/\/www.campinglesviolettes.com\/es\/wp-json\/wp\/v2\/sujet?post=1951"}],"curies":[{"name":"wp","href":"https:\/\/api.w.org\/{rel}","templated":true}]}}