{"id":1935,"date":"2023-04-06T15:28:40","date_gmt":"2023-04-06T13:28:40","guid":{"rendered":"https:\/\/www.campinglesviolettes.com\/turismo-canal-midi\/"},"modified":"2023-04-19T11:43:11","modified_gmt":"2023-04-19T09:43:11","slug":"turismo-canal-midi","status":"publish","type":"page","link":"https:\/\/www.campinglesviolettes.com\/es\/turismo-canal-midi\/","title":{"rendered":"El Canal du Midi"},"content":{"rendered":"<section id=\"ls-section-block_16b1236228d1b4ad7dd56ca77beae550\" class=\"ls-section  home-seventh page-one\" >\r\n        <div class=\"container container--wide\">\r\n        \n\n<h1 class=\"ls__heading wp-block-heading has-text-align-center\">El Canal du Midi, el canal de navegaci\u00f3n m\u00e1s antiguo en funcionamiento<\/h1>\n\n\n\n<div class=\"wp-block-columns are-vertically-aligned-center is-layout-flex wp-container-core-columns-is-layout-9d6595d7 wp-block-columns-is-layout-flex\">\n<div class=\"wp-block-column is-vertically-aligned-center is-layout-flow wp-block-column-is-layout-flow\" style=\"flex-basis:60%\">\n<figure class=\"wp-block-gallery has-nested-images columns-2 is-cropped violettes-slider wp-block-gallery-1 is-layout-flex wp-block-gallery-is-layout-flex\">\n<figure class=\"wp-block-image size-full animated fadeIn slow\"><a href=\"https:\/\/www.campinglesviolettes.com\/wp-content\/uploads\/2023\/03\/balade-canal-du-midi.webp\"><img decoding=\"async\" width=\"1000\" height=\"666\" data-id=\"1233\" src=\"https:\/\/www.campinglesviolettes.com\/wp-content\/uploads\/2023\/03\/balade-canal-du-midi.webp\" alt=\"circuito del canal del midi\" class=\"wp-image-1233\" srcset=\"https:\/\/www.campinglesviolettes.com\/wp-content\/uploads\/2023\/03\/balade-canal-du-midi.webp 1000w, https:\/\/www.campinglesviolettes.com\/wp-content\/uploads\/2023\/03\/balade-canal-du-midi-300x200.webp 300w, https:\/\/www.campinglesviolettes.com\/wp-content\/uploads\/2023\/03\/balade-canal-du-midi-768x511.webp 768w\" sizes=\"(max-width: 1000px) 100vw, 1000px\" \/><\/a><\/figure>\n\n\n\n<figure class=\"wp-block-image size-full animated fadeIn delay-100ms slow\"><a href=\"https:\/\/www.campinglesviolettes.com\/wp-content\/uploads\/2023\/03\/barage-du-canal-du-midi.webp\"><img decoding=\"async\" width=\"1000\" height=\"666\" data-id=\"1239\" src=\"https:\/\/www.campinglesviolettes.com\/wp-content\/uploads\/2023\/03\/barage-du-canal-du-midi.webp\" alt=\"barage du canal du midi\" class=\"wp-image-1239\" srcset=\"https:\/\/www.campinglesviolettes.com\/wp-content\/uploads\/2023\/03\/barage-du-canal-du-midi.webp 1000w, https:\/\/www.campinglesviolettes.com\/wp-content\/uploads\/2023\/03\/barage-du-canal-du-midi-300x200.webp 300w, https:\/\/www.campinglesviolettes.com\/wp-content\/uploads\/2023\/03\/barage-du-canal-du-midi-768x511.webp 768w\" sizes=\"(max-width: 1000px) 100vw, 1000px\" \/><\/a><\/figure>\n\n\n\n<figure class=\"wp-block-image size-full animated fadeIn delay-200ms slow\"><a href=\"https:\/\/www.campinglesviolettes.com\/wp-content\/uploads\/2023\/03\/balade-le-long-du-canal.webp\"><img decoding=\"async\" width=\"1000\" height=\"666\" data-id=\"1254\" src=\"https:\/\/www.campinglesviolettes.com\/wp-content\/uploads\/2023\/03\/balade-le-long-du-canal.webp\" alt=\"paseo por el canal\" class=\"wp-image-1254\" srcset=\"https:\/\/www.campinglesviolettes.com\/wp-content\/uploads\/2023\/03\/balade-le-long-du-canal.webp 1000w, https:\/\/www.campinglesviolettes.com\/wp-content\/uploads\/2023\/03\/balade-le-long-du-canal-300x200.webp 300w, https:\/\/www.campinglesviolettes.com\/wp-content\/uploads\/2023\/03\/balade-le-long-du-canal-768x511.webp 768w\" sizes=\"(max-width: 1000px) 100vw, 1000px\" \/><\/a><\/figure>\n<\/figure>\n\n\n\n<div id=\"ls-heading ls-titre-div-block_674879aa5a9449064b7667e9dadfd9e7\" class=\"ls-titre-div h2-like\" >\n    <span>Descubrir el Canal du Midi<\/span><\/div>\n<\/div>\n\n\n\n<div class=\"wp-block-column is-vertically-aligned-center animated fadeInRight delay-100ms slow is-layout-flow wp-block-column-is-layout-flow\" style=\"flex-basis:40%\">\n<h2 class=\"ls__heading wp-block-heading\">Una historia \u00fanica<\/h2>\n\n\n\n<p class=\"ls-paragraph\">La historia del <a href=\"https:\/\/www.canalmidi.com\/\" target=\"_blank\" rel=\"noreferrer noopener\">Canal du Midi<\/a> se remonta a 1666, cuando el rey firm\u00f3 el Edicto de Saint-Germain, autorizando la construcci\u00f3n del canal. Las obras se encargaron a Riquet y, despu\u00e9s de que miles de trabajadores las excavaran con palas y picos, el canal se inaugur\u00f3 en 1681.  <\/p>\n\n\n\n<p class=\"ls-paragraph\">Con 242 km de longitud y <strong>uniendo Toulouse con<\/strong> el Mediterr\u00e1neo, podr\u00e1 pasear y disfrutar de sus bellos paisajes. Se pueden alquilar barcas el\u00e9ctricas y barcas sin licencia para disfrutar del canal durante unas horas. A los m\u00e1s deportistas les esperan <strong>magn\u00edficos paseos en bicicleta<\/strong>.<\/p>\n\n\n\n<h2 class=\"ls__heading wp-block-heading has-text-align-left\">Paseo en bicicleta por el Canal du Midi<\/h2>\n\n\n\n<p class=\"ls-paragraph has-text-align-left\">El carril bici construido y dise\u00f1ado para los amantes del ciclismo puede llevarle <strong>desde Toulouse hasta Port-Lauragais<\/strong>, el punto m\u00e1s alto del canal. Despu\u00e9s, podr\u00e1 descubrir el lago de Saint-Ferr\u00e9ol, que sirve de embalse al canal, y disfrutar de numerosas actividades in situ.<\/p>\n<\/div>\n<\/div>\n\n\r\n    <\/div>\r\n<\/section><section id=\"ls-section-block_461a53e7f77147b7c4c1d686976aa192\" class=\"ls-section  home-fourth page-two has-background-image has-parallax\" >\r\n    <div class=\"ls-section__background-image opacity-100\"><img decoding=\"async\" src=\"https:\/\/www.campinglesviolettes.com\/wp-content\/uploads\/2023\/03\/croisiere-sur-le-canal-du-midi.webp\" alt=\"crucero por el canal du midi\"><\/div>    <div class=\"container \">\r\n        \n\n<h2 class=\"ls__heading wp-block-heading has-text-align-center\">Crucero por el Canal du Midi<\/h2>\n\n\n\n<p class=\"ls-paragraph has-text-align-center\">No hay nada como sumergirse en el mundo del Canal du Midi haciendo un peque\u00f1o crucero. Muchas empresas le dan la bienvenida a bordo de barcazas tradicionales para realizar <strong>viajes \u00fanicos e hist\u00f3ricos<\/strong>. Elija la mejor opci\u00f3n y pase una hermosa tarde descubriendo de cerca esta joya. <\/p>\n\n\r\n    <\/div>\r\n<\/section><section id=\"ls-section-block_83050393d7cb13e1f96c32c1a64322d1\" class=\"ls-section  home-fifth page-three has-background has-color-3-background-color has-p-t p-t-15\" >\r\n        <div class=\"container container--wide\">\r\n        \n\n<div class=\"wp-block-columns are-vertically-aligned-center animated fadeInLeft slower is-layout-flex wp-container-core-columns-is-layout-9d6595d7 wp-block-columns-is-layout-flex\">\n<div class=\"wp-block-column is-vertically-aligned-center is-layout-flow wp-block-column-is-layout-flow\" style=\"flex-basis:40%\">\n<h2 class=\"ls__heading wp-block-heading\">Camping cerca del Canal du Midi<\/h2>\n\n\n\n<p class=\"ls-paragraph\">Nuestro <a href=\"https:\/\/www.campinglesviolettes.com\/es\/\">camping de 3 estrellas cerca de Toulouse<\/a> es ideal para visitar el Canal du Midi y disfrutar de las actividades que ofrece. Estamos situados a s\u00f3lo <strong>800 m del Canal du Midi<\/strong>.  <\/p>\n\n\n\n<p class=\"ls-paragraph\">Descubra su historia, pasee en bicicleta, a pie o en barco y disfrute de su hermosa naturaleza durante sus pr\u00f3ximas vacaciones aloj\u00e1ndose en nuestro <strong>camping cerca del Canal du Midi<\/strong>.<\/p>\n<\/div>\n\n\n\n<div class=\"wp-block-column is-vertically-aligned-center is-layout-flow wp-block-column-is-layout-flow\" style=\"flex-basis:60%\">\n<figure class=\"wp-block-image size-full violettes-piscine\"><a href=\"https:\/\/www.campinglesviolettes.com\/wp-content\/uploads\/2023\/03\/canal-du-midi-proche-du-camping-les-violettes.webp\"><img decoding=\"async\" width=\"1000\" height=\"666\" src=\"https:\/\/www.campinglesviolettes.com\/wp-content\/uploads\/2023\/03\/canal-du-midi-proche-du-camping-les-violettes.webp\" alt=\"canal du midi cerca del camping les violettes\" class=\"wp-image-1257\" srcset=\"https:\/\/www.campinglesviolettes.com\/wp-content\/uploads\/2023\/03\/canal-du-midi-proche-du-camping-les-violettes.webp 1000w, https:\/\/www.campinglesviolettes.com\/wp-content\/uploads\/2023\/03\/canal-du-midi-proche-du-camping-les-violettes-300x200.webp 300w, https:\/\/www.campinglesviolettes.com\/wp-content\/uploads\/2023\/03\/canal-du-midi-proche-du-camping-les-violettes-768x511.webp 768w\" sizes=\"(max-width: 1000px) 100vw, 1000px\" \/><\/a><\/figure>\n<\/div>\n<\/div>\n\n\r\n    <\/div>\r\n<\/section><section id=\"ls-section-block_8be3311b8892a3932eb8deaa36485dc2\" class=\"ls-section  page-cta has-m-t m-t-1 has-p-t p-t-3\" >\r\n        <div class=\"container container--wide\">\r\n        \n\n<div id=\"ls-heading ls-titre-div-block_63e9ebfee35ed3bc825079e2c23280ba\" class=\"ls-titre-div aligncenter h2-like\" >\n    Descubra los alrededores<\/div>\n\n\n<div id=\"ls-maillage-block_80894a1a85ab6579d698b42001a1940c\" class=\"ls-maillage cta-style-normal\" data-rows=\"3\">\r\n    <div class=\"wp-block-columns\"><div class=\"wp-block-column\"><div class=\"ls-cta\">\n\n<a href=\"https:\/\/www.campinglesviolettes.com\/es\/turismo-occitania\/\" target=\"\" rel=\"noopener\" class=\"ls-cta__link\">\n\n\t<div class=\"ls-cta__image\"><img decoding=\"async\" src=\"https:\/\/www.campinglesviolettes.com\/wp-content\/uploads\/2023\/03\/decouvrir-la-region-camping-les-violettes.webp\" alt=\"descubra la region camping les violettes\"><\/div>\n\t<div class=\"ls-cta__title\">\n\t\tel pa\u00eds del lauragais <i class='prigny-right-arrow'><\/i>\n\t<\/div>\n\n\t\t\n<\/a><\/div><\/div><div class=\"wp-block-column\"><div class=\"ls-cta\">\n\n<a href=\"https:\/\/www.campinglesviolettes.com\/es\/turismo-carcassonne\/\" target=\"\" rel=\"noopener\" class=\"ls-cta__link\">\n\n\t<div class=\"ls-cta__image\"><img decoding=\"async\" src=\"https:\/\/www.campinglesviolettes.com\/wp-content\/uploads\/2023\/03\/visiter-la-cite-de-carcassonne.webp\" alt=\"visita de la ciudad de carcasona\"><\/div>\n\t<div class=\"ls-cta__title\">\n\t\tCarcasonne <i class='prigny-right-arrow'><\/i>\n\t<\/div>\n\n\t\t\n<\/a><\/div><\/div><div class=\"wp-block-column\"><div class=\"ls-cta\">\n\n<a href=\"https:\/\/www.campinglesviolettes.com\/es\/turismo-albi\/\" target=\"\" rel=\"noopener\" class=\"ls-cta__link\">\n\n\t<div class=\"ls-cta__image\"><img decoding=\"async\" src=\"https:\/\/www.campinglesviolettes.com\/wp-content\/uploads\/2023\/03\/albi-proche-camping-les-violettes.webp\" alt=\"albi cerca del camping les violettes\"><\/div>\n\t<div class=\"ls-cta__title\">\n\t\tAlbi <i class='prigny-right-arrow'><\/i>\n\t<\/div>\n\n\t\t\n<\/a><\/div><\/div><\/div><\/div>\n\r\n    <\/div>\r\n<\/section>","protected":false},"excerpt":{"rendered":"","protected":false},"author":1,"featured_media":1247,"parent":0,"menu_order":0,"comment_status":"closed","ping_status":"closed","template":"","meta":{"_acf_changed":false,"footnotes":""},"sujet":[],"class_list":["post-1935","page","type-page","status-publish","has-post-thumbnail","hentry"],"acf":[],"yoast_head":"<!-- This site is optimized with the Yoast SEO plugin v23.4 - https:\/\/yoast.com\/wordpress\/plugins\/seo\/ -->\n<title>Descubrir el canal du midi | Paseos en barco por el canal du midi<\/title>\n<meta name=\"robots\" content=\"index, follow, max-snippet:-1, max-image-preview:large, max-video-preview:-1\" \/>\n<link rel=\"canonical\" href=\"https:\/\/www.campinglesviolettes.com\/es\/turismo-canal-midi\/\" \/>\n<meta property=\"og:locale\" content=\"es_ES\" \/>\n<meta property=\"og:type\" content=\"article\" \/>\n<meta property=\"og:title\" content=\"Descubrir el canal du midi | Paseos en barco por el canal du midi\" \/>\n<meta property=\"og:url\" content=\"https:\/\/www.campinglesviolettes.com\/es\/turismo-canal-midi\/\" \/>\n<meta property=\"og:site_name\" content=\"Les Violettes\" \/>\n<meta property=\"article:modified_time\" content=\"2023-04-19T09:43:11+00:00\" \/>\n<meta property=\"og:image\" content=\"https:\/\/www.campinglesviolettes.com\/wp-content\/uploads\/2023\/03\/canal-du-midi.webp\" \/>\n\t<meta property=\"og:image:width\" content=\"1920\" \/>\n\t<meta property=\"og:image:height\" content=\"520\" \/>\n\t<meta property=\"og:image:type\" content=\"image\/webp\" \/>\n<meta name=\"twitter:card\" content=\"summary_large_image\" \/>\n<meta name=\"twitter:label1\" content=\"Tiempo de lectura\" \/>\n\t<meta name=\"twitter:data1\" content=\"1 minuto\" \/>\n<script type=\"application\/ld+json\" class=\"yoast-schema-graph\">{\"@context\":\"https:\/\/schema.org\",\"@graph\":[{\"@type\":\"WebPage\",\"@id\":\"https:\/\/www.campinglesviolettes.com\/es\/turismo-canal-midi\/\",\"url\":\"https:\/\/www.campinglesviolettes.com\/es\/turismo-canal-midi\/\",\"name\":\"Descubrir el canal du midi | Paseos en barco por el canal du midi\",\"isPartOf\":{\"@id\":\"https:\/\/www.campinglesviolettes.com\/#website\"},\"primaryImageOfPage\":{\"@id\":\"https:\/\/www.campinglesviolettes.com\/es\/turismo-canal-midi\/#primaryimage\"},\"image\":{\"@id\":\"https:\/\/www.campinglesviolettes.com\/es\/turismo-canal-midi\/#primaryimage\"},\"thumbnailUrl\":\"https:\/\/www.campinglesviolettes.com\/wp-content\/uploads\/2023\/03\/canal-du-midi.webp\",\"datePublished\":\"2023-04-06T13:28:40+00:00\",\"dateModified\":\"2023-04-19T09:43:11+00:00\",\"breadcrumb\":{\"@id\":\"https:\/\/www.campinglesviolettes.com\/es\/turismo-canal-midi\/#breadcrumb\"},\"inLanguage\":\"es\",\"potentialAction\":[{\"@type\":\"ReadAction\",\"target\":[\"https:\/\/www.campinglesviolettes.com\/es\/turismo-canal-midi\/\"]}]},{\"@type\":\"ImageObject\",\"inLanguage\":\"es\",\"@id\":\"https:\/\/www.campinglesviolettes.com\/es\/turismo-canal-midi\/#primaryimage\",\"url\":\"https:\/\/www.campinglesviolettes.com\/wp-content\/uploads\/2023\/03\/canal-du-midi.webp\",\"contentUrl\":\"https:\/\/www.campinglesviolettes.com\/wp-content\/uploads\/2023\/03\/canal-du-midi.webp\",\"width\":1920,\"height\":520,\"caption\":\"canal du midi\"},{\"@type\":\"BreadcrumbList\",\"@id\":\"https:\/\/www.campinglesviolettes.com\/es\/turismo-canal-midi\/#breadcrumb\",\"itemListElement\":[{\"@type\":\"ListItem\",\"position\":1,\"name\":\"Camping Occitanie\",\"item\":\"https:\/\/www.campinglesviolettes.com\/es\/\"},{\"@type\":\"ListItem\",\"position\":2,\"name\":\"Descubrir el Canal du Midi\"}]},{\"@type\":\"WebSite\",\"@id\":\"https:\/\/www.campinglesviolettes.com\/#website\",\"url\":\"https:\/\/www.campinglesviolettes.com\/\",\"name\":\"Les Violettes\",\"description\":\"\",\"publisher\":{\"@id\":\"https:\/\/www.campinglesviolettes.com\/#organization\"},\"potentialAction\":[{\"@type\":\"SearchAction\",\"target\":{\"@type\":\"EntryPoint\",\"urlTemplate\":\"https:\/\/www.campinglesviolettes.com\/?s={search_term_string}\"},\"query-input\":{\"@type\":\"PropertyValueSpecification\",\"valueRequired\":true,\"valueName\":\"search_term_string\"}}],\"inLanguage\":\"es\"},{\"@type\":\"Organization\",\"@id\":\"https:\/\/www.campinglesviolettes.com\/#organization\",\"name\":\"Les Violettes\",\"url\":\"https:\/\/www.campinglesviolettes.com\/\",\"logo\":{\"@type\":\"ImageObject\",\"inLanguage\":\"es\",\"@id\":\"https:\/\/www.campinglesviolettes.com\/#\/schema\/logo\/image\/\",\"url\":\"https:\/\/www.campinglesviolettes.com\/wp-content\/uploads\/2023\/02\/logo-camping-les-violettes.png\",\"contentUrl\":\"https:\/\/www.campinglesviolettes.com\/wp-content\/uploads\/2023\/02\/logo-camping-les-violettes.png\",\"width\":250,\"height\":206,\"caption\":\"Les Violettes\"},\"image\":{\"@id\":\"https:\/\/www.campinglesviolettes.com\/#\/schema\/logo\/image\/\"}}]}<\/script>\n<!-- \/ Yoast SEO plugin. -->","yoast_head_json":{"title":"Descubrir el canal du midi | Paseos en barco por el canal du midi","robots":{"index":"index","follow":"follow","max-snippet":"max-snippet:-1","max-image-preview":"max-image-preview:large","max-video-preview":"max-video-preview:-1"},"canonical":"https:\/\/www.campinglesviolettes.com\/es\/turismo-canal-midi\/","og_locale":"es_ES","og_type":"article","og_title":"Descubrir el canal du midi | Paseos en barco por el canal du midi","og_url":"https:\/\/www.campinglesviolettes.com\/es\/turismo-canal-midi\/","og_site_name":"Les Violettes","article_modified_time":"2023-04-19T09:43:11+00:00","og_image":[{"width":1920,"height":520,"url":"https:\/\/www.campinglesviolettes.com\/wp-content\/uploads\/2023\/03\/canal-du-midi.webp","type":"image\/webp"}],"twitter_card":"summary_large_image","twitter_misc":{"Tiempo de lectura":"1 minuto"},"schema":{"@context":"https:\/\/schema.org","@graph":[{"@type":"WebPage","@id":"https:\/\/www.campinglesviolettes.com\/es\/turismo-canal-midi\/","url":"https:\/\/www.campinglesviolettes.com\/es\/turismo-canal-midi\/","name":"Descubrir el canal du midi | Paseos en barco por el canal du midi","isPartOf":{"@id":"https:\/\/www.campinglesviolettes.com\/#website"},"primaryImageOfPage":{"@id":"https:\/\/www.campinglesviolettes.com\/es\/turismo-canal-midi\/#primaryimage"},"image":{"@id":"https:\/\/www.campinglesviolettes.com\/es\/turismo-canal-midi\/#primaryimage"},"thumbnailUrl":"https:\/\/www.campinglesviolettes.com\/wp-content\/uploads\/2023\/03\/canal-du-midi.webp","datePublished":"2023-04-06T13:28:40+00:00","dateModified":"2023-04-19T09:43:11+00:00","breadcrumb":{"@id":"https:\/\/www.campinglesviolettes.com\/es\/turismo-canal-midi\/#breadcrumb"},"inLanguage":"es","potentialAction":[{"@type":"ReadAction","target":["https:\/\/www.campinglesviolettes.com\/es\/turismo-canal-midi\/"]}]},{"@type":"ImageObject","inLanguage":"es","@id":"https:\/\/www.campinglesviolettes.com\/es\/turismo-canal-midi\/#primaryimage","url":"https:\/\/www.campinglesviolettes.com\/wp-content\/uploads\/2023\/03\/canal-du-midi.webp","contentUrl":"https:\/\/www.campinglesviolettes.com\/wp-content\/uploads\/2023\/03\/canal-du-midi.webp","width":1920,"height":520,"caption":"canal du midi"},{"@type":"BreadcrumbList","@id":"https:\/\/www.campinglesviolettes.com\/es\/turismo-canal-midi\/#breadcrumb","itemListElement":[{"@type":"ListItem","position":1,"name":"Camping Occitanie","item":"https:\/\/www.campinglesviolettes.com\/es\/"},{"@type":"ListItem","position":2,"name":"Descubrir el Canal du Midi"}]},{"@type":"WebSite","@id":"https:\/\/www.campinglesviolettes.com\/#website","url":"https:\/\/www.campinglesviolettes.com\/","name":"Les Violettes","description":"","publisher":{"@id":"https:\/\/www.campinglesviolettes.com\/#organization"},"potentialAction":[{"@type":"SearchAction","target":{"@type":"EntryPoint","urlTemplate":"https:\/\/www.campinglesviolettes.com\/?s={search_term_string}"},"query-input":{"@type":"PropertyValueSpecification","valueRequired":true,"valueName":"search_term_string"}}],"inLanguage":"es"},{"@type":"Organization","@id":"https:\/\/www.campinglesviolettes.com\/#organization","name":"Les Violettes","url":"https:\/\/www.campinglesviolettes.com\/","logo":{"@type":"ImageObject","inLanguage":"es","@id":"https:\/\/www.campinglesviolettes.com\/#\/schema\/logo\/image\/","url":"https:\/\/www.campinglesviolettes.com\/wp-content\/uploads\/2023\/02\/logo-camping-les-violettes.png","contentUrl":"https:\/\/www.campinglesviolettes.com\/wp-content\/uploads\/2023\/02\/logo-camping-les-violettes.png","width":250,"height":206,"caption":"Les Violettes"},"image":{"@id":"https:\/\/www.campinglesviolettes.com\/#\/schema\/logo\/image\/"}}]}},"_links":{"self":[{"href":"https:\/\/www.campinglesviolettes.com\/es\/wp-json\/wp\/v2\/pages\/1935","targetHints":{"allow":["GET"]}}],"collection":[{"href":"https:\/\/www.campinglesviolettes.com\/es\/wp-json\/wp\/v2\/pages"}],"about":[{"href":"https:\/\/www.campinglesviolettes.com\/es\/wp-json\/wp\/v2\/types\/page"}],"author":[{"embeddable":true,"href":"https:\/\/www.campinglesviolettes.com\/es\/wp-json\/wp\/v2\/users\/1"}],"replies":[{"embeddable":true,"href":"https:\/\/www.campinglesviolettes.com\/es\/wp-json\/wp\/v2\/comments?post=1935"}],"version-history":[{"count":5,"href":"https:\/\/www.campinglesviolettes.com\/es\/wp-json\/wp\/v2\/pages\/1935\/revisions"}],"predecessor-version":[{"id":2166,"href":"https:\/\/www.campinglesviolettes.com\/es\/wp-json\/wp\/v2\/pages\/1935\/revisions\/2166"}],"wp:featuredmedia":[{"embeddable":true,"href":"https:\/\/www.campinglesviolettes.com\/es\/wp-json\/wp\/v2\/media\/1247"}],"wp:attachment":[{"href":"https:\/\/www.campinglesviolettes.com\/es\/wp-json\/wp\/v2\/media?parent=1935"}],"wp:term":[{"taxonomy":"sujet","embeddable":true,"href":"https:\/\/www.campinglesviolettes.com\/es\/wp-json\/wp\/v2\/sujet?post=1935"}],"curies":[{"name":"wp","href":"https:\/\/api.w.org\/{rel}","templated":true}]}}