{"id":1918,"date":"2023-04-06T15:28:23","date_gmt":"2023-04-06T13:28:23","guid":{"rendered":"https:\/\/www.campinglesviolettes.com\/camping-pas-cher-toulouse\/"},"modified":"2025-10-11T11:52:22","modified_gmt":"2025-10-11T09:52:22","slug":"camping-barato-toulouse","status":"publish","type":"page","link":"https:\/\/www.campinglesviolettes.com\/es\/camping-barato-toulouse\/","title":{"rendered":"Tarifas"},"content":{"rendered":"<section id=\"ls-section-block_272e42b9ee8c664624a75ec4ec19649f\" class=\"ls-section  block-heb has-m-b m-b-0 has-p-b p-b-0\" >\r\n        <div class=\"container container--wide\">\r\n        \n\n<h1 class=\"ls__heading wp-block-heading has-text-align-center h1-heb\">Camping econ\u00f3mico en Haute-Garonne, a pocos pasos de Toulouse<\/h1>\n\n\r\n    <\/div>\r\n<\/section><section id=\"ls-section-block_5225e6945ba36da51612a64489916a7b\" class=\"ls-section  block-heb\" >\r\n        <div class=\"container \">\r\n        \n\n<script>\n    window.ctoutvert = {\n\t\tid: 4032, \n\t\tlang: 'auto', \n\t\turl: 'https:\/\/bookingpremium.secureholiday.net\/widgets\/'\n    };\n\n    (function (w, d, s, ctv, r, js, fjs) {\n        r=new XMLHttpRequest();r.open('GET',w[ctv].url+'js\/src.json');\n        r.responseType='json';r.json=true;r.send();\n        r.onload=function(){w[ctv].src=r.responseType=='json'?r.response:JSON.parse(r.response);\n        js.src=w[ctv].src[0];fjs.parentNode.insertBefore(js, fjs);}\n        js=d.createElement(s),fjs=d.getElementsByTagName(s)[0];\n        js.id='ctvwidget';js.async=1;\n    }(window, document, 'script', 'ctoutvert'));\n<\/script>\n<ctv-availability data-background-color=\"#FFFFFFFF\"><\/ctv-availability>\n\n\r\n    <\/div>\r\n<\/section><section id=\"ls-section-block_0b47b84c8501441e6dafd76c2eb78c1d\" class=\"ls-section  has-background has-color-3-background-color has-m-t m-t-0 has-p-t p-t-10 has-p-b p-b-10\" >\r\n        <div class=\"container container--wide\">\r\n        \n\n<div class=\"wp-block-columns is-layout-flex wp-container-core-columns-is-layout-9d6595d7 wp-block-columns-is-layout-flex\">\n<div class=\"wp-block-column is-layout-flow wp-block-column-is-layout-flow\">\n<h2 class=\"ls__heading wp-block-heading\"><strong>Nuestros alojamientos con la mejor relaci\u00f3n calidad-precio<\/strong><\/h2>\n\n\n\n<p class=\"ls-paragraph\">\u00bfBusca un camping barato para sus pr\u00f3ximas vacaciones? <a href=\"https:\/\/www.campinglesviolettes.com\/es\/\">En el camping 3 estrellas Les Violettes<\/a> le ofrecemos las tarifas m\u00e1s atractivas posibles, para que disfrute de unas vacaciones de ensue\u00f1o sin arruinarse. Si busca el camping con la mejor relaci\u00f3n calidad-precio, ha llegado al lugar adecuado.  <\/p>\n\n\n\n<p class=\"ls-paragraph\">Durante todo el a\u00f1o, ofrecemos<strong> tarifas que se adaptan a todos los presupuestos y necesidades<\/strong>. No hacemos ofertas promocionales, sino que apostamos por la estabilidad y la regularidad. Tanto si desea escaparse en temporada alta como baja, nuestro camping econ\u00f3mico <strong>le garantiza las tarifas m\u00e1s ventajosas posibles.<\/strong><br\/>Disfrute de mobil-homes, lodges, bungalows de lona y<br\/><a href=\"https:\/\/www.campinglesviolettes.com\/es\/ubicacion-colocacion-toulouse\/\">parcelas para tiendas y caravanas<\/a><br\/> al mejor precio cerca de Toulouse. <\/p>\n\n\n\n<p class=\"ls-paragraph\">Tomarse un respiro y escapar de la vida cotidiana nunca deber\u00eda ser un problema, y por eso nos aseguramos de que todo el mundo pueda disfrutar de unas vacaciones relajantes. \u00a1Hacia la felicidad!<\/p>\n<\/div>\n\n\n\n<div class=\"wp-block-column is-vertically-aligned-center is-layout-flow wp-block-column-is-layout-flow\">\n<h2 class=\"ls__heading wp-block-heading\"><strong>Reserve en l\u00ednea en nuestro sitio web<\/strong><\/h2>\n\n\n\n<p class=\"ls-paragraph\">Para garantizarle la <strong>mejor relaci\u00f3n calidad<\/strong> -precio que podemos ofrecerle, le recomendamos que reserve directamente en nuestro sitio web. De este modo, se asegurar\u00e1 de que los precios que paga por el <a href=\"https:\/\/www.campinglesviolettes.com\/es\/ubicacion-movil-home-toulouse\/\">alojamiento cerca de Toulouse<\/a> sean los m\u00e1s ventajosos. Sin costes adicionales innecesarios ni sorpresas desagradables: pagas lo que te mostramos en directo.  <\/p>\n\n\n\n<p class=\"ls-paragraph\">Para m\u00e1s informaci\u00f3n sobre nuestras reservas directas, p\u00f3ngase en contacto con nosotros por correo electr\u00f3nico o por tel\u00e9fono, estaremos encantados de facilitarle informaci\u00f3n y <strong>las mejores ofertas adaptadas a sus necesidades<\/strong>.<\/p>\n\n\n\n<p class=\"ls-paragraph\">Nuestro camping econ\u00f3mico le garantiza que encontrar\u00e1 el alojamiento de alquiler ideal para su presupuesto. Adem\u00e1s, nuestro camping barato en Toulouse le ofrece las <strong>mejores opciones de confort y servicios<\/strong> durante sus vacaciones.  <\/p>\n\n\n\n<p class=\"ls-paragraph\">Campos deportivos, Servicios Plus para ciclistas, piscina cubierta climatizada de forma natural y mucho m\u00e1s por descubrir reservando directamente a trav\u00e9s de nuestra p\u00e1gina web. No lo dude.<\/p>\n<\/div>\n<\/div>\n\n\r\n    <\/div>\r\n<\/section><section id=\"ls-section-block_456af781ea3fc490de6ef16da3b997c7\" class=\"ls-section  page-cta has-m-t m-t-0 has-p-t p-t-1\" >\r\n        <div class=\"container container--wide\">\r\n        \n\n<div id=\"ls-heading ls-titre-div-block_45787cf7029e27eed508b968bd8945e6\" class=\"ls-titre-div aligncenter h2-like\" >\n    Descubra nuestros alojamientos y precios<\/div>\n\n\n<div id=\"ls-maillage-block_129cbfcae63e1b76831dc2814cc481e3\" class=\"ls-maillage cta-style-normal\" data-rows=\"3\">\r\n    <div class=\"wp-block-columns\"><div class=\"wp-block-column\"><div class=\"ls-cta\">\n\n<a href=\"https:\/\/www.campinglesviolettes.com\/es\/ubicacion-colocacion-toulouse\/\" target=\"\" rel=\"noopener\" class=\"ls-cta__link\">\n\n\t<div class=\"ls-cta__image\"><img decoding=\"async\" src=\"https:\/\/www.campinglesviolettes.com\/wp-content\/uploads\/2023\/03\/location-emplacement-camping-violettes.webp\" alt=\"alquiler de parcelas camping violettes\"><\/div>\n\t<div class=\"ls-cta__title\">\n\t\tUbicaciones <i class='prigny-right-arrow'><\/i>\n\t<\/div>\n\n\t\t\n<\/a><\/div><\/div><div class=\"wp-block-column\"><div class=\"ls-cta\">\n\n<a href=\"https:\/\/www.campinglesviolettes.com\/es\/ubicacion-movil-home-toulouse\/\" target=\"\" rel=\"noopener\" class=\"ls-cta__link\">\n\n\t<div class=\"ls-cta__image\"><img decoding=\"async\" src=\"https:\/\/www.campinglesviolettes.com\/wp-content\/uploads\/2023\/03\/louer-un-mobil-home-a-toulouse.webp\" alt=\"alquilar una mobil home en toulouse\"><\/div>\n\t<div class=\"ls-cta__title\">\n\t\tAlquileres <i class='prigny-right-arrow'><\/i>\n\t<\/div>\n\n\t\t\n<\/a><\/div><\/div><div class=\"wp-block-column\"><div class=\"ls-cta\">\n\n<a href=\"https:\/\/www.campinglesviolettes.com\/es\/camping-familiar-toulouse\/\" target=\"\" rel=\"noopener\" class=\"ls-cta__link\">\n\n\t<div class=\"ls-cta__image\"><img decoding=\"async\" src=\"https:\/\/www.campinglesviolettes.com\/wp-content\/uploads\/2023\/08\/photo-groupe-lapinou-2-1-768x576.jpg\" alt=\"photo groupe lapinou 2\"><\/div>\n\t<div class=\"ls-cta__title\">\n\t\tServicios <i class='prigny-right-arrow'><\/i>\n\t<\/div>\n\n\t\t\n<\/a><\/div><\/div><\/div><\/div>\n\r\n    <\/div>\r\n<\/section>","protected":false},"excerpt":{"rendered":"","protected":false},"author":1,"featured_media":2908,"parent":0,"menu_order":0,"comment_status":"closed","ping_status":"closed","template":"","meta":{"_acf_changed":false,"footnotes":""},"sujet":[],"class_list":["post-1918","page","type-page","status-publish","has-post-thumbnail","hentry"],"acf":[],"yoast_head":"<!-- This site is optimized with the Yoast SEO plugin v23.4 - https:\/\/yoast.com\/wordpress\/plugins\/seo\/ -->\n<title>camping toulouse pas cher : r\u00e9server un camping pas cher en Haute garonne<\/title>\n<meta name=\"description\" content=\"Elija un camping econ\u00f3mico en Haute-Garonne, cerca de Toulouse. Parcelas accesibles, servicios esenciales y naturaleza para disfrutar de unas vacaciones a buen precio.\" \/>\n<meta name=\"robots\" content=\"index, follow, max-snippet:-1, max-image-preview:large, max-video-preview:-1\" \/>\n<link rel=\"canonical\" href=\"https:\/\/www.campinglesviolettes.com\/es\/camping-barato-toulouse\/\" \/>\n<meta property=\"og:locale\" content=\"es_ES\" \/>\n<meta property=\"og:type\" content=\"article\" \/>\n<meta property=\"og:title\" content=\"camping toulouse pas cher : r\u00e9server un camping pas cher en Haute garonne\" \/>\n<meta property=\"og:description\" content=\"Elija un camping econ\u00f3mico en Haute-Garonne, cerca de Toulouse. Parcelas accesibles, servicios esenciales y naturaleza para disfrutar de unas vacaciones a buen precio.\" \/>\n<meta property=\"og:url\" content=\"https:\/\/www.campinglesviolettes.com\/es\/camping-barato-toulouse\/\" \/>\n<meta property=\"og:site_name\" content=\"Les Violettes\" \/>\n<meta property=\"article:modified_time\" content=\"2025-10-11T09:52:22+00:00\" \/>\n<meta property=\"og:image\" content=\"https:\/\/www.campinglesviolettes.com\/wp-content\/uploads\/2023\/11\/violettes-2.jpg\" \/>\n\t<meta property=\"og:image:width\" content=\"900\" \/>\n\t<meta property=\"og:image:height\" content=\"600\" \/>\n\t<meta property=\"og:image:type\" content=\"image\/jpeg\" \/>\n<meta name=\"twitter:card\" content=\"summary_large_image\" \/>\n<meta name=\"twitter:label1\" content=\"Tiempo de lectura\" \/>\n\t<meta name=\"twitter:data1\" content=\"2 minutos\" \/>\n<script type=\"application\/ld+json\" class=\"yoast-schema-graph\">{\"@context\":\"https:\/\/schema.org\",\"@graph\":[{\"@type\":\"WebPage\",\"@id\":\"https:\/\/www.campinglesviolettes.com\/es\/camping-barato-toulouse\/\",\"url\":\"https:\/\/www.campinglesviolettes.com\/es\/camping-barato-toulouse\/\",\"name\":\"camping toulouse pas cher : r\u00e9server un camping pas cher en Haute garonne\",\"isPartOf\":{\"@id\":\"https:\/\/www.campinglesviolettes.com\/#website\"},\"primaryImageOfPage\":{\"@id\":\"https:\/\/www.campinglesviolettes.com\/es\/camping-barato-toulouse\/#primaryimage\"},\"image\":{\"@id\":\"https:\/\/www.campinglesviolettes.com\/es\/camping-barato-toulouse\/#primaryimage\"},\"thumbnailUrl\":\"https:\/\/www.campinglesviolettes.com\/wp-content\/uploads\/2023\/11\/violettes-2.jpg\",\"datePublished\":\"2023-04-06T13:28:23+00:00\",\"dateModified\":\"2025-10-11T09:52:22+00:00\",\"description\":\"Elija un camping econ\u00f3mico en Haute-Garonne, cerca de Toulouse. Parcelas accesibles, servicios esenciales y naturaleza para disfrutar de unas vacaciones a buen precio.\",\"breadcrumb\":{\"@id\":\"https:\/\/www.campinglesviolettes.com\/es\/camping-barato-toulouse\/#breadcrumb\"},\"inLanguage\":\"es\",\"potentialAction\":[{\"@type\":\"ReadAction\",\"target\":[\"https:\/\/www.campinglesviolettes.com\/es\/camping-barato-toulouse\/\"]}]},{\"@type\":\"ImageObject\",\"inLanguage\":\"es\",\"@id\":\"https:\/\/www.campinglesviolettes.com\/es\/camping-barato-toulouse\/#primaryimage\",\"url\":\"https:\/\/www.campinglesviolettes.com\/wp-content\/uploads\/2023\/11\/violettes-2.jpg\",\"contentUrl\":\"https:\/\/www.campinglesviolettes.com\/wp-content\/uploads\/2023\/11\/violettes-2.jpg\",\"width\":900,\"height\":600,\"caption\":\"violettes 2\"},{\"@type\":\"BreadcrumbList\",\"@id\":\"https:\/\/www.campinglesviolettes.com\/es\/camping-barato-toulouse\/#breadcrumb\",\"itemListElement\":[{\"@type\":\"ListItem\",\"position\":1,\"name\":\"Camping Occitanie\",\"item\":\"https:\/\/www.campinglesviolettes.com\/es\/\"},{\"@type\":\"ListItem\",\"position\":2,\"name\":\"Camping barato Toulouse\"}]},{\"@type\":\"WebSite\",\"@id\":\"https:\/\/www.campinglesviolettes.com\/#website\",\"url\":\"https:\/\/www.campinglesviolettes.com\/\",\"name\":\"Les Violettes\",\"description\":\"\",\"publisher\":{\"@id\":\"https:\/\/www.campinglesviolettes.com\/#organization\"},\"potentialAction\":[{\"@type\":\"SearchAction\",\"target\":{\"@type\":\"EntryPoint\",\"urlTemplate\":\"https:\/\/www.campinglesviolettes.com\/?s={search_term_string}\"},\"query-input\":{\"@type\":\"PropertyValueSpecification\",\"valueRequired\":true,\"valueName\":\"search_term_string\"}}],\"inLanguage\":\"es\"},{\"@type\":\"Organization\",\"@id\":\"https:\/\/www.campinglesviolettes.com\/#organization\",\"name\":\"Les Violettes\",\"url\":\"https:\/\/www.campinglesviolettes.com\/\",\"logo\":{\"@type\":\"ImageObject\",\"inLanguage\":\"es\",\"@id\":\"https:\/\/www.campinglesviolettes.com\/#\/schema\/logo\/image\/\",\"url\":\"https:\/\/www.campinglesviolettes.com\/wp-content\/uploads\/2023\/02\/logo-camping-les-violettes.png\",\"contentUrl\":\"https:\/\/www.campinglesviolettes.com\/wp-content\/uploads\/2023\/02\/logo-camping-les-violettes.png\",\"width\":250,\"height\":206,\"caption\":\"Les Violettes\"},\"image\":{\"@id\":\"https:\/\/www.campinglesviolettes.com\/#\/schema\/logo\/image\/\"}}]}<\/script>\n<!-- \/ Yoast SEO plugin. -->","yoast_head_json":{"title":"camping toulouse pas cher : r\u00e9server un camping pas cher en Haute garonne","description":"Elija un camping econ\u00f3mico en Haute-Garonne, cerca de Toulouse. Parcelas accesibles, servicios esenciales y naturaleza para disfrutar de unas vacaciones a buen precio.","robots":{"index":"index","follow":"follow","max-snippet":"max-snippet:-1","max-image-preview":"max-image-preview:large","max-video-preview":"max-video-preview:-1"},"canonical":"https:\/\/www.campinglesviolettes.com\/es\/camping-barato-toulouse\/","og_locale":"es_ES","og_type":"article","og_title":"camping toulouse pas cher : r\u00e9server un camping pas cher en Haute garonne","og_description":"Elija un camping econ\u00f3mico en Haute-Garonne, cerca de Toulouse. Parcelas accesibles, servicios esenciales y naturaleza para disfrutar de unas vacaciones a buen precio.","og_url":"https:\/\/www.campinglesviolettes.com\/es\/camping-barato-toulouse\/","og_site_name":"Les Violettes","article_modified_time":"2025-10-11T09:52:22+00:00","og_image":[{"width":900,"height":600,"url":"https:\/\/www.campinglesviolettes.com\/wp-content\/uploads\/2023\/11\/violettes-2.jpg","type":"image\/jpeg"}],"twitter_card":"summary_large_image","twitter_misc":{"Tiempo de lectura":"2 minutos"},"schema":{"@context":"https:\/\/schema.org","@graph":[{"@type":"WebPage","@id":"https:\/\/www.campinglesviolettes.com\/es\/camping-barato-toulouse\/","url":"https:\/\/www.campinglesviolettes.com\/es\/camping-barato-toulouse\/","name":"camping toulouse pas cher : r\u00e9server un camping pas cher en Haute garonne","isPartOf":{"@id":"https:\/\/www.campinglesviolettes.com\/#website"},"primaryImageOfPage":{"@id":"https:\/\/www.campinglesviolettes.com\/es\/camping-barato-toulouse\/#primaryimage"},"image":{"@id":"https:\/\/www.campinglesviolettes.com\/es\/camping-barato-toulouse\/#primaryimage"},"thumbnailUrl":"https:\/\/www.campinglesviolettes.com\/wp-content\/uploads\/2023\/11\/violettes-2.jpg","datePublished":"2023-04-06T13:28:23+00:00","dateModified":"2025-10-11T09:52:22+00:00","description":"Elija un camping econ\u00f3mico en Haute-Garonne, cerca de Toulouse. Parcelas accesibles, servicios esenciales y naturaleza para disfrutar de unas vacaciones a buen precio.","breadcrumb":{"@id":"https:\/\/www.campinglesviolettes.com\/es\/camping-barato-toulouse\/#breadcrumb"},"inLanguage":"es","potentialAction":[{"@type":"ReadAction","target":["https:\/\/www.campinglesviolettes.com\/es\/camping-barato-toulouse\/"]}]},{"@type":"ImageObject","inLanguage":"es","@id":"https:\/\/www.campinglesviolettes.com\/es\/camping-barato-toulouse\/#primaryimage","url":"https:\/\/www.campinglesviolettes.com\/wp-content\/uploads\/2023\/11\/violettes-2.jpg","contentUrl":"https:\/\/www.campinglesviolettes.com\/wp-content\/uploads\/2023\/11\/violettes-2.jpg","width":900,"height":600,"caption":"violettes 2"},{"@type":"BreadcrumbList","@id":"https:\/\/www.campinglesviolettes.com\/es\/camping-barato-toulouse\/#breadcrumb","itemListElement":[{"@type":"ListItem","position":1,"name":"Camping Occitanie","item":"https:\/\/www.campinglesviolettes.com\/es\/"},{"@type":"ListItem","position":2,"name":"Camping barato Toulouse"}]},{"@type":"WebSite","@id":"https:\/\/www.campinglesviolettes.com\/#website","url":"https:\/\/www.campinglesviolettes.com\/","name":"Les Violettes","description":"","publisher":{"@id":"https:\/\/www.campinglesviolettes.com\/#organization"},"potentialAction":[{"@type":"SearchAction","target":{"@type":"EntryPoint","urlTemplate":"https:\/\/www.campinglesviolettes.com\/?s={search_term_string}"},"query-input":{"@type":"PropertyValueSpecification","valueRequired":true,"valueName":"search_term_string"}}],"inLanguage":"es"},{"@type":"Organization","@id":"https:\/\/www.campinglesviolettes.com\/#organization","name":"Les Violettes","url":"https:\/\/www.campinglesviolettes.com\/","logo":{"@type":"ImageObject","inLanguage":"es","@id":"https:\/\/www.campinglesviolettes.com\/#\/schema\/logo\/image\/","url":"https:\/\/www.campinglesviolettes.com\/wp-content\/uploads\/2023\/02\/logo-camping-les-violettes.png","contentUrl":"https:\/\/www.campinglesviolettes.com\/wp-content\/uploads\/2023\/02\/logo-camping-les-violettes.png","width":250,"height":206,"caption":"Les Violettes"},"image":{"@id":"https:\/\/www.campinglesviolettes.com\/#\/schema\/logo\/image\/"}}]}},"_links":{"self":[{"href":"https:\/\/www.campinglesviolettes.com\/es\/wp-json\/wp\/v2\/pages\/1918","targetHints":{"allow":["GET"]}}],"collection":[{"href":"https:\/\/www.campinglesviolettes.com\/es\/wp-json\/wp\/v2\/pages"}],"about":[{"href":"https:\/\/www.campinglesviolettes.com\/es\/wp-json\/wp\/v2\/types\/page"}],"author":[{"embeddable":true,"href":"https:\/\/www.campinglesviolettes.com\/es\/wp-json\/wp\/v2\/users\/1"}],"replies":[{"embeddable":true,"href":"https:\/\/www.campinglesviolettes.com\/es\/wp-json\/wp\/v2\/comments?post=1918"}],"version-history":[{"count":8,"href":"https:\/\/www.campinglesviolettes.com\/es\/wp-json\/wp\/v2\/pages\/1918\/revisions"}],"predecessor-version":[{"id":5337,"href":"https:\/\/www.campinglesviolettes.com\/es\/wp-json\/wp\/v2\/pages\/1918\/revisions\/5337"}],"wp:featuredmedia":[{"embeddable":true,"href":"https:\/\/www.campinglesviolettes.com\/es\/wp-json\/wp\/v2\/media\/2908"}],"wp:attachment":[{"href":"https:\/\/www.campinglesviolettes.com\/es\/wp-json\/wp\/v2\/media?parent=1918"}],"wp:term":[{"taxonomy":"sujet","embeddable":true,"href":"https:\/\/www.campinglesviolettes.com\/es\/wp-json\/wp\/v2\/sujet?post=1918"}],"curies":[{"name":"wp","href":"https:\/\/api.w.org\/{rel}","templated":true}]}}