{"id":1899,"date":"2023-04-06T15:28:20","date_gmt":"2023-04-06T13:28:20","guid":{"rendered":"https:\/\/www.campinglesviolettes.com\/turismo-toulouse\/"},"modified":"2023-04-07T15:08:48","modified_gmt":"2023-04-07T13:08:48","slug":"turismo-toulouse","status":"publish","type":"page","link":"https:\/\/www.campinglesviolettes.com\/es\/turismo-toulouse\/","title":{"rendered":"Toulouse"},"content":{"rendered":"<section id=\"ls-section-block_04bd4f3f086f461daac06abe981fc6e2\" class=\"ls-section  home-seventh page-one\" >\r\n        <div class=\"container container--wide\">\r\n        \n\n<h1 class=\"ls__heading wp-block-heading has-text-align-center\">Toulouse, descubra la ciudad rosa<\/h1>\n\n\n\n<div class=\"wp-block-columns are-vertically-aligned-center is-layout-flex wp-container-core-columns-is-layout-9d6595d7 wp-block-columns-is-layout-flex\">\n<div class=\"wp-block-column is-vertically-aligned-center is-layout-flow wp-block-column-is-layout-flow\" style=\"flex-basis:60%\">\n<figure class=\"wp-block-gallery has-nested-images columns-2 is-cropped violettes-slider wp-block-gallery-1 is-layout-flex wp-block-gallery-is-layout-flex\">\n<figure class=\"wp-block-image size-full animated fadeIn slow\"><a href=\"https:\/\/www.campinglesviolettes.com\/wp-content\/uploads\/2023\/03\/decouvrir-le-capitol-de-toulouse.webp\"><img decoding=\"async\" width=\"1000\" height=\"666\" data-id=\"1176\" src=\"https:\/\/www.campinglesviolettes.com\/wp-content\/uploads\/2023\/03\/decouvrir-le-capitol-de-toulouse.webp\" alt=\"descubrir la capital de toulouse\" class=\"wp-image-1176\" srcset=\"https:\/\/www.campinglesviolettes.com\/wp-content\/uploads\/2023\/03\/decouvrir-le-capitol-de-toulouse.webp 1000w, https:\/\/www.campinglesviolettes.com\/wp-content\/uploads\/2023\/03\/decouvrir-le-capitol-de-toulouse-300x200.webp 300w, https:\/\/www.campinglesviolettes.com\/wp-content\/uploads\/2023\/03\/decouvrir-le-capitol-de-toulouse-768x511.webp 768w\" sizes=\"(max-width: 1000px) 100vw, 1000px\" \/><\/a><\/figure>\n\n\n\n<figure class=\"wp-block-image size-full animated fadeIn delay-100ms slow\"><a href=\"https:\/\/www.campinglesviolettes.com\/wp-content\/uploads\/2023\/03\/camping-les-violettes-proche-toulouse.webp\"><img decoding=\"async\" width=\"1000\" height=\"666\" data-id=\"1628\" src=\"https:\/\/www.campinglesviolettes.com\/wp-content\/uploads\/2023\/03\/camping-les-violettes-proche-toulouse.webp\" alt=\"camping les violettes cerca de toulouse\" class=\"wp-image-1628\" srcset=\"https:\/\/www.campinglesviolettes.com\/wp-content\/uploads\/2023\/03\/camping-les-violettes-proche-toulouse.webp 1000w, https:\/\/www.campinglesviolettes.com\/wp-content\/uploads\/2023\/03\/camping-les-violettes-proche-toulouse-300x200.webp 300w, https:\/\/www.campinglesviolettes.com\/wp-content\/uploads\/2023\/03\/camping-les-violettes-proche-toulouse-768x511.webp 768w\" sizes=\"(max-width: 1000px) 100vw, 1000px\" \/><\/a><\/figure>\n\n\n\n<figure class=\"wp-block-image size-full animated fadeIn delay-200ms slow\"><a href=\"https:\/\/www.campinglesviolettes.com\/wp-content\/uploads\/2023\/03\/architecture-toulouse-haute-garonne.webp\"><img decoding=\"async\" width=\"1000\" height=\"666\" data-id=\"1198\" src=\"https:\/\/www.campinglesviolettes.com\/wp-content\/uploads\/2023\/03\/architecture-toulouse-haute-garonne.webp\" alt=\"arquitectura toulouse haute garonne\" class=\"wp-image-1198\" srcset=\"https:\/\/www.campinglesviolettes.com\/wp-content\/uploads\/2023\/03\/architecture-toulouse-haute-garonne.webp 1000w, https:\/\/www.campinglesviolettes.com\/wp-content\/uploads\/2023\/03\/architecture-toulouse-haute-garonne-300x200.webp 300w, https:\/\/www.campinglesviolettes.com\/wp-content\/uploads\/2023\/03\/architecture-toulouse-haute-garonne-768x511.webp 768w\" sizes=\"(max-width: 1000px) 100vw, 1000px\" \/><\/a><\/figure>\n<\/figure>\n\n\n\n<div id=\"ls-heading ls-titre-div-block_381e99017d6a2361798af870f2e42b81\" class=\"ls-titre-div h2-like\" >\n    <span>Descubra Toulouse&#8230;<\/span><\/div>\n<\/div>\n\n\n\n<div class=\"wp-block-column is-vertically-aligned-center animated fadeInRight delay-100ms slow is-layout-flow wp-block-column-is-layout-flow\" style=\"flex-basis:40%\">\n<h2 class=\"ls__heading wp-block-heading\">La capital de la aeron\u00e1utica<\/h2>\n\n\n\n<p class=\"ls-paragraph\"><a href=\"https:\/\/www.toulouse-tourisme.com\/\" target=\"_blank\" rel=\"noreferrer noopener\">Toulouse<\/a>, tambi\u00e9n conocida como La Ville Rose, es un lugar donde pasear, aprender y divertirse cada d\u00eda, cerca del <a href=\"https:\/\/www.campinglesviolettes.com\/es\/\">camping Les Violettes<\/a>. Seg\u00fan sus deseos, tendr\u00e1 la oportunidad de descubrir sus bellos barrios, el Capitole, ir de compras por Santa Roma o tomar el sol a orillas del Garona.  <\/p>\n\n\n\n<p class=\"ls-paragraph\">Toulouse es tambi\u00e9n la <strong>capital de la aeron\u00e1utica<\/strong>, donde podr\u00e1 visitar el Museo Aeroscopia y aprender todo sobre la aviaci\u00f3n a trav\u00e9s de una impresionante colecci\u00f3n.<\/p>\n<\/div>\n<\/div>\n\n\r\n    <\/div>\r\n<\/section><section id=\"ls-section-block_70e4726fc7a49b14cb8db0e92548978b\" class=\"ls-section  home-fourth page-two has-background-image has-parallax\" >\r\n    <div class=\"ls-section__background-image opacity-100\"><img decoding=\"async\" src=\"https:\/\/www.campinglesviolettes.com\/wp-content\/uploads\/2023\/03\/stade-rugby-ernest-wallon-toulouse-1.webp\" alt=\"estadio de rugby ernest wallon toulouse 1\"><\/div>    <div class=\"container \">\r\n        \n\n<h2 class=\"ls__heading wp-block-heading has-text-align-center\">Lugares emblem\u00e1ticos que visitar en Toulouse<\/h2>\n\n\n\n<p class=\"ls-paragraph has-text-align-center\">Durante sus vacaciones de camping, es imposible perderse algunas de las <strong>visitas m\u00e1s emblem\u00e1ticas que se pueden hacer en Toulouse<\/strong>. La Capitale, la Bas\u00edlica de Saint-Sernin y la Catedral de Saint-Etienne son, por ejemplo, algunos de los monumentos que se pueden visitar. Los aficionados al rugby disfrutar\u00e1n yendo a ver un <strong>partido al Stade Ernest Wallon<\/strong>, mientras que a los m\u00e1s curiosos se les llenar\u00e1n los ojos de estrellas al visitar la <a href=\"https:\/\/www.campinglesviolettes.com\/es\/turismo-ciudad-espacio\/\">Cit\u00e9 de l&#8217;Espace<\/a>. Para pasear en bicicleta, scooter o a pie, \u00a1dir\u00edjase al <a href=\"https:\/\/www.campinglesviolettes.com\/es\/turismo-canal-midi\/\">Canal du Midi<\/a>!<\/p>\n\n\r\n    <\/div>\r\n<\/section><section id=\"ls-section-block_ee5c5dda9b2ce9e7957495ff8c71908a\" class=\"ls-section  home-fifth page-three has-background has-color-3-background-color has-p-t p-t-11 has-p-b p-b-7\" >\r\n        <div class=\"container container--wide\">\r\n        \n\n<div class=\"wp-block-columns animated fadeInLeft slower is-layout-flex wp-container-core-columns-is-layout-9d6595d7 wp-block-columns-is-layout-flex\">\n<div class=\"wp-block-column is-vertically-aligned-top is-layout-flow wp-block-column-is-layout-flow\" style=\"flex-basis:40%\">\n<h2 class=\"ls__heading wp-block-heading\">Especialidades gastron\u00f3micas de Toulouse<\/h2>\n\n\n\n<p class=\"ls-paragraph\">Buenas noticias para los gourmets y amantes de la buena mesa, la <strong>gastronom\u00eda de Toulouse es impresionante<\/strong>. Entre las especialidades culinarias y platos t\u00edpicos, encontrar\u00e1 :<\/p>\n\n\n\n<ul class=\"ls-list wp-block-list\">\n<li>El cassoulet de Toulouse, \u00a1por supuesto! Una mezcla de alubias y salchichas cocinadas divinamente. El cassoulet de Toulouse tiene una particularidad: se le a\u00f1ade cordero y carnero. \u00a1Que aproveche!<\/li>\n\n\n\n<li>F\u00e9n\u00e9tra: pastel t\u00edpico a base de almendras, limones confitados y albaricoques. \u00a1Qu\u00e9 rico!<\/li>\n\n\n\n<li>Alicuit de canard: un delicioso estofado de pato, un plato t\u00edpico y muy antiguo.<\/li>\n\n\n\n<li>Foie gras<\/li>\n\n\n\n<li>Pollo a la toulousaine: un pollo relleno de carne de salchicha de Toulouse con ajo y aceitunas. Un aut\u00e9ntico placer para el paladar.<\/li>\n<\/ul>\n<\/div>\n\n\n\n<div class=\"wp-block-column is-vertically-aligned-center is-layout-flow wp-block-column-is-layout-flow\" style=\"flex-basis:60%\">\n<figure class=\"wp-block-image size-full violettes-piscine\"><a href=\"https:\/\/www.campinglesviolettes.com\/wp-content\/uploads\/2023\/03\/gouter-le-meilleur-cassoulet-toulousain.webp\"><img decoding=\"async\" width=\"1000\" height=\"666\" src=\"https:\/\/www.campinglesviolettes.com\/wp-content\/uploads\/2023\/03\/gouter-le-meilleur-cassoulet-toulousain.webp\" alt=\"Pruebe el mejor cassoulet de Toulouse\" class=\"wp-image-1158\" srcset=\"https:\/\/www.campinglesviolettes.com\/wp-content\/uploads\/2023\/03\/gouter-le-meilleur-cassoulet-toulousain.webp 1000w, https:\/\/www.campinglesviolettes.com\/wp-content\/uploads\/2023\/03\/gouter-le-meilleur-cassoulet-toulousain-300x200.webp 300w, https:\/\/www.campinglesviolettes.com\/wp-content\/uploads\/2023\/03\/gouter-le-meilleur-cassoulet-toulousain-768x511.webp 768w\" sizes=\"(max-width: 1000px) 100vw, 1000px\" \/><\/a><\/figure>\n<\/div>\n<\/div>\n\n\r\n    <\/div>\r\n<\/section><section id=\"ls-section-block_273547568e0ec1884ce0e4f0d6ac2363\" class=\"ls-section  has-p-t p-t-5 has-p-b p-b-0\" >\r\n        <div class=\"container container--wide\">\r\n        \n\n<h2 class=\"ls__heading wp-block-heading has-text-align-center\">C\u00f3mo llegar<\/h2>\n\n\n\n<iframe src=\"https:\/\/www.google.com\/maps\/embed?pb=!1m28!1m12!1m3!1d92565.54244571354!2d1.4498601501144128!3d43.53000708368952!2m3!1f0!2f0!3f0!3m2!1i1024!2i768!4f13.1!4m13!3e0!4m5!1s0x12ae9544ed3001e7%3A0x53dabe9164001244!2sCamping%20Les%20Violettes%2C%2017%2C%20RD%20813%2C%2031450%20Deyme!3m2!1d43.4866605!2d1.532416!4m5!1s0x12aebb6fec7552ff%3A0x406f69c2f411030!2sToulouse!3m2!1d43.604652!2d1.4442089999999999!5e0!3m2!1sfr!2sfr!4v1679300196615!5m2!1sfr!2sfr\" width=\"100%\" height=\"450\" style=\"border:0;\" allowfullscreen=\"\" loading=\"lazy\" referrerpolicy=\"no-referrer-when-downgrade\"><\/iframe>\n\n\r\n    <\/div>\r\n<\/section><section id=\"ls-section-block_b881274460d7f98250eaa9f8448e2cd5\" class=\"ls-section  page-cta has-m-t m-t-1 has-p-t p-t-3\" >\r\n        <div class=\"container container--wide\">\r\n        \n\n<div id=\"ls-heading ls-titre-div-block_e58561eb2766ff8b906c8da1ec2c2dc9\" class=\"ls-titre-div aligncenter h2-like\" >\n    Descubra los alrededores<\/div>\n\n\n<div id=\"ls-maillage-block_376d4c9379abe18750ac6eee6a632d3c\" class=\"ls-maillage cta-style-normal\" data-rows=\"3\">\r\n    <div class=\"wp-block-columns\"><div class=\"wp-block-column\"><div class=\"ls-cta\">\n\n<a href=\"https:\/\/www.campinglesviolettes.com\/es\/turismo-albi\/\" target=\"\" rel=\"noopener\" class=\"ls-cta__link\">\n\n\t<div class=\"ls-cta__image\"><img decoding=\"async\" src=\"https:\/\/www.campinglesviolettes.com\/wp-content\/uploads\/2023\/03\/albi-proche-camping-les-violettes.webp\" alt=\"albi cerca del camping les violettes\"><\/div>\n\t<div class=\"ls-cta__title\">\n\t\tAlbi <i class='prigny-right-arrow'><\/i>\n\t<\/div>\n\n\t\t\n<\/a><\/div><\/div><\/div><\/div>\n\r\n    <\/div>\r\n<\/section>","protected":false},"excerpt":{"rendered":"","protected":false},"author":1,"featured_media":1193,"parent":0,"menu_order":0,"comment_status":"closed","ping_status":"closed","template":"","meta":{"_acf_changed":false,"footnotes":""},"sujet":[],"class_list":["post-1899","page","type-page","status-publish","has-post-thumbnail","hentry"],"acf":[],"yoast_head":"<!-- This site is optimized with the Yoast SEO plugin v23.4 - https:\/\/yoast.com\/wordpress\/plugins\/seo\/ -->\n<title>Turismo en Toulouse | Actividades y visitas para hacer en Toulouse<\/title>\n<meta name=\"robots\" content=\"index, follow, max-snippet:-1, max-image-preview:large, max-video-preview:-1\" \/>\n<link rel=\"canonical\" href=\"https:\/\/www.campinglesviolettes.com\/es\/turismo-toulouse\/\" \/>\n<meta property=\"og:locale\" content=\"es_ES\" \/>\n<meta property=\"og:type\" content=\"article\" \/>\n<meta property=\"og:title\" content=\"Turismo en Toulouse | Actividades y visitas para hacer en Toulouse\" \/>\n<meta property=\"og:url\" content=\"https:\/\/www.campinglesviolettes.com\/es\/turismo-toulouse\/\" \/>\n<meta property=\"og:site_name\" content=\"Les Violettes\" \/>\n<meta property=\"article:modified_time\" content=\"2023-04-07T13:08:48+00:00\" \/>\n<meta property=\"og:image\" content=\"https:\/\/www.campinglesviolettes.com\/wp-content\/uploads\/2023\/03\/lieu-emblematique-de-toulouse-a-visiter.webp\" \/>\n\t<meta property=\"og:image:width\" content=\"1920\" \/>\n\t<meta property=\"og:image:height\" content=\"520\" \/>\n\t<meta property=\"og:image:type\" content=\"image\/webp\" \/>\n<meta name=\"twitter:card\" content=\"summary_large_image\" \/>\n<meta name=\"twitter:label1\" content=\"Tiempo de lectura\" \/>\n\t<meta name=\"twitter:data1\" content=\"2 minutos\" \/>\n<script type=\"application\/ld+json\" class=\"yoast-schema-graph\">{\"@context\":\"https:\/\/schema.org\",\"@graph\":[{\"@type\":\"WebPage\",\"@id\":\"https:\/\/www.campinglesviolettes.com\/es\/turismo-toulouse\/\",\"url\":\"https:\/\/www.campinglesviolettes.com\/es\/turismo-toulouse\/\",\"name\":\"Turismo en Toulouse | Actividades y visitas para hacer en Toulouse\",\"isPartOf\":{\"@id\":\"https:\/\/www.campinglesviolettes.com\/#website\"},\"primaryImageOfPage\":{\"@id\":\"https:\/\/www.campinglesviolettes.com\/es\/turismo-toulouse\/#primaryimage\"},\"image\":{\"@id\":\"https:\/\/www.campinglesviolettes.com\/es\/turismo-toulouse\/#primaryimage\"},\"thumbnailUrl\":\"https:\/\/www.campinglesviolettes.com\/wp-content\/uploads\/2023\/03\/lieu-emblematique-de-toulouse-a-visiter.webp\",\"datePublished\":\"2023-04-06T13:28:20+00:00\",\"dateModified\":\"2023-04-07T13:08:48+00:00\",\"breadcrumb\":{\"@id\":\"https:\/\/www.campinglesviolettes.com\/es\/turismo-toulouse\/#breadcrumb\"},\"inLanguage\":\"es\",\"potentialAction\":[{\"@type\":\"ReadAction\",\"target\":[\"https:\/\/www.campinglesviolettes.com\/es\/turismo-toulouse\/\"]}]},{\"@type\":\"ImageObject\",\"inLanguage\":\"es\",\"@id\":\"https:\/\/www.campinglesviolettes.com\/es\/turismo-toulouse\/#primaryimage\",\"url\":\"https:\/\/www.campinglesviolettes.com\/wp-content\/uploads\/2023\/03\/lieu-emblematique-de-toulouse-a-visiter.webp\",\"contentUrl\":\"https:\/\/www.campinglesviolettes.com\/wp-content\/uploads\/2023\/03\/lieu-emblematique-de-toulouse-a-visiter.webp\",\"width\":1920,\"height\":520,\"caption\":\"lugar emblem\u00e1tico de toulouse para visitar\"},{\"@type\":\"BreadcrumbList\",\"@id\":\"https:\/\/www.campinglesviolettes.com\/es\/turismo-toulouse\/#breadcrumb\",\"itemListElement\":[{\"@type\":\"ListItem\",\"position\":1,\"name\":\"Camping Occitanie\",\"item\":\"https:\/\/www.campinglesviolettes.com\/es\/\"},{\"@type\":\"ListItem\",\"position\":2,\"name\":\"Turismo en Toulouse\"}]},{\"@type\":\"WebSite\",\"@id\":\"https:\/\/www.campinglesviolettes.com\/#website\",\"url\":\"https:\/\/www.campinglesviolettes.com\/\",\"name\":\"Les Violettes\",\"description\":\"\",\"publisher\":{\"@id\":\"https:\/\/www.campinglesviolettes.com\/#organization\"},\"potentialAction\":[{\"@type\":\"SearchAction\",\"target\":{\"@type\":\"EntryPoint\",\"urlTemplate\":\"https:\/\/www.campinglesviolettes.com\/?s={search_term_string}\"},\"query-input\":{\"@type\":\"PropertyValueSpecification\",\"valueRequired\":true,\"valueName\":\"search_term_string\"}}],\"inLanguage\":\"es\"},{\"@type\":\"Organization\",\"@id\":\"https:\/\/www.campinglesviolettes.com\/#organization\",\"name\":\"Les Violettes\",\"url\":\"https:\/\/www.campinglesviolettes.com\/\",\"logo\":{\"@type\":\"ImageObject\",\"inLanguage\":\"es\",\"@id\":\"https:\/\/www.campinglesviolettes.com\/#\/schema\/logo\/image\/\",\"url\":\"https:\/\/www.campinglesviolettes.com\/wp-content\/uploads\/2023\/02\/logo-camping-les-violettes.png\",\"contentUrl\":\"https:\/\/www.campinglesviolettes.com\/wp-content\/uploads\/2023\/02\/logo-camping-les-violettes.png\",\"width\":250,\"height\":206,\"caption\":\"Les Violettes\"},\"image\":{\"@id\":\"https:\/\/www.campinglesviolettes.com\/#\/schema\/logo\/image\/\"}}]}<\/script>\n<!-- \/ Yoast SEO plugin. -->","yoast_head_json":{"title":"Turismo en Toulouse | Actividades y visitas para hacer en Toulouse","robots":{"index":"index","follow":"follow","max-snippet":"max-snippet:-1","max-image-preview":"max-image-preview:large","max-video-preview":"max-video-preview:-1"},"canonical":"https:\/\/www.campinglesviolettes.com\/es\/turismo-toulouse\/","og_locale":"es_ES","og_type":"article","og_title":"Turismo en Toulouse | Actividades y visitas para hacer en Toulouse","og_url":"https:\/\/www.campinglesviolettes.com\/es\/turismo-toulouse\/","og_site_name":"Les Violettes","article_modified_time":"2023-04-07T13:08:48+00:00","og_image":[{"width":1920,"height":520,"url":"https:\/\/www.campinglesviolettes.com\/wp-content\/uploads\/2023\/03\/lieu-emblematique-de-toulouse-a-visiter.webp","type":"image\/webp"}],"twitter_card":"summary_large_image","twitter_misc":{"Tiempo de lectura":"2 minutos"},"schema":{"@context":"https:\/\/schema.org","@graph":[{"@type":"WebPage","@id":"https:\/\/www.campinglesviolettes.com\/es\/turismo-toulouse\/","url":"https:\/\/www.campinglesviolettes.com\/es\/turismo-toulouse\/","name":"Turismo en Toulouse | Actividades y visitas para hacer en Toulouse","isPartOf":{"@id":"https:\/\/www.campinglesviolettes.com\/#website"},"primaryImageOfPage":{"@id":"https:\/\/www.campinglesviolettes.com\/es\/turismo-toulouse\/#primaryimage"},"image":{"@id":"https:\/\/www.campinglesviolettes.com\/es\/turismo-toulouse\/#primaryimage"},"thumbnailUrl":"https:\/\/www.campinglesviolettes.com\/wp-content\/uploads\/2023\/03\/lieu-emblematique-de-toulouse-a-visiter.webp","datePublished":"2023-04-06T13:28:20+00:00","dateModified":"2023-04-07T13:08:48+00:00","breadcrumb":{"@id":"https:\/\/www.campinglesviolettes.com\/es\/turismo-toulouse\/#breadcrumb"},"inLanguage":"es","potentialAction":[{"@type":"ReadAction","target":["https:\/\/www.campinglesviolettes.com\/es\/turismo-toulouse\/"]}]},{"@type":"ImageObject","inLanguage":"es","@id":"https:\/\/www.campinglesviolettes.com\/es\/turismo-toulouse\/#primaryimage","url":"https:\/\/www.campinglesviolettes.com\/wp-content\/uploads\/2023\/03\/lieu-emblematique-de-toulouse-a-visiter.webp","contentUrl":"https:\/\/www.campinglesviolettes.com\/wp-content\/uploads\/2023\/03\/lieu-emblematique-de-toulouse-a-visiter.webp","width":1920,"height":520,"caption":"lugar emblem\u00e1tico de toulouse para visitar"},{"@type":"BreadcrumbList","@id":"https:\/\/www.campinglesviolettes.com\/es\/turismo-toulouse\/#breadcrumb","itemListElement":[{"@type":"ListItem","position":1,"name":"Camping Occitanie","item":"https:\/\/www.campinglesviolettes.com\/es\/"},{"@type":"ListItem","position":2,"name":"Turismo en Toulouse"}]},{"@type":"WebSite","@id":"https:\/\/www.campinglesviolettes.com\/#website","url":"https:\/\/www.campinglesviolettes.com\/","name":"Les Violettes","description":"","publisher":{"@id":"https:\/\/www.campinglesviolettes.com\/#organization"},"potentialAction":[{"@type":"SearchAction","target":{"@type":"EntryPoint","urlTemplate":"https:\/\/www.campinglesviolettes.com\/?s={search_term_string}"},"query-input":{"@type":"PropertyValueSpecification","valueRequired":true,"valueName":"search_term_string"}}],"inLanguage":"es"},{"@type":"Organization","@id":"https:\/\/www.campinglesviolettes.com\/#organization","name":"Les Violettes","url":"https:\/\/www.campinglesviolettes.com\/","logo":{"@type":"ImageObject","inLanguage":"es","@id":"https:\/\/www.campinglesviolettes.com\/#\/schema\/logo\/image\/","url":"https:\/\/www.campinglesviolettes.com\/wp-content\/uploads\/2023\/02\/logo-camping-les-violettes.png","contentUrl":"https:\/\/www.campinglesviolettes.com\/wp-content\/uploads\/2023\/02\/logo-camping-les-violettes.png","width":250,"height":206,"caption":"Les Violettes"},"image":{"@id":"https:\/\/www.campinglesviolettes.com\/#\/schema\/logo\/image\/"}}]}},"_links":{"self":[{"href":"https:\/\/www.campinglesviolettes.com\/es\/wp-json\/wp\/v2\/pages\/1899","targetHints":{"allow":["GET"]}}],"collection":[{"href":"https:\/\/www.campinglesviolettes.com\/es\/wp-json\/wp\/v2\/pages"}],"about":[{"href":"https:\/\/www.campinglesviolettes.com\/es\/wp-json\/wp\/v2\/types\/page"}],"author":[{"embeddable":true,"href":"https:\/\/www.campinglesviolettes.com\/es\/wp-json\/wp\/v2\/users\/1"}],"replies":[{"embeddable":true,"href":"https:\/\/www.campinglesviolettes.com\/es\/wp-json\/wp\/v2\/comments?post=1899"}],"version-history":[{"count":4,"href":"https:\/\/www.campinglesviolettes.com\/es\/wp-json\/wp\/v2\/pages\/1899\/revisions"}],"predecessor-version":[{"id":2178,"href":"https:\/\/www.campinglesviolettes.com\/es\/wp-json\/wp\/v2\/pages\/1899\/revisions\/2178"}],"wp:featuredmedia":[{"embeddable":true,"href":"https:\/\/www.campinglesviolettes.com\/es\/wp-json\/wp\/v2\/media\/1193"}],"wp:attachment":[{"href":"https:\/\/www.campinglesviolettes.com\/es\/wp-json\/wp\/v2\/media?parent=1899"}],"wp:term":[{"taxonomy":"sujet","embeddable":true,"href":"https:\/\/www.campinglesviolettes.com\/es\/wp-json\/wp\/v2\/sujet?post=1899"}],"curies":[{"name":"wp","href":"https:\/\/api.w.org\/{rel}","templated":true}]}}