{"id":1888,"date":"2023-04-06T15:28:18","date_gmt":"2023-04-06T13:28:18","guid":{"rendered":"https:\/\/www.campinglesviolettes.com\/camping-revel\/"},"modified":"2026-03-03T10:14:19","modified_gmt":"2026-03-03T09:14:19","slug":"turismo-revel","status":"publish","type":"page","link":"https:\/\/www.campinglesviolettes.com\/es\/turismo-revel\/","title":{"rendered":"Revel"},"content":{"rendered":"<section id=\"ls-section-block_8ff37ae2da365b1c5342cccc595bc356\" class=\"ls-section  home-seventh page-one\" >\r\n        <div class=\"container container--wide\">\r\n        \n\n<h1 class=\"ls__heading wp-block-heading has-text-align-center\">Cosas que hacer en los alrededores de Revel<\/h1>\n\n\n\n<div class=\"wp-block-columns are-vertically-aligned-center is-layout-flex wp-container-core-columns-is-layout-9d6595d7 wp-block-columns-is-layout-flex\">\n<div class=\"wp-block-column is-vertically-aligned-center is-layout-flow wp-block-column-is-layout-flow\" style=\"flex-basis:60%\">\n<figure class=\"wp-block-gallery has-nested-images columns-2 is-cropped violettes-slider wp-block-gallery-1 is-layout-flex wp-block-gallery-is-layout-flex\">\n<figure class=\"wp-block-image size-full animated fadeIn slow\"><a href=\"https:\/\/www.campinglesviolettes.com\/wp-content\/uploads\/2025\/11\/a7a04940-enhanced-nr.jpg\"><img decoding=\"async\" width=\"800\" height=\"600\" data-id=\"5889\" src=\"https:\/\/www.campinglesviolettes.com\/wp-content\/uploads\/2025\/11\/a7a04940-enhanced-nr.jpg\" alt=\"a7a04940 enhanced nr\" class=\"wp-image-5889\" srcset=\"https:\/\/www.campinglesviolettes.com\/wp-content\/uploads\/2025\/11\/a7a04940-enhanced-nr.jpg 800w, https:\/\/www.campinglesviolettes.com\/wp-content\/uploads\/2025\/11\/a7a04940-enhanced-nr-300x225.jpg 300w, https:\/\/www.campinglesviolettes.com\/wp-content\/uploads\/2025\/11\/a7a04940-enhanced-nr-768x576.jpg 768w\" sizes=\"(max-width: 800px) 100vw, 800px\" \/><\/a><\/figure>\n\n\n\n<figure class=\"wp-block-image size-full animated fadeIn delay-100ms slow\"><a href=\"https:\/\/www.campinglesviolettes.com\/wp-content\/uploads\/2023\/03\/plus-beau-marche-de-france-revel.webp\"><img decoding=\"async\" width=\"1000\" height=\"666\" data-id=\"1351\" src=\"https:\/\/www.campinglesviolettes.com\/wp-content\/uploads\/2023\/03\/plus-beau-marche-de-france-revel.webp\" alt=\"mercado m&#xE1;s bello de francia revel\" class=\"wp-image-1351\" srcset=\"https:\/\/www.campinglesviolettes.com\/wp-content\/uploads\/2023\/03\/plus-beau-marche-de-france-revel.webp 1000w, https:\/\/www.campinglesviolettes.com\/wp-content\/uploads\/2023\/03\/plus-beau-marche-de-france-revel-300x200.webp 300w, https:\/\/www.campinglesviolettes.com\/wp-content\/uploads\/2023\/03\/plus-beau-marche-de-france-revel-768x511.webp 768w\" sizes=\"(max-width: 1000px) 100vw, 1000px\" \/><\/a><\/figure>\n\n\n\n<figure class=\"wp-block-image size-full animated fadeIn delay-200ms slow\"><a href=\"https:\/\/www.campinglesviolettes.com\/wp-content\/uploads\/2023\/03\/lac-de-saint-ferreol.webp\"><img decoding=\"async\" width=\"1000\" height=\"666\" data-id=\"1515\" src=\"https:\/\/www.campinglesviolettes.com\/wp-content\/uploads\/2023\/03\/lac-de-saint-ferreol.webp\" alt=\"lago de saint ferreol\" class=\"wp-image-1515\" srcset=\"https:\/\/www.campinglesviolettes.com\/wp-content\/uploads\/2023\/03\/lac-de-saint-ferreol.webp 1000w, https:\/\/www.campinglesviolettes.com\/wp-content\/uploads\/2023\/03\/lac-de-saint-ferreol-300x200.webp 300w, https:\/\/www.campinglesviolettes.com\/wp-content\/uploads\/2023\/03\/lac-de-saint-ferreol-768x511.webp 768w\" sizes=\"(max-width: 1000px) 100vw, 1000px\" \/><\/a><\/figure>\n<\/figure>\n\n\n\n<div style=\"height:100px\" aria-hidden=\"true\" class=\"wp-block-spacer\"><\/div>\n\n\n\n<div id=\"ls-heading ls-titre-div-block_3e5ad8c26eff4b431521b3cdec57f248\" class=\"ls-titre-div no-animation h2-like\" >\n    <span>Revel es la dulzura de vivir en el coraz\u00f3n del suroeste, en el \u00abPa\u00eds de Cocagne\u00bb.<\/span><\/div>\n<\/div>\n\n\n\n<div class=\"wp-block-column is-vertically-aligned-center is-layout-flow wp-block-column-is-layout-flow\" style=\"flex-basis:40%\">\n<h2 class=\"ls__heading wp-block-heading no-animation\">Descubra Revel y sus lugares de inter\u00e9s<\/h2>\n\n\n\n<p class=\"ls-paragraph\">Peque\u00f1a ciudad del suroeste de Francia, fundada en 1342 por Felipe VI de Valois. Dise\u00f1ada seg\u00fan un plano en forma de tablero de ajedrez muy organizado, la ciudad se articula en torno a una inmensa lonja de madera, que a\u00fan se mantiene en pie en el centro de la plaza. El campanario que la domina data de 1834 y le da al conjunto un aire de decorado de pel\u00edcula.  <\/p>\n\n\n\n<p class=\"ls-paragraph\">En el siglo XV, Revel se hizo famosa gracias al comercio del pastel, una planta azul que hizo la fortuna de toda la regi\u00f3n. Durante las guerras de religi\u00f3n del siglo XVI, la ciudad permaneci\u00f3 bastante tranquila, lo que le permiti\u00f3 conservar gran parte de sus edificios originales. <\/p>\n\n\n\n<p class=\"ls-paragraph\">Pero fue en el siglo XIX cuando Revel realmente reforz\u00f3 su posici\u00f3n, convirti\u00e9ndose en una referencia nacional en ebanister\u00eda. Todav\u00eda hoy se fabrican all\u00ed muebles excepcionales, y varios artesanos perpet\u00faan este saber hacer en talleres abiertos al p\u00fablico. <\/p>\n\n\n\n<p class=\"ls-paragraph\">Con su mercado de los s\u00e1bados, considerado uno de los m\u00e1s bonitos de Francia, sus callejuelas llenas de encanto y su agradable ambiente entre la Monta\u00f1a Negra y la campi\u00f1a tolosana, Revel es una ciudad donde el tiempo pasa bien&#8230; pero nunca demasiado r\u00e1pido.<\/p>\n<\/div>\n<\/div>\n\n\r\n    <\/div>\r\n<\/section><section id=\"ls-section-block_2364efebf127ab28d2d90d67be1544df\" class=\"ls-section  home-fourth page-two has-background-image has-parallax\" >\r\n    <div class=\"ls-section__background-image opacity-100\"><img decoding=\"async\" src=\"https:\/\/www.campinglesviolettes.com\/wp-content\/uploads\/2023\/03\/decouvrir-ravel-proche-du-camping.webp\" alt=\"descubrir el ravel cerca del camping\"><\/div>    <div class=\"container \">\r\n        \n\n<h2 class=\"ls__heading wp-block-heading has-text-align-center no-animation\"><strong>Capital del mueble art\u00edstico<\/strong><\/h2>\n\n\n\n<p class=\"ls-paragraph has-text-align-center\">Revel es un concentrado de cultura y buenas vibraciones a los pies de la Monta\u00f1a Negra. Conocida por su animado mercado de los s\u00e1bados, su museo de la madera y la marqueter\u00eda, y sus artesanos del mueble que dan renombre a la ciudad, combina tradici\u00f3n y creatividad sin tomarse nunca demasiado en serio. <\/p>\n\n\n\n<p class=\"ls-paragraph has-text-align-center\">A\u00f1\u00e1dele un bonito paraje natural con el lago de Saint-Ferr\u00e9ol, exposiciones, festivales y un aut\u00e9ntico ambiente de peque\u00f1o centro urbano lleno de vida&#8230; En resumen, Revel es una ciudad en la que da gusto pasear (y volver).<\/p>\n\n\r\n    <\/div>\r\n<\/section><section id=\"ls-section-block_2199d8c3531084f4dd2942271811a139\" class=\"ls-section  home-fifth page-three has-background has-color-3-background-color has-p-t p-t-15\" >\r\n        <div class=\"container container--wide\">\r\n        \n\n<div class=\"wp-block-columns are-vertically-aligned-center is-layout-flex wp-container-core-columns-is-layout-9d6595d7 wp-block-columns-is-layout-flex\">\n<div class=\"wp-block-column is-vertically-aligned-center is-layout-flow wp-block-column-is-layout-flow\" style=\"flex-basis:40%\">\n<h2 class=\"ls__heading wp-block-heading no-animation\"><strong>Los lugares emblem\u00e1ticos<\/strong><\/h2>\n\n\n\n<h3 class=\"ls__heading wp-block-heading no-animation\"> Lugares hist\u00f3ricos y culturales:<\/h3>\n\n\n\n<ul class=\"ls-list ls-list-undefined wp-block-list\">\n<li><strong>Mercado central y campanario:<\/strong> El mercado central es uno de los m\u00e1s grandes de Francia y est\u00e1 clasificado como monumento hist\u00f3rico desde 2006.<\/li>\n\n\n\n<li>Iglesia Notre-Dame-des-Gr\u00e2ces: esta iglesia, de estilo neobizantino, ha sido reconstruida en varias ocasiones desde el siglo XVI.<\/li>\n\n\n\n<li><strong>Fuente de las Tres Gracias<\/strong>: esta fuente es una r\u00e9plica de una escultura de Germain Pilon, cuyo original se encuentra en el Museo del Louvre. <\/li>\n<\/ul>\n\n\n\n<h3 class=\"ls__heading wp-block-heading no-animation\"> Museos:<\/h3>\n\n\n\n<ul class=\"ls-list ls-list-undefined wp-block-list\">\n<li><strong>Museo de la Madera y la Marqueter\u00eda (MUB):<\/strong> recorre la historia de los artesanos locales de la madera y la marqueter\u00eda.<\/li>\n\n\n\n<li>Museo y Jardines del Canal del Mediod\u00eda (Le R\u00e9servoir): este museo recorre la historia de la construcci\u00f3n del Canal del Mediod\u00eda, dise\u00f1ado por Pierre-Paul Riquet en el siglo XVII.<\/li>\n<\/ul>\n\n\n\n<h3 class=\"ls__heading wp-block-heading no-animation\"> Espacios verdes y paseos:<\/h3>\n\n\n\n<ul class=\"ls-list ls-list-undefined wp-block-list\">\n<li><strong>Lago de Saint-Ferr\u00e9ol<\/strong>: lugar ideal para nadar, practicar paddle surf, kayak o simplemente relajarse en familia.<\/li>\n\n\n\n<li><strong>V\u00eda verde de la Rigole de la Plaine (V84): <\/strong>esta v\u00eda verde de 15 km sigue el canal de alimentaci\u00f3n del Canal del Mediod\u00eda entre Revel y el lago de Lenclas.<\/li>\n<\/ul>\n\n\n\n<h3 class=\"ls__heading wp-block-heading no-animation\">Barrios animados:<\/h3>\n\n\n\n<ul class=\"ls-list ls-list-undefined wp-block-list\">\n<li><strong>Centro de la ciudad: <\/strong>El coraz\u00f3n de Revel, con sus calles en forma de damero t\u00edpicas de las bastidas, est\u00e1 animado por tiendas, cafeter\u00edas y restaurantes.<\/li>\n\n\n\n<li><strong>Mercado de Revel: <\/strong>cada s\u00e1bado por la ma\u00f1ana, el mercado central acoge uno de los mercados m\u00e1s bonitos de Francia.<\/li>\n<\/ul>\n<\/div>\n\n\n\n<div class=\"wp-block-column is-vertically-aligned-center is-layout-flow wp-block-column-is-layout-flow\" style=\"flex-basis:60%\">\n<figure class=\"wp-block-image size-full violettes-piscine\"><a href=\"https:\/\/www.campinglesviolettes.com\/wp-content\/uploads\/2023\/03\/village-de-revel.webp\"><img decoding=\"async\" width=\"1000\" height=\"666\" src=\"https:\/\/www.campinglesviolettes.com\/wp-content\/uploads\/2023\/03\/village-de-revel.webp\" alt=\"pueblo de revel\" class=\"wp-image-1356\" srcset=\"https:\/\/www.campinglesviolettes.com\/wp-content\/uploads\/2023\/03\/village-de-revel.webp 1000w, https:\/\/www.campinglesviolettes.com\/wp-content\/uploads\/2023\/03\/village-de-revel-300x200.webp 300w, https:\/\/www.campinglesviolettes.com\/wp-content\/uploads\/2023\/03\/village-de-revel-768x511.webp 768w\" sizes=\"(max-width: 1000px) 100vw, 1000px\" \/><\/a><\/figure>\n\n\n\n<div style=\"height:100px\" aria-hidden=\"true\" class=\"wp-block-spacer\"><\/div>\n\n\n\n<figure class=\"wp-block-image size-full violettes-piscine\"><a href=\"https:\/\/www.campinglesviolettes.com\/wp-content\/uploads\/2025\/11\/a7a04940-enhanced-nr-1-scaled.jpg\"><img decoding=\"async\" width=\"2560\" height=\"1706\" src=\"https:\/\/www.campinglesviolettes.com\/wp-content\/uploads\/2025\/11\/a7a04940-enhanced-nr-1-scaled.jpg\" alt=\"a7a04940 enhanced nr (1)\" class=\"wp-image-5893\" srcset=\"https:\/\/www.campinglesviolettes.com\/wp-content\/uploads\/2025\/11\/a7a04940-enhanced-nr-1-scaled.jpg 2560w, https:\/\/www.campinglesviolettes.com\/wp-content\/uploads\/2025\/11\/a7a04940-enhanced-nr-1-300x200.jpg 300w, https:\/\/www.campinglesviolettes.com\/wp-content\/uploads\/2025\/11\/a7a04940-enhanced-nr-1-1024x682.jpg 1024w, https:\/\/www.campinglesviolettes.com\/wp-content\/uploads\/2025\/11\/a7a04940-enhanced-nr-1-768x512.jpg 768w, https:\/\/www.campinglesviolettes.com\/wp-content\/uploads\/2025\/11\/a7a04940-enhanced-nr-1-1536x1023.jpg 1536w, https:\/\/www.campinglesviolettes.com\/wp-content\/uploads\/2025\/11\/a7a04940-enhanced-nr-1-2048x1365.jpg 2048w\" sizes=\"(max-width: 2560px) 100vw, 2560px\" \/><\/a><\/figure>\n<\/div>\n<\/div>\n\n\r\n    <\/div>\r\n<\/section><section id=\"ls-section-block_70492bd24530aa93b147a8aad1b916c0\" class=\"ls-section  has-p-t p-t-5 has-p-b p-b-0\" >\r\n        <div class=\"container container--wide\">\r\n        \n\n<h2 class=\"ls__heading wp-block-heading has-text-align-center no-animation\">C\u00f3mo llegar<\/h2>\n\n\n\n<iframe src=\"https:\/\/www.google.com\/maps\/embed?pb=!1m28!1m12!1m3!1d185241.24072633957!2d1.6295054094970791!3d43.494107570417285!2m3!1f0!2f0!3f0!3m2!1i1024!2i768!4f13.1!4m13!3e0!4m5!1s0x12ae9544ed3001e7%3A0x53dabe9164001244!2sCamping%20Les%20Violettes%2C%2017%2C%20RD%20813%2C%2031450%20Deyme!3m2!1d43.4866605!2d1.532416!4m5!1s0x12ae42a2496cd347%3A0xee74693e5c3e68a2!2sRevel!3m2!1d43.458611!2d2.0045729999999997!5e0!3m2!1sfr!2sfr!4v1679301539303!5m2!1sfr!2sfr\" width=\"100%\" height=\"450\" style=\"border:0;\" allowfullscreen=\"\" loading=\"lazy\" referrerpolicy=\"no-referrer-when-downgrade\"><\/iframe>\n\n\r\n    <\/div>\r\n<\/section><section id=\"ls-section-block_8868d1d6cf8afb19306b2744885a9c8a\" class=\"ls-section  page-cta has-m-t m-t-1 has-p-t p-t-3\" >\r\n        <div class=\"container container--wide\">\r\n        \n\n<div id=\"ls-heading ls-titre-div-block_43ff6bfc8c48676fdfbcd8c91c24670d\" class=\"ls-titre-div no-animation aligncenter h2-like\" >\n    Descubra los alrededores de nuestro camping<\/div>\n\n\n<div id=\"ls-maillage-block_a00cedff0270be308262b6eec4fa0605\" class=\"ls-maillage cta-style-normal\" data-rows=\"3\">\r\n    <div class=\"wp-block-columns\"><div class=\"wp-block-column\"><div class=\"ls-cta\">\n\n<a href=\"https:\/\/www.campinglesviolettes.com\/es\/turismo-occitania\/\" target=\"\" rel=\"noopener\" class=\"ls-cta__link\">\n\n\t<div class=\"ls-cta__image\"><img decoding=\"async\" src=\"https:\/\/www.campinglesviolettes.com\/wp-content\/uploads\/2023\/03\/decouvrir-la-region-camping-les-violettes.webp\" alt=\"descubra la region camping les violettes\"><\/div>\n\t<div class=\"ls-cta__title\">\n\t\tel pa\u00eds del lauragais <i class='prigny-right-arrow'><\/i>\n\t<\/div>\n\n\t\t\n<\/a><\/div><\/div><div class=\"wp-block-column\"><div class=\"ls-cta\">\n\n<a href=\"https:\/\/www.campinglesviolettes.com\/es\/camping-animaciones-toulouse\/\" target=\"\" rel=\"noopener\" class=\"ls-cta__link\">\n\n\t<div class=\"ls-cta__image\"><img decoding=\"async\" src=\"https:\/\/www.campinglesviolettes.com\/wp-content\/uploads\/2023\/03\/activites-familiales-camping-les-violettes.webp\" alt=\"actividades familiares camping les violettes\"><\/div>\n\t<div class=\"ls-cta__title\">\n\t\tActividades y ocio <i class='prigny-right-arrow'><\/i>\n\t<\/div>\n\n\t\t\n<\/a><\/div><\/div><\/div><\/div>\n\r\n    <\/div>\r\n<\/section>","protected":false},"excerpt":{"rendered":"","protected":false},"author":1,"featured_media":1511,"parent":0,"menu_order":0,"comment_status":"closed","ping_status":"closed","template":"","meta":{"_acf_changed":false,"footnotes":""},"sujet":[],"class_list":["post-1888","page","type-page","status-publish","has-post-thumbnail","hentry"],"acf":[],"yoast_head":"<!-- This site is optimized with the Yoast SEO plugin v23.4 - https:\/\/yoast.com\/wordpress\/plugins\/seo\/ -->\n<title>Qu\u00e9 hacer en los alrededores de Revel: excursiones y naturaleza en Lauragais<\/title>\n<meta name=\"description\" content=\"\u00bfEstancia en Revel? Aqu\u00ed tienes qu\u00e9 hacer en los alrededores de esta bastida del Lauragais: senderismo, mercados, lagos y patrimonio.\" \/>\n<meta name=\"robots\" content=\"index, follow, max-snippet:-1, max-image-preview:large, max-video-preview:-1\" \/>\n<link rel=\"canonical\" href=\"https:\/\/www.campinglesviolettes.com\/es\/turismo-revel\/\" \/>\n<meta property=\"og:locale\" content=\"es_ES\" \/>\n<meta property=\"og:type\" content=\"article\" \/>\n<meta property=\"og:title\" content=\"Qu\u00e9 hacer en los alrededores de Revel: excursiones y naturaleza en Lauragais\" \/>\n<meta property=\"og:description\" content=\"\u00bfEstancia en Revel? Aqu\u00ed tienes qu\u00e9 hacer en los alrededores de esta bastida del Lauragais: senderismo, mercados, lagos y patrimonio.\" \/>\n<meta property=\"og:url\" content=\"https:\/\/www.campinglesviolettes.com\/es\/turismo-revel\/\" \/>\n<meta property=\"og:site_name\" content=\"Les Violettes\" \/>\n<meta property=\"article:modified_time\" content=\"2026-03-03T09:14:19+00:00\" \/>\n<meta property=\"og:image\" content=\"https:\/\/www.campinglesviolettes.com\/wp-content\/uploads\/2023\/03\/village-de-revel-1.webp\" \/>\n\t<meta property=\"og:image:width\" content=\"1920\" \/>\n\t<meta property=\"og:image:height\" content=\"520\" \/>\n\t<meta property=\"og:image:type\" content=\"image\/webp\" \/>\n<meta name=\"twitter:card\" content=\"summary_large_image\" \/>\n<meta name=\"twitter:label1\" content=\"Tiempo de lectura\" \/>\n\t<meta name=\"twitter:data1\" content=\"3 minutos\" \/>\n<script type=\"application\/ld+json\" class=\"yoast-schema-graph\">{\"@context\":\"https:\/\/schema.org\",\"@graph\":[{\"@type\":\"WebPage\",\"@id\":\"https:\/\/www.campinglesviolettes.com\/es\/turismo-revel\/\",\"url\":\"https:\/\/www.campinglesviolettes.com\/es\/turismo-revel\/\",\"name\":\"Qu\u00e9 hacer en los alrededores de Revel: excursiones y naturaleza en Lauragais\",\"isPartOf\":{\"@id\":\"https:\/\/www.campinglesviolettes.com\/#website\"},\"primaryImageOfPage\":{\"@id\":\"https:\/\/www.campinglesviolettes.com\/es\/turismo-revel\/#primaryimage\"},\"image\":{\"@id\":\"https:\/\/www.campinglesviolettes.com\/es\/turismo-revel\/#primaryimage\"},\"thumbnailUrl\":\"https:\/\/www.campinglesviolettes.com\/wp-content\/uploads\/2023\/03\/village-de-revel-1.webp\",\"datePublished\":\"2023-04-06T13:28:18+00:00\",\"dateModified\":\"2026-03-03T09:14:19+00:00\",\"description\":\"\u00bfEstancia en Revel? Aqu\u00ed tienes qu\u00e9 hacer en los alrededores de esta bastida del Lauragais: senderismo, mercados, lagos y patrimonio.\",\"breadcrumb\":{\"@id\":\"https:\/\/www.campinglesviolettes.com\/es\/turismo-revel\/#breadcrumb\"},\"inLanguage\":\"es\",\"potentialAction\":[{\"@type\":\"ReadAction\",\"target\":[\"https:\/\/www.campinglesviolettes.com\/es\/turismo-revel\/\"]}]},{\"@type\":\"ImageObject\",\"inLanguage\":\"es\",\"@id\":\"https:\/\/www.campinglesviolettes.com\/es\/turismo-revel\/#primaryimage\",\"url\":\"https:\/\/www.campinglesviolettes.com\/wp-content\/uploads\/2023\/03\/village-de-revel-1.webp\",\"contentUrl\":\"https:\/\/www.campinglesviolettes.com\/wp-content\/uploads\/2023\/03\/village-de-revel-1.webp\",\"width\":1920,\"height\":520,\"caption\":\"village de revel 1\"},{\"@type\":\"BreadcrumbList\",\"@id\":\"https:\/\/www.campinglesviolettes.com\/es\/turismo-revel\/#breadcrumb\",\"itemListElement\":[{\"@type\":\"ListItem\",\"position\":1,\"name\":\"Camping Occitanie\",\"item\":\"https:\/\/www.campinglesviolettes.com\/es\/\"},{\"@type\":\"ListItem\",\"position\":2,\"name\":\"Tourisme Revel\"}]},{\"@type\":\"WebSite\",\"@id\":\"https:\/\/www.campinglesviolettes.com\/#website\",\"url\":\"https:\/\/www.campinglesviolettes.com\/\",\"name\":\"Les Violettes\",\"description\":\"\",\"publisher\":{\"@id\":\"https:\/\/www.campinglesviolettes.com\/#organization\"},\"potentialAction\":[{\"@type\":\"SearchAction\",\"target\":{\"@type\":\"EntryPoint\",\"urlTemplate\":\"https:\/\/www.campinglesviolettes.com\/?s={search_term_string}\"},\"query-input\":{\"@type\":\"PropertyValueSpecification\",\"valueRequired\":true,\"valueName\":\"search_term_string\"}}],\"inLanguage\":\"es\"},{\"@type\":\"Organization\",\"@id\":\"https:\/\/www.campinglesviolettes.com\/#organization\",\"name\":\"Les Violettes\",\"url\":\"https:\/\/www.campinglesviolettes.com\/\",\"logo\":{\"@type\":\"ImageObject\",\"inLanguage\":\"es\",\"@id\":\"https:\/\/www.campinglesviolettes.com\/#\/schema\/logo\/image\/\",\"url\":\"https:\/\/www.campinglesviolettes.com\/wp-content\/uploads\/2023\/02\/logo-camping-les-violettes.png\",\"contentUrl\":\"https:\/\/www.campinglesviolettes.com\/wp-content\/uploads\/2023\/02\/logo-camping-les-violettes.png\",\"width\":250,\"height\":206,\"caption\":\"Les Violettes\"},\"image\":{\"@id\":\"https:\/\/www.campinglesviolettes.com\/#\/schema\/logo\/image\/\"}}]}<\/script>\n<!-- \/ Yoast SEO plugin. -->","yoast_head_json":{"title":"Qu\u00e9 hacer en los alrededores de Revel: excursiones y naturaleza en Lauragais","description":"\u00bfEstancia en Revel? Aqu\u00ed tienes qu\u00e9 hacer en los alrededores de esta bastida del Lauragais: senderismo, mercados, lagos y patrimonio.","robots":{"index":"index","follow":"follow","max-snippet":"max-snippet:-1","max-image-preview":"max-image-preview:large","max-video-preview":"max-video-preview:-1"},"canonical":"https:\/\/www.campinglesviolettes.com\/es\/turismo-revel\/","og_locale":"es_ES","og_type":"article","og_title":"Qu\u00e9 hacer en los alrededores de Revel: excursiones y naturaleza en Lauragais","og_description":"\u00bfEstancia en Revel? Aqu\u00ed tienes qu\u00e9 hacer en los alrededores de esta bastida del Lauragais: senderismo, mercados, lagos y patrimonio.","og_url":"https:\/\/www.campinglesviolettes.com\/es\/turismo-revel\/","og_site_name":"Les Violettes","article_modified_time":"2026-03-03T09:14:19+00:00","og_image":[{"width":1920,"height":520,"url":"https:\/\/www.campinglesviolettes.com\/wp-content\/uploads\/2023\/03\/village-de-revel-1.webp","type":"image\/webp"}],"twitter_card":"summary_large_image","twitter_misc":{"Tiempo de lectura":"3 minutos"},"schema":{"@context":"https:\/\/schema.org","@graph":[{"@type":"WebPage","@id":"https:\/\/www.campinglesviolettes.com\/es\/turismo-revel\/","url":"https:\/\/www.campinglesviolettes.com\/es\/turismo-revel\/","name":"Qu\u00e9 hacer en los alrededores de Revel: excursiones y naturaleza en Lauragais","isPartOf":{"@id":"https:\/\/www.campinglesviolettes.com\/#website"},"primaryImageOfPage":{"@id":"https:\/\/www.campinglesviolettes.com\/es\/turismo-revel\/#primaryimage"},"image":{"@id":"https:\/\/www.campinglesviolettes.com\/es\/turismo-revel\/#primaryimage"},"thumbnailUrl":"https:\/\/www.campinglesviolettes.com\/wp-content\/uploads\/2023\/03\/village-de-revel-1.webp","datePublished":"2023-04-06T13:28:18+00:00","dateModified":"2026-03-03T09:14:19+00:00","description":"\u00bfEstancia en Revel? Aqu\u00ed tienes qu\u00e9 hacer en los alrededores de esta bastida del Lauragais: senderismo, mercados, lagos y patrimonio.","breadcrumb":{"@id":"https:\/\/www.campinglesviolettes.com\/es\/turismo-revel\/#breadcrumb"},"inLanguage":"es","potentialAction":[{"@type":"ReadAction","target":["https:\/\/www.campinglesviolettes.com\/es\/turismo-revel\/"]}]},{"@type":"ImageObject","inLanguage":"es","@id":"https:\/\/www.campinglesviolettes.com\/es\/turismo-revel\/#primaryimage","url":"https:\/\/www.campinglesviolettes.com\/wp-content\/uploads\/2023\/03\/village-de-revel-1.webp","contentUrl":"https:\/\/www.campinglesviolettes.com\/wp-content\/uploads\/2023\/03\/village-de-revel-1.webp","width":1920,"height":520,"caption":"village de revel 1"},{"@type":"BreadcrumbList","@id":"https:\/\/www.campinglesviolettes.com\/es\/turismo-revel\/#breadcrumb","itemListElement":[{"@type":"ListItem","position":1,"name":"Camping Occitanie","item":"https:\/\/www.campinglesviolettes.com\/es\/"},{"@type":"ListItem","position":2,"name":"Tourisme Revel"}]},{"@type":"WebSite","@id":"https:\/\/www.campinglesviolettes.com\/#website","url":"https:\/\/www.campinglesviolettes.com\/","name":"Les Violettes","description":"","publisher":{"@id":"https:\/\/www.campinglesviolettes.com\/#organization"},"potentialAction":[{"@type":"SearchAction","target":{"@type":"EntryPoint","urlTemplate":"https:\/\/www.campinglesviolettes.com\/?s={search_term_string}"},"query-input":{"@type":"PropertyValueSpecification","valueRequired":true,"valueName":"search_term_string"}}],"inLanguage":"es"},{"@type":"Organization","@id":"https:\/\/www.campinglesviolettes.com\/#organization","name":"Les Violettes","url":"https:\/\/www.campinglesviolettes.com\/","logo":{"@type":"ImageObject","inLanguage":"es","@id":"https:\/\/www.campinglesviolettes.com\/#\/schema\/logo\/image\/","url":"https:\/\/www.campinglesviolettes.com\/wp-content\/uploads\/2023\/02\/logo-camping-les-violettes.png","contentUrl":"https:\/\/www.campinglesviolettes.com\/wp-content\/uploads\/2023\/02\/logo-camping-les-violettes.png","width":250,"height":206,"caption":"Les Violettes"},"image":{"@id":"https:\/\/www.campinglesviolettes.com\/#\/schema\/logo\/image\/"}}]}},"_links":{"self":[{"href":"https:\/\/www.campinglesviolettes.com\/es\/wp-json\/wp\/v2\/pages\/1888","targetHints":{"allow":["GET"]}}],"collection":[{"href":"https:\/\/www.campinglesviolettes.com\/es\/wp-json\/wp\/v2\/pages"}],"about":[{"href":"https:\/\/www.campinglesviolettes.com\/es\/wp-json\/wp\/v2\/types\/page"}],"author":[{"embeddable":true,"href":"https:\/\/www.campinglesviolettes.com\/es\/wp-json\/wp\/v2\/users\/1"}],"replies":[{"embeddable":true,"href":"https:\/\/www.campinglesviolettes.com\/es\/wp-json\/wp\/v2\/comments?post=1888"}],"version-history":[{"count":5,"href":"https:\/\/www.campinglesviolettes.com\/es\/wp-json\/wp\/v2\/pages\/1888\/revisions"}],"predecessor-version":[{"id":6297,"href":"https:\/\/www.campinglesviolettes.com\/es\/wp-json\/wp\/v2\/pages\/1888\/revisions\/6297"}],"wp:featuredmedia":[{"embeddable":true,"href":"https:\/\/www.campinglesviolettes.com\/es\/wp-json\/wp\/v2\/media\/1511"}],"wp:attachment":[{"href":"https:\/\/www.campinglesviolettes.com\/es\/wp-json\/wp\/v2\/media?parent=1888"}],"wp:term":[{"taxonomy":"sujet","embeddable":true,"href":"https:\/\/www.campinglesviolettes.com\/es\/wp-json\/wp\/v2\/sujet?post=1888"}],"curies":[{"name":"wp","href":"https:\/\/api.w.org\/{rel}","templated":true}]}}