{"id":1885,"date":"2023-04-06T15:28:18","date_gmt":"2023-04-06T13:28:18","guid":{"rendered":"https:\/\/www.campinglesviolettes.com\/avisos-legales\/"},"modified":"2023-04-19T09:57:03","modified_gmt":"2023-04-19T07:57:03","slug":"avisos-legales","status":"publish","type":"page","link":"https:\/\/www.campinglesviolettes.com\/es\/avisos-legales\/","title":{"rendered":"Informaci\u00f3n jur\u00eddica"},"content":{"rendered":"<section id=\"ls-section-block_5a04a3d533705a06e8f0425d3c337bf0\" class=\"ls-section \" >\r\n        <div class=\"container container--wide\">\r\n        \n\n<h1 class=\"ls__heading wp-block-heading has-text-align-center\">Aviso legal<\/h1>\n\n\n\n<h2 class=\"ls__heading wp-block-heading deco\">Responsable del sitio<\/h2>\n\n\n\n<p class=\"ls-paragraph\"><strong>CAMPING LES VIOLETTES<\/strong><br\/>17 RD 813<br\/>31450 DEYME<br\/>Tel. 05 61 81 72 07<br\/>correo electr\u00f3nico: <a href=\"mailto:info@lestruffieres.com\">campinglesviolettes@wanadoo.fr<\/a><br\/>SARL con un capital de 7622,45\u20ac.<br\/>SIRET : 32260217800012<br\/>IVA intracomunitario: FR07322602178<br\/>Director de la publicaci\u00f3n: Isabelle y Bruno Lemmonier<\/p>\n\n\n\n<h2 class=\"ls__heading wp-block-heading deco\">REALIZACI\u00d3N<\/h2>\n\n\n\n<p class=\"ls-paragraph\"><strong>T\u00d3NICO GEEK<\/strong><br\/>Representado por el Sr. Yohan Darmayan en calidad de Gerente<br\/>Domicilio social: 50 AV. DU LAC MARION 64200 BIARRITZ<br\/>Tel\u00e9fono: 05 32 74 11 52<br\/>Correo electr\u00f3nico: support@geek-tonic.com<br\/>P\u00e1gina web: <a href=\"https:\/\/www.geek-tonic.com\/\">www.geek-tonic.com<\/a><br\/>SIRET : 79078282500034<br\/>APE : 6201Z<\/p>\n\n\n\n<h2 class=\"ls__heading wp-block-heading deco\">DERECHOS DE AUTOR<\/h2>\n\n\n\n<p class=\"ls-paragraph\">Todo el contenido de este sitio est\u00e1 sujeto a derechos de autor y de propiedad intelectual seg\u00fan la legislaci\u00f3n francesa. Queda prohibida cualquier reproducci\u00f3n (incluidas fotos, iconos y documentos descargables) sin el consentimiento previo de GEEK TONIC. Queda prohibida la reproducci\u00f3n en un soporte electr\u00f3nico de la totalidad o parte del sitio en formato papel o electr\u00f3nico. GEEK TONIC no es responsable del contenido del sitio web. GEEK TONIC declina asimismo toda responsabilidad por los enlaces externos a este sitio.<\/p>\n\n\n\n<h2 class=\"ls__heading wp-block-heading deco\" id=\"m-t-6\">DATOS PERSONALES E INFORMACI\u00d3N NOMINATIVA<\/h2>\n\n\n\n<p class=\"ls-paragraph\">Dispone de un derecho de acceso, modificaci\u00f3n, rectificaci\u00f3n y supresi\u00f3n de los datos que le conciernen de conformidad con el art\u00edculo 34 de la Ley francesa de protecci\u00f3n de datos (Loi \u00bb Informatique et Libert\u00e9s \u00bb n\u00b0 78-17 de 6 de enero de 1978, modificada el 6 de agosto de 2018). Para ejercer este derecho de acceso, puede presentar una solicitud por escrito al editor del sitio.<\/p>\n\n\n\n<h2 class=\"ls__heading wp-block-heading deco\">LEGISLACI\u00d3N<\/h2>\n\n\n\n<p class=\"ls-paragraph\">Seg\u00fan la ley de 11 de marzo de 1957 (art. 41) y el c\u00f3digo de la propiedad intelectual de 1 de julio de 1992, est\u00e1 prohibida la reproducci\u00f3n total o parcial de cualquier parte del sitio sin autorizaci\u00f3n previa del editor del sitio. Los logotipos, elementos visuales, fotos, v\u00eddeos, cuadros gr\u00e1ficos y textos son propiedad de sus respectivos due\u00f1os. Este sitio puede, sin su conocimiento, haber sido enlazado a otros sitios mediante hiperv\u00ednculos. El editor del sitio declina toda responsabilidad por la informaci\u00f3n presentada en estos otros sitios. El internauta reconoce que la utilizaci\u00f3n de este sitio se rige por la legislaci\u00f3n francesa.<\/p>\n\n\r\n    <\/div>\r\n<\/section>","protected":false},"excerpt":{"rendered":"","protected":false},"author":1,"featured_media":0,"parent":0,"menu_order":0,"comment_status":"closed","ping_status":"closed","template":"","meta":{"_acf_changed":false,"footnotes":""},"sujet":[],"class_list":["post-1885","page","type-page","status-publish","hentry"],"acf":[],"yoast_head":"<!-- This site is optimized with the Yoast SEO plugin v23.4 - https:\/\/yoast.com\/wordpress\/plugins\/seo\/ -->\n<title>Aviso legal - Les Violettes.<\/title>\n<meta name=\"robots\" content=\"noindex, nofollow\" \/>\n<meta property=\"og:locale\" content=\"es_ES\" \/>\n<meta property=\"og:type\" content=\"article\" \/>\n<meta property=\"og:title\" content=\"Aviso legal - Les Violettes.\" \/>\n<meta property=\"og:url\" content=\"https:\/\/www.campinglesviolettes.com\/es\/avisos-legales\/\" \/>\n<meta property=\"og:site_name\" content=\"Les Violettes\" \/>\n<meta property=\"article:modified_time\" content=\"2023-04-19T07:57:03+00:00\" \/>\n<meta name=\"twitter:card\" content=\"summary_large_image\" \/>\n<meta name=\"twitter:label1\" content=\"Tiempo de lectura\" \/>\n\t<meta name=\"twitter:data1\" content=\"2 minutos\" \/>\n<script type=\"application\/ld+json\" class=\"yoast-schema-graph\">{\"@context\":\"https:\/\/schema.org\",\"@graph\":[{\"@type\":\"WebPage\",\"@id\":\"https:\/\/www.campinglesviolettes.com\/es\/avisos-legales\/\",\"url\":\"https:\/\/www.campinglesviolettes.com\/es\/avisos-legales\/\",\"name\":\"Aviso legal - Les Violettes.\",\"isPartOf\":{\"@id\":\"https:\/\/www.campinglesviolettes.com\/#website\"},\"datePublished\":\"2023-04-06T13:28:18+00:00\",\"dateModified\":\"2023-04-19T07:57:03+00:00\",\"breadcrumb\":{\"@id\":\"https:\/\/www.campinglesviolettes.com\/es\/avisos-legales\/#breadcrumb\"},\"inLanguage\":\"es\",\"potentialAction\":[{\"@type\":\"ReadAction\",\"target\":[\"https:\/\/www.campinglesviolettes.com\/es\/avisos-legales\/\"]}]},{\"@type\":\"BreadcrumbList\",\"@id\":\"https:\/\/www.campinglesviolettes.com\/es\/avisos-legales\/#breadcrumb\",\"itemListElement\":[{\"@type\":\"ListItem\",\"position\":1,\"name\":\"Camping Occitanie\",\"item\":\"https:\/\/www.campinglesviolettes.com\/es\/\"},{\"@type\":\"ListItem\",\"position\":2,\"name\":\"Informaci\u00f3n jur\u00eddica\"}]},{\"@type\":\"WebSite\",\"@id\":\"https:\/\/www.campinglesviolettes.com\/#website\",\"url\":\"https:\/\/www.campinglesviolettes.com\/\",\"name\":\"Les Violettes\",\"description\":\"\",\"publisher\":{\"@id\":\"https:\/\/www.campinglesviolettes.com\/#organization\"},\"potentialAction\":[{\"@type\":\"SearchAction\",\"target\":{\"@type\":\"EntryPoint\",\"urlTemplate\":\"https:\/\/www.campinglesviolettes.com\/?s={search_term_string}\"},\"query-input\":{\"@type\":\"PropertyValueSpecification\",\"valueRequired\":true,\"valueName\":\"search_term_string\"}}],\"inLanguage\":\"es\"},{\"@type\":\"Organization\",\"@id\":\"https:\/\/www.campinglesviolettes.com\/#organization\",\"name\":\"Les Violettes\",\"url\":\"https:\/\/www.campinglesviolettes.com\/\",\"logo\":{\"@type\":\"ImageObject\",\"inLanguage\":\"es\",\"@id\":\"https:\/\/www.campinglesviolettes.com\/#\/schema\/logo\/image\/\",\"url\":\"https:\/\/www.campinglesviolettes.com\/wp-content\/uploads\/2023\/02\/logo-camping-les-violettes.png\",\"contentUrl\":\"https:\/\/www.campinglesviolettes.com\/wp-content\/uploads\/2023\/02\/logo-camping-les-violettes.png\",\"width\":250,\"height\":206,\"caption\":\"Les Violettes\"},\"image\":{\"@id\":\"https:\/\/www.campinglesviolettes.com\/#\/schema\/logo\/image\/\"}}]}<\/script>\n<!-- \/ Yoast SEO plugin. -->","yoast_head_json":{"title":"Aviso legal - Les Violettes.","robots":{"index":"noindex","follow":"nofollow"},"og_locale":"es_ES","og_type":"article","og_title":"Aviso legal - Les Violettes.","og_url":"https:\/\/www.campinglesviolettes.com\/es\/avisos-legales\/","og_site_name":"Les Violettes","article_modified_time":"2023-04-19T07:57:03+00:00","twitter_card":"summary_large_image","twitter_misc":{"Tiempo de lectura":"2 minutos"},"schema":{"@context":"https:\/\/schema.org","@graph":[{"@type":"WebPage","@id":"https:\/\/www.campinglesviolettes.com\/es\/avisos-legales\/","url":"https:\/\/www.campinglesviolettes.com\/es\/avisos-legales\/","name":"Aviso legal - Les Violettes.","isPartOf":{"@id":"https:\/\/www.campinglesviolettes.com\/#website"},"datePublished":"2023-04-06T13:28:18+00:00","dateModified":"2023-04-19T07:57:03+00:00","breadcrumb":{"@id":"https:\/\/www.campinglesviolettes.com\/es\/avisos-legales\/#breadcrumb"},"inLanguage":"es","potentialAction":[{"@type":"ReadAction","target":["https:\/\/www.campinglesviolettes.com\/es\/avisos-legales\/"]}]},{"@type":"BreadcrumbList","@id":"https:\/\/www.campinglesviolettes.com\/es\/avisos-legales\/#breadcrumb","itemListElement":[{"@type":"ListItem","position":1,"name":"Camping Occitanie","item":"https:\/\/www.campinglesviolettes.com\/es\/"},{"@type":"ListItem","position":2,"name":"Informaci\u00f3n jur\u00eddica"}]},{"@type":"WebSite","@id":"https:\/\/www.campinglesviolettes.com\/#website","url":"https:\/\/www.campinglesviolettes.com\/","name":"Les Violettes","description":"","publisher":{"@id":"https:\/\/www.campinglesviolettes.com\/#organization"},"potentialAction":[{"@type":"SearchAction","target":{"@type":"EntryPoint","urlTemplate":"https:\/\/www.campinglesviolettes.com\/?s={search_term_string}"},"query-input":{"@type":"PropertyValueSpecification","valueRequired":true,"valueName":"search_term_string"}}],"inLanguage":"es"},{"@type":"Organization","@id":"https:\/\/www.campinglesviolettes.com\/#organization","name":"Les Violettes","url":"https:\/\/www.campinglesviolettes.com\/","logo":{"@type":"ImageObject","inLanguage":"es","@id":"https:\/\/www.campinglesviolettes.com\/#\/schema\/logo\/image\/","url":"https:\/\/www.campinglesviolettes.com\/wp-content\/uploads\/2023\/02\/logo-camping-les-violettes.png","contentUrl":"https:\/\/www.campinglesviolettes.com\/wp-content\/uploads\/2023\/02\/logo-camping-les-violettes.png","width":250,"height":206,"caption":"Les Violettes"},"image":{"@id":"https:\/\/www.campinglesviolettes.com\/#\/schema\/logo\/image\/"}}]}},"_links":{"self":[{"href":"https:\/\/www.campinglesviolettes.com\/es\/wp-json\/wp\/v2\/pages\/1885","targetHints":{"allow":["GET"]}}],"collection":[{"href":"https:\/\/www.campinglesviolettes.com\/es\/wp-json\/wp\/v2\/pages"}],"about":[{"href":"https:\/\/www.campinglesviolettes.com\/es\/wp-json\/wp\/v2\/types\/page"}],"author":[{"embeddable":true,"href":"https:\/\/www.campinglesviolettes.com\/es\/wp-json\/wp\/v2\/users\/1"}],"replies":[{"embeddable":true,"href":"https:\/\/www.campinglesviolettes.com\/es\/wp-json\/wp\/v2\/comments?post=1885"}],"version-history":[{"count":6,"href":"https:\/\/www.campinglesviolettes.com\/es\/wp-json\/wp\/v2\/pages\/1885\/revisions"}],"predecessor-version":[{"id":2559,"href":"https:\/\/www.campinglesviolettes.com\/es\/wp-json\/wp\/v2\/pages\/1885\/revisions\/2559"}],"wp:attachment":[{"href":"https:\/\/www.campinglesviolettes.com\/es\/wp-json\/wp\/v2\/media?parent=1885"}],"wp:term":[{"taxonomy":"sujet","embeddable":true,"href":"https:\/\/www.campinglesviolettes.com\/es\/wp-json\/wp\/v2\/sujet?post=1885"}],"curies":[{"name":"wp","href":"https:\/\/api.w.org\/{rel}","templated":true}]}}