{"id":1880,"date":"2023-04-06T15:28:17","date_gmt":"2023-04-06T13:28:17","guid":{"rendered":"https:\/\/www.campinglesviolettes.com\/contacto-acceso\/"},"modified":"2025-11-03T11:22:03","modified_gmt":"2025-11-03T10:22:03","slug":"contacto-acceso","status":"publish","type":"page","link":"https:\/\/www.campinglesviolettes.com\/es\/contacto-acceso\/","title":{"rendered":"Contacto y acceso"},"content":{"rendered":"<section id=\"ls-section-block_e1afb434a113190006806f9d05beb8bc\" class=\"ls-section  block-heb has-m-b m-b-0 has-p-b p-b-0\" >\r\n        <div class=\"container \">\r\n        \n\n<h1 class=\"ls__heading wp-block-heading has-text-align-center h1-heb\">P\u00f3ngase en contacto con el camping Les Violettes, cerca de Toulouse.<\/h1>\n\n\r\n    <\/div>\r\n<\/section><section id=\"ls-section-block_9882ae5c0c44538ce91e590bbd80e0a5\" class=\"ls-section  home-seventh page-one\" >\r\n        <div class=\"container container--wide\">\r\n        \n\n<div class=\"wp-block-columns are-vertically-aligned-center is-layout-flex wp-container-core-columns-is-layout-9d6595d7 wp-block-columns-is-layout-flex\">\n<div class=\"wp-block-column is-vertically-aligned-center is-layout-flow wp-block-column-is-layout-flow\" style=\"flex-basis:60%\">\n<div style=\"max-width: 100%; text-align: left;background:white;\">\n<script>\n\/\/const cookieObj = new URLSearchParams(document.cookie.replaceAll(\"&\", \"%26\").replaceAll(\"; \",\"&\"));\n\/\/var currentLang = cookieObj.get(\"wp-wpml_current_language\");\nvar customOptions = {\nIdentity:{\nCompanyId: '407',\nEstablishmentIds: '4032',\nLanguage: getLangCode,\nPolice: 'Roboto',\nShowHeader: 'true',\nHeaderColor: 'ffffff',\nTextColor: '8c4a95',\nBackgroundColor: 'ffffff',\nPoliceColor: '8c4a95',\nButtonColor: '8c4a95',\nHoverColor: 'ffffff'\n}\n};\n!function(){var e=new window.CTV.Widget(\"CRM\", \"Estimate\",customOptions);\ndocument.write(e.Write()),window.CTV.WidgetsCollection.push(e), e.Send()}();\n<\/script>\n<\/div>\n<\/div>\n\n\n\n<div class=\"wp-block-column is-vertically-aligned-center is-layout-flow wp-block-column-is-layout-flow\" style=\"flex-basis:40%\">\n<h2 class=\"ls__heading wp-block-heading\"><strong>P\u00f3ngase en contacto con nosotros<\/strong><\/h2>\n\n\n\n<p class=\"ls-paragraph\">Para cualquier informaci\u00f3n, puede ponerse en contacto con nosotros en el +33 (0)5 61 81 72 07.<\/p>\n\n\n\n<ul class=\"ls-list ls-list-undefined wp-block-list\">\n<li>En temporada baja: <strong>9:00-12:00 | 14:00-18:00<\/strong><\/li>\n\n\n\n<li>En temporada media: <strong>9:00-12:00 | 14:00-19:00<\/strong><\/li>\n\n\n\n<li>En temporada alta (julio-agosto):<strong> 8:30-21:00<\/strong><\/li>\n<\/ul>\n\n\n\n<p class=\"ls-paragraph\"> o por correo electr\u00f3nico a la direcci\u00f3n <a href=\"mailto:campinglesviolettes@wanadoo.fr\">campinglesviolettes@wanadoo.fr<\/a><\/p>\n\n\n\n<p class=\"ls-paragraph\">\u00bfQuiere saber m\u00e1s?<\/p>\n\n\n\n<p class=\"ls-paragraph\">Descubra nuestro<a href=\"https:\/\/welcomebookletcamping.my.canva.site\/chevalet-livret-d-accueil\"> folleto de bienvenida digital<\/a> para conocer nuestra informaci\u00f3n pr\u00e1ctica, nuestros servicios o incluso los lugares imprescindibles y las mejores ofertas en las cercan\u00edas&#8230;<\/p>\n\n\n\n<p class=\"ls-paragraph\">\u00a1Siga toda la actualidad del Camping des Violettes en las redes sociales!<br\/>\u00a1<strong>S\u00edguenos <\/strong>en Instagram, Facebook, LinkedIn y TikTok! \u00a1Nos vemos pronto en l\u00ednea! <\/p>\n\n\n\r\n<div id=\"ls-socials-block_a6da693e65acc159113f8d5cbd36d23d\" class=\"ls-socials aligncenter\" >\r\n    <div class=\"ls-socials__content\">\r\n                                                                <a class=\"ls-socials__item\" href=\"https:\/\/www.facebook.com\/CampingLesViolettes31\" title=\"Retrouvez-nous sur facebook\" target=\"_blank\" rel=\"noopener\">\r\n                    <i class=\"violettes-facebook\"><\/i>\r\n                <\/a>\r\n                                            <a class=\"ls-socials__item\" href=\"https:\/\/www.instagram.com\/campinglesviolettes\/?hl=fr\" title=\"Retrouvez-nous sur instagram\" target=\"_blank\" rel=\"noopener\">\r\n                    <i class=\"violettes-instagram\"><\/i>\r\n                <\/a>\r\n                                            <a class=\"ls-socials__item\" href=\"https:\/\/www.tripadvisor.fr\/Hotel_Review-g7736825-d8520539-Reviews-Camping_Les_Violettes-Deyme_Haute_Garonne_Occitanie.html\" title=\"Retrouvez-nous sur tripadvisor\" target=\"_blank\" rel=\"noopener\">\r\n                    <i class=\"violettes-tripadvisor\"><\/i>\r\n                <\/a>\r\n                                            <a class=\"ls-socials__item\" href=\"https:\/\/www.tiktok.com\/@campinglesviolettes31\" title=\"Retrouvez-nous sur tiktok\" target=\"_blank\" rel=\"noopener\">\r\n                    <i class=\"violettes-two-tiktok\"><\/i>\r\n                <\/a>\r\n                                            <a class=\"ls-socials__item\" href=\"https:\/\/www.linkedin.com\/in\/camping-les-violettes-4a19aa298\/\" title=\"Retrouvez-nous sur linkedin\" target=\"_blank\" rel=\"noopener\">\r\n                    <i class=\"violettes-two-linkedin\"><\/i>\r\n                <\/a>\r\n                        <\/div>\r\n<\/div><\/div>\n<\/div>\n\n\r\n    <\/div>\r\n<\/section><section id=\"ls-section-block_ab4d451320a1764ef150523531d760de\" class=\"ls-section \" >\r\n        <div class=\"container container--wide\">\r\n        \n\n<div class=\"wp-block-columns is-layout-flex wp-container-core-columns-is-layout-9d6595d7 wp-block-columns-is-layout-flex\">\n<div class=\"wp-block-column is-vertically-aligned-center is-layout-flow wp-block-column-is-layout-flow\">\n<h2 class=\"ls__heading wp-block-heading\"><strong>Acceso al camping<\/strong><\/h2>\n\n\n\n<p class=\"ls-paragraph\">\u00bfC\u00f3mo llegar al Camping Les Violettes?<\/p>\n\n\n\n<p class=\"ls-paragraph\"><strong>Por el Canal du Midi<\/strong>: a 800 m, desde el puente de Deyme, gire a la izquierda, siga la carretera hasta la nacional y gire a la izquierda. El camping se encuentra a 100 m a su izquierda. <\/p>\n\n\n\n<p class=\"ls-paragraph\"><strong>Depuis Toulouse <\/strong>: Prendre direction Montpellier A61 par le p\u00e9age, prendre la sortie de Montgiscard (Sortie 19) puis direction Montgiscard et ensuite vers Deyme. Le camping se trouve \u00e0 environ 3km sur la nationale sur votre droite.  <\/p>\n\n\n\n<p class=\"ls-paragraph\"><\/p>\n<\/div>\n\n\n\n<div class=\"wp-block-column is-vertically-aligned-center is-layout-flow wp-block-column-is-layout-flow\">\n<iframe src=\"https:\/\/www.google.com\/maps\/embed?pb=!1m18!1m12!1m3!1d2894.7511047635016!2d1.5302273157190394!3d43.48666437120112!2m3!1f0!2f0!3f0!3m2!1i1024!2i768!4f13.1!3m3!1m2!1s0x12ae9544ed3001e7%3A0x53dabe9164001244!2sCamping%20Les%20Violettes!5e0!3m2!1sfr!2sfr!4v1678887472486!5m2!1sfr!2sfr\" width=\"600\" height=\"450\" style=\"border:0;\" allowfullscreen=\"\" loading=\"lazy\" referrerpolicy=\"no-referrer-when-downgrade\"><\/iframe>\n<\/div>\n<\/div>\n\n\r\n    <\/div>\r\n<\/section>","protected":false},"excerpt":{"rendered":"","protected":false},"author":1,"featured_media":3771,"parent":0,"menu_order":0,"comment_status":"closed","ping_status":"closed","template":"","meta":{"_acf_changed":false,"footnotes":""},"sujet":[],"class_list":["post-1880","page","type-page","status-publish","has-post-thumbnail","hentry"],"acf":[],"yoast_head":"<!-- This site is optimized with the Yoast SEO plugin v23.4 - https:\/\/yoast.com\/wordpress\/plugins\/seo\/ -->\n<title>P\u00f3ngase en contacto con el camping Les Violettes en Haute-Garonne, cerca de Toulouse.<\/title>\n<meta name=\"description\" content=\"\u00bfAlguna pregunta? P\u00f3ngase en contacto con el camping Les Violettes, con una ubicaci\u00f3n ideal en Haute-Garonne, a 800 m del canal del Midi y a 15 min de Toulouse.\" \/>\n<meta name=\"robots\" content=\"index, follow, max-snippet:-1, max-image-preview:large, max-video-preview:-1\" \/>\n<link rel=\"canonical\" href=\"https:\/\/www.campinglesviolettes.com\/es\/contacto-acceso\/\" \/>\n<meta property=\"og:locale\" content=\"es_ES\" \/>\n<meta property=\"og:type\" content=\"article\" \/>\n<meta property=\"og:title\" content=\"P\u00f3ngase en contacto con el camping Les Violettes en Haute-Garonne, cerca de Toulouse.\" \/>\n<meta property=\"og:description\" content=\"\u00bfAlguna pregunta? P\u00f3ngase en contacto con el camping Les Violettes, con una ubicaci\u00f3n ideal en Haute-Garonne, a 800 m del canal del Midi y a 15 min de Toulouse.\" \/>\n<meta property=\"og:url\" content=\"https:\/\/www.campinglesviolettes.com\/es\/contacto-acceso\/\" \/>\n<meta property=\"og:site_name\" content=\"Les Violettes\" \/>\n<meta property=\"article:modified_time\" content=\"2025-11-03T10:22:03+00:00\" \/>\n<meta property=\"og:image\" content=\"https:\/\/www.campinglesviolettes.com\/wp-content\/uploads\/2023\/02\/IMG_2967-1-scaled.jpg\" \/>\n\t<meta property=\"og:image:width\" content=\"1920\" \/>\n\t<meta property=\"og:image:height\" content=\"2560\" \/>\n\t<meta property=\"og:image:type\" content=\"image\/jpeg\" \/>\n<meta name=\"twitter:card\" content=\"summary_large_image\" \/>\n<meta name=\"twitter:label1\" content=\"Tiempo de lectura\" \/>\n\t<meta name=\"twitter:data1\" content=\"1 minuto\" \/>\n<script type=\"application\/ld+json\" class=\"yoast-schema-graph\">{\"@context\":\"https:\/\/schema.org\",\"@graph\":[{\"@type\":\"WebPage\",\"@id\":\"https:\/\/www.campinglesviolettes.com\/es\/contacto-acceso\/\",\"url\":\"https:\/\/www.campinglesviolettes.com\/es\/contacto-acceso\/\",\"name\":\"P\u00f3ngase en contacto con el camping Les Violettes en Haute-Garonne, cerca de Toulouse.\",\"isPartOf\":{\"@id\":\"https:\/\/www.campinglesviolettes.com\/#website\"},\"primaryImageOfPage\":{\"@id\":\"https:\/\/www.campinglesviolettes.com\/es\/contacto-acceso\/#primaryimage\"},\"image\":{\"@id\":\"https:\/\/www.campinglesviolettes.com\/es\/contacto-acceso\/#primaryimage\"},\"thumbnailUrl\":\"https:\/\/www.campinglesviolettes.com\/wp-content\/uploads\/2023\/02\/IMG_2967-1-scaled.jpg\",\"datePublished\":\"2023-04-06T13:28:17+00:00\",\"dateModified\":\"2025-11-03T10:22:03+00:00\",\"description\":\"\u00bfAlguna pregunta? P\u00f3ngase en contacto con el camping Les Violettes, con una ubicaci\u00f3n ideal en Haute-Garonne, a 800 m del canal del Midi y a 15 min de Toulouse.\",\"breadcrumb\":{\"@id\":\"https:\/\/www.campinglesviolettes.com\/es\/contacto-acceso\/#breadcrumb\"},\"inLanguage\":\"es\",\"potentialAction\":[{\"@type\":\"ReadAction\",\"target\":[\"https:\/\/www.campinglesviolettes.com\/es\/contacto-acceso\/\"]}]},{\"@type\":\"ImageObject\",\"inLanguage\":\"es\",\"@id\":\"https:\/\/www.campinglesviolettes.com\/es\/contacto-acceso\/#primaryimage\",\"url\":\"https:\/\/www.campinglesviolettes.com\/wp-content\/uploads\/2023\/02\/IMG_2967-1-scaled.jpg\",\"contentUrl\":\"https:\/\/www.campinglesviolettes.com\/wp-content\/uploads\/2023\/02\/IMG_2967-1-scaled.jpg\",\"width\":1920,\"height\":2560,\"caption\":\"IMG 2967 (1)\"},{\"@type\":\"BreadcrumbList\",\"@id\":\"https:\/\/www.campinglesviolettes.com\/es\/contacto-acceso\/#breadcrumb\",\"itemListElement\":[{\"@type\":\"ListItem\",\"position\":1,\"name\":\"Camping Occitanie\",\"item\":\"https:\/\/www.campinglesviolettes.com\/es\/\"},{\"@type\":\"ListItem\",\"position\":2,\"name\":\"Contacto y direcciones\"}]},{\"@type\":\"WebSite\",\"@id\":\"https:\/\/www.campinglesviolettes.com\/#website\",\"url\":\"https:\/\/www.campinglesviolettes.com\/\",\"name\":\"Les Violettes\",\"description\":\"\",\"publisher\":{\"@id\":\"https:\/\/www.campinglesviolettes.com\/#organization\"},\"potentialAction\":[{\"@type\":\"SearchAction\",\"target\":{\"@type\":\"EntryPoint\",\"urlTemplate\":\"https:\/\/www.campinglesviolettes.com\/?s={search_term_string}\"},\"query-input\":{\"@type\":\"PropertyValueSpecification\",\"valueRequired\":true,\"valueName\":\"search_term_string\"}}],\"inLanguage\":\"es\"},{\"@type\":\"Organization\",\"@id\":\"https:\/\/www.campinglesviolettes.com\/#organization\",\"name\":\"Les Violettes\",\"url\":\"https:\/\/www.campinglesviolettes.com\/\",\"logo\":{\"@type\":\"ImageObject\",\"inLanguage\":\"es\",\"@id\":\"https:\/\/www.campinglesviolettes.com\/#\/schema\/logo\/image\/\",\"url\":\"https:\/\/www.campinglesviolettes.com\/wp-content\/uploads\/2023\/02\/logo-camping-les-violettes.png\",\"contentUrl\":\"https:\/\/www.campinglesviolettes.com\/wp-content\/uploads\/2023\/02\/logo-camping-les-violettes.png\",\"width\":250,\"height\":206,\"caption\":\"Les Violettes\"},\"image\":{\"@id\":\"https:\/\/www.campinglesviolettes.com\/#\/schema\/logo\/image\/\"}}]}<\/script>\n<!-- \/ Yoast SEO plugin. -->","yoast_head_json":{"title":"P\u00f3ngase en contacto con el camping Les Violettes en Haute-Garonne, cerca de Toulouse.","description":"\u00bfAlguna pregunta? P\u00f3ngase en contacto con el camping Les Violettes, con una ubicaci\u00f3n ideal en Haute-Garonne, a 800 m del canal del Midi y a 15 min de Toulouse.","robots":{"index":"index","follow":"follow","max-snippet":"max-snippet:-1","max-image-preview":"max-image-preview:large","max-video-preview":"max-video-preview:-1"},"canonical":"https:\/\/www.campinglesviolettes.com\/es\/contacto-acceso\/","og_locale":"es_ES","og_type":"article","og_title":"P\u00f3ngase en contacto con el camping Les Violettes en Haute-Garonne, cerca de Toulouse.","og_description":"\u00bfAlguna pregunta? P\u00f3ngase en contacto con el camping Les Violettes, con una ubicaci\u00f3n ideal en Haute-Garonne, a 800 m del canal del Midi y a 15 min de Toulouse.","og_url":"https:\/\/www.campinglesviolettes.com\/es\/contacto-acceso\/","og_site_name":"Les Violettes","article_modified_time":"2025-11-03T10:22:03+00:00","og_image":[{"width":1920,"height":2560,"url":"https:\/\/www.campinglesviolettes.com\/wp-content\/uploads\/2023\/02\/IMG_2967-1-scaled.jpg","type":"image\/jpeg"}],"twitter_card":"summary_large_image","twitter_misc":{"Tiempo de lectura":"1 minuto"},"schema":{"@context":"https:\/\/schema.org","@graph":[{"@type":"WebPage","@id":"https:\/\/www.campinglesviolettes.com\/es\/contacto-acceso\/","url":"https:\/\/www.campinglesviolettes.com\/es\/contacto-acceso\/","name":"P\u00f3ngase en contacto con el camping Les Violettes en Haute-Garonne, cerca de Toulouse.","isPartOf":{"@id":"https:\/\/www.campinglesviolettes.com\/#website"},"primaryImageOfPage":{"@id":"https:\/\/www.campinglesviolettes.com\/es\/contacto-acceso\/#primaryimage"},"image":{"@id":"https:\/\/www.campinglesviolettes.com\/es\/contacto-acceso\/#primaryimage"},"thumbnailUrl":"https:\/\/www.campinglesviolettes.com\/wp-content\/uploads\/2023\/02\/IMG_2967-1-scaled.jpg","datePublished":"2023-04-06T13:28:17+00:00","dateModified":"2025-11-03T10:22:03+00:00","description":"\u00bfAlguna pregunta? P\u00f3ngase en contacto con el camping Les Violettes, con una ubicaci\u00f3n ideal en Haute-Garonne, a 800 m del canal del Midi y a 15 min de Toulouse.","breadcrumb":{"@id":"https:\/\/www.campinglesviolettes.com\/es\/contacto-acceso\/#breadcrumb"},"inLanguage":"es","potentialAction":[{"@type":"ReadAction","target":["https:\/\/www.campinglesviolettes.com\/es\/contacto-acceso\/"]}]},{"@type":"ImageObject","inLanguage":"es","@id":"https:\/\/www.campinglesviolettes.com\/es\/contacto-acceso\/#primaryimage","url":"https:\/\/www.campinglesviolettes.com\/wp-content\/uploads\/2023\/02\/IMG_2967-1-scaled.jpg","contentUrl":"https:\/\/www.campinglesviolettes.com\/wp-content\/uploads\/2023\/02\/IMG_2967-1-scaled.jpg","width":1920,"height":2560,"caption":"IMG 2967 (1)"},{"@type":"BreadcrumbList","@id":"https:\/\/www.campinglesviolettes.com\/es\/contacto-acceso\/#breadcrumb","itemListElement":[{"@type":"ListItem","position":1,"name":"Camping Occitanie","item":"https:\/\/www.campinglesviolettes.com\/es\/"},{"@type":"ListItem","position":2,"name":"Contacto y direcciones"}]},{"@type":"WebSite","@id":"https:\/\/www.campinglesviolettes.com\/#website","url":"https:\/\/www.campinglesviolettes.com\/","name":"Les Violettes","description":"","publisher":{"@id":"https:\/\/www.campinglesviolettes.com\/#organization"},"potentialAction":[{"@type":"SearchAction","target":{"@type":"EntryPoint","urlTemplate":"https:\/\/www.campinglesviolettes.com\/?s={search_term_string}"},"query-input":{"@type":"PropertyValueSpecification","valueRequired":true,"valueName":"search_term_string"}}],"inLanguage":"es"},{"@type":"Organization","@id":"https:\/\/www.campinglesviolettes.com\/#organization","name":"Les Violettes","url":"https:\/\/www.campinglesviolettes.com\/","logo":{"@type":"ImageObject","inLanguage":"es","@id":"https:\/\/www.campinglesviolettes.com\/#\/schema\/logo\/image\/","url":"https:\/\/www.campinglesviolettes.com\/wp-content\/uploads\/2023\/02\/logo-camping-les-violettes.png","contentUrl":"https:\/\/www.campinglesviolettes.com\/wp-content\/uploads\/2023\/02\/logo-camping-les-violettes.png","width":250,"height":206,"caption":"Les Violettes"},"image":{"@id":"https:\/\/www.campinglesviolettes.com\/#\/schema\/logo\/image\/"}}]}},"_links":{"self":[{"href":"https:\/\/www.campinglesviolettes.com\/es\/wp-json\/wp\/v2\/pages\/1880","targetHints":{"allow":["GET"]}}],"collection":[{"href":"https:\/\/www.campinglesviolettes.com\/es\/wp-json\/wp\/v2\/pages"}],"about":[{"href":"https:\/\/www.campinglesviolettes.com\/es\/wp-json\/wp\/v2\/types\/page"}],"author":[{"embeddable":true,"href":"https:\/\/www.campinglesviolettes.com\/es\/wp-json\/wp\/v2\/users\/1"}],"replies":[{"embeddable":true,"href":"https:\/\/www.campinglesviolettes.com\/es\/wp-json\/wp\/v2\/comments?post=1880"}],"version-history":[{"count":18,"href":"https:\/\/www.campinglesviolettes.com\/es\/wp-json\/wp\/v2\/pages\/1880\/revisions"}],"predecessor-version":[{"id":5478,"href":"https:\/\/www.campinglesviolettes.com\/es\/wp-json\/wp\/v2\/pages\/1880\/revisions\/5478"}],"wp:featuredmedia":[{"embeddable":true,"href":"https:\/\/www.campinglesviolettes.com\/es\/wp-json\/wp\/v2\/media\/3771"}],"wp:attachment":[{"href":"https:\/\/www.campinglesviolettes.com\/es\/wp-json\/wp\/v2\/media?parent=1880"}],"wp:term":[{"taxonomy":"sujet","embeddable":true,"href":"https:\/\/www.campinglesviolettes.com\/es\/wp-json\/wp\/v2\/sujet?post=1880"}],"curies":[{"name":"wp","href":"https:\/\/api.w.org\/{rel}","templated":true}]}}