{"id":1926,"date":"2023-04-06T15:28:24","date_gmt":"2023-04-06T13:28:24","guid":{"rendered":"https:\/\/www.campinglesviolettes.com\/camping-bike-toulouse\/"},"modified":"2026-04-10T16:04:32","modified_gmt":"2026-04-10T14:04:32","slug":"camping-bike-toulouse","status":"publish","type":"page","link":"https:\/\/www.campinglesviolettes.com\/en\/camping-bike-toulouse\/","title":{"rendered":"Cyclists welcome"},"content":{"rendered":"<section id=\"ls-section-block_0a36f11c3e7c1c14e2d671162555d4d7\" class=\"ls-section  home-seventh page-one\" >\r\n        <div class=\"container container--wide\">\r\n        \n\n<h1 class=\"ls__heading wp-block-heading has-text-align-center\">Cyclotourism and camping : adventure bike<\/h1>\n\n\n\n<p class=\"ls-paragraph has-text-align-center\">Cycle <strong>tourism with camping<\/strong> is attracting a growing number of enthusiasts, <strong>with 22 million French people choosing cycling for their holidays<\/strong><sup>1<\/sup>. To make the most of this experience, your choice of destination is crucial. A <a href=\"https:\/\/www.campinglesviolettes.com\/en\/\">campsite in Haute-Garonne<\/a>, like our <strong>Les Violettes campsite<\/strong>, is ideally located at the crossroads of well-known greenways. It&#8217;s the perfect starting point for your adventure. Ready to pedal?    <br\/><\/p>\n\n\n\n<div class=\"wp-block-columns are-vertically-aligned-center is-layout-flex wp-container-core-columns-is-layout-9d6595d7 wp-block-columns-is-layout-flex\">\n<div class=\"wp-block-column is-vertically-aligned-center is-layout-flow wp-block-column-is-layout-flow\" style=\"flex-basis:60%\">\n<figure class=\"wp-block-gallery has-nested-images columns-2 is-cropped violettes-slider wp-block-gallery-1 is-layout-flex wp-block-gallery-is-layout-flex\">\n<figure class=\"wp-block-image size-full\"><a href=\"https:\/\/www.campinglesviolettes.com\/wp-content\/uploads\/2025\/04\/velo.jpg\"><img decoding=\"async\" width=\"604\" height=\"730\" data-id=\"3585\" src=\"https:\/\/www.campinglesviolettes.com\/wp-content\/uploads\/2025\/04\/velo.jpg\" alt=\"campings fot the cyclotourism\" class=\"wp-image-3585\" srcset=\"https:\/\/www.campinglesviolettes.com\/wp-content\/uploads\/2025\/04\/velo.jpg 604w, https:\/\/www.campinglesviolettes.com\/wp-content\/uploads\/2025\/04\/velo-248x300.jpg 248w\" sizes=\"(max-width: 604px) 100vw, 604px\" \/><\/a><\/figure>\n<\/figure>\n<\/div>\n\n\n\n<div class=\"wp-block-column is-vertically-aligned-center is-layout-flow wp-block-column-is-layout-flow\" style=\"flex-basis:40%\">\n<h2 class=\"ls__heading wp-block-heading no-animation\"><strong>Find the best campsites for bicycle touring<\/strong><\/h2>\n\n\n\n<p class=\"ls-paragraph\">For <strong>cyclists<\/strong> traveling <strong>long distances<\/strong>, certain services are essential. In order to identify campgrounds that are bike-friendly, the French Federation of Cycle Tourism has created the Accueil V\u00e9lo label. It guarantees that the establishment is less than 5 km from a route and provides useful advice on <strong>cycle tourism at campgrounds.<\/strong>  <\/p>\n\n\n\n<p class=\"ls-paragraph\">Our<strong> Les Violettes campsite<\/strong>, one of the<strong> 3-star campsites<\/strong> with the Accueil V\u00e9lo label, perfectly embodies this philosophy. You will find an ideal <strong>\n  <strong>spot for your tent<\/strong>\n<\/strong>, as well as a relaxation area. After your efforts, comfort is guaranteed: our <br\/>\n  <a href=\"https:\/\/www.campinglesviolettes.com\/en\/camping-heated-pool-toulouse\/\">campsite in Haute-Garonne with a water park<\/a>\n  <br\/> has a swimming pool, a particularly welcome reward after<strong> a long day of cycling.<\/strong>\n  <br\/><\/p>\n<\/div>\n<\/div>\n\n\r\n    <\/div>\r\n<\/section><section id=\"ls-section-block_54f7d4226dc20eed095fdebe9048a398\" class=\"ls-section  home-fourth page-two has-background-image has-parallax\" >\r\n    <div class=\"ls-section__background-image opacity-100\"><img decoding=\"async\" src=\"https:\/\/www.campinglesviolettes.com\/wp-content\/uploads\/2023\/03\/vacances-velo-en-famille-toulouse.webp\" alt=\"cycling vacations in family toulouse\"><\/div>    <div class=\"container \">\r\n        \n\n<h2 class=\"ls__heading wp-block-heading has-text-align-center no-animation\"><strong><strong>Planning your adventure: itineraries and preparation<\/strong><\/strong><\/h2>\n\n\n\n<p class=\"ls-paragraph has-text-align-center\">France, with its dense network of cycle routes, is a prime destination for <strong>cycle tourism and camping<\/strong>. Careful planning is essential for a successful <g id=\"gid_1\">cycling trip<\/g>, balancing effort and breaks. Platforms such as <strong>France V\u00e9lo Tourisme<\/strong> are invaluable resources for preparing <strong>your cycling vacation.<\/strong>  <\/p>\n\n\n\n<p class=\"ls-paragraph\">In Haute-Garonne, try the<strong> Canal des Deux Mers<\/strong> \u00e0 v\u00e9lo (<strong>V80<\/strong>), which passes close to our Les Violettes campsite, or discover the <strong>Trans-Garona<\/strong> (<strong>V86<\/strong>) and the V\u00e9loroute du <strong>Pi\u00e9mont Pyr\u00e9n\u00e9en<\/strong> (<strong>V81<\/strong>). For a more leisurely family outing, the<strong> Voie Verte du Salat<\/strong> is ideal. <\/p>\n\n\n\n<p class=\"ls-paragraph has-text-align-center\"><em>Warning: while the Canal de Garonne guarantees a well-maintained greenway, the Canal du Midi is wilder, with its rustic towpaths. Choose a suitable bike (VTC or Gravel) and think about the  <\/em><strong>\n  <em>bike hire<\/em>\n<\/strong><em> if required.<\/em><\/p>\n\n\r\n    <\/div>\r\n<\/section><section id=\"ls-section-block_506648a1e8066b0114a558581a4ded1b\" class=\"ls-section  home-fifth page-three has-background has-color-3-background-color has-p-t p-t-15\" >\r\n        <div class=\"container container--wide\">\r\n        \n\n<div class=\"wp-block-columns are-vertically-aligned-center is-layout-flex wp-container-core-columns-is-layout-9d6595d7 wp-block-columns-is-layout-flex\">\n<div class=\"wp-block-column is-vertically-aligned-center is-layout-flow wp-block-column-is-layout-flow\" style=\"flex-basis:40%\">\n<h2 class=\"ls__heading wp-block-heading no-animation\"><strong>Essential equipment for cycling and camping<\/strong><\/h2>\n\n\n\n<p class=\"ls-paragraph\">For a <strong>successful bike trip <\/strong>with camping, lightness is your best ally. Your camping and biking gear needs to be compact and reliable. Here&#8217;s the essential equipment for your bike trip and bivouac:  <\/p>\n\n\n\n<ul class=\"ls-list ls-list-undefined wp-block-list\">\n<li><strong>For sleeping: <\/strong>opt for a lightweight bicycle travel tent, a sleeping bag adapted to the season and an insulating mattress for restful nights. For those who prefer more comfort after a day&#8217;s pedaling, our Les Violettes campsite offers spacious tent pitches. This is the ideal option if you&#8217;re looking for <a href=\"https:\/\/www.campinglesviolettes.com\/en\/rent-pitches-toulouse\/\">a campsite near Toulouse.<\/a>  <\/li>\n\n\n\n<li><strong>For cooking:<\/strong> a stove, a cooking pot, cutlery and a lighter will enable you to prepare hot meals, even in the wilderness.<\/li>\n\n\n\n<li><strong>For cycling<\/strong> : a complete repair kit, high-performance lights, a sturdy lock and, of course, a helmet are essential for your safety on the road. <\/li>\n\n\n\n<li><strong>Clothing and hygiene:<\/strong> choose technical clothing, a waterproof jacket, a microfiber towel and a first-aid kit.<\/li>\n<\/ul>\n\n\n\n<p class=\"ls-paragraph\">With this equipment, you&#8217;ll be ready for any <strong>adventure on your cycle touring route!<\/strong><\/p>\n<\/div>\n\n\n\n<div class=\"wp-block-column is-vertically-aligned-center is-layout-flow wp-block-column-is-layout-flow\" style=\"flex-basis:60%\">\n<figure class=\"wp-block-image size-full violettes-piscine\"><a href=\"https:\/\/www.campinglesviolettes.com\/wp-content\/uploads\/2023\/03\/sorties-velo-toulouse.webp\"><img decoding=\"async\" width=\"1000\" height=\"666\" src=\"https:\/\/www.campinglesviolettes.com\/wp-content\/uploads\/2023\/03\/sorties-velo-toulouse.webp\" alt=\"Tools for bicycle touring\" class=\"wp-image-1083\" srcset=\"https:\/\/www.campinglesviolettes.com\/wp-content\/uploads\/2023\/03\/sorties-velo-toulouse.webp 1000w, https:\/\/www.campinglesviolettes.com\/wp-content\/uploads\/2023\/03\/sorties-velo-toulouse-300x200.webp 300w, https:\/\/www.campinglesviolettes.com\/wp-content\/uploads\/2023\/03\/sorties-velo-toulouse-768x511.webp 768w\" sizes=\"(max-width: 1000px) 100vw, 1000px\" \/><\/a><\/figure>\n<\/div>\n<\/div>\n\n\n\n<div class=\"wp-block-columns is-layout-flex wp-container-core-columns-is-layout-9d6595d7 wp-block-columns-is-layout-flex\">\n<div class=\"wp-block-column is-layout-flow wp-block-column-is-layout-flow\">\n<figure class=\"wp-block-image size-full\"><img decoding=\"async\" width=\"900\" height=\"666\" src=\"https:\/\/www.campinglesviolettes.com\/wp-content\/uploads\/2023\/03\/camping-velo-toulouse.webp\" alt=\"camping bike toulouse\" class=\"wp-image-1828\" srcset=\"https:\/\/www.campinglesviolettes.com\/wp-content\/uploads\/2023\/03\/camping-velo-toulouse.webp 900w, https:\/\/www.campinglesviolettes.com\/wp-content\/uploads\/2023\/03\/camping-velo-toulouse-300x222.webp 300w, https:\/\/www.campinglesviolettes.com\/wp-content\/uploads\/2023\/03\/camping-velo-toulouse-768x568.webp 768w\" sizes=\"(max-width: 900px) 100vw, 900px\" \/><\/figure>\n<\/div>\n\n\n\n<div class=\"wp-block-column is-layout-flow wp-block-column-is-layout-flow\">\n<h2 class=\"ls__heading wp-block-heading no-animation\"><strong>Our tips for your first cycling camping experience<\/strong><\/h2>\n\n\n\n<p class=\"ls-paragraph\">Our tips for a first cycling camping experience<br\/>For a truly <strong>successful cycling camping vacation<\/strong>, plan reasonable stages, between 40 and 60 km per day, and <strong>don&#8217;t forget to book your accommodation<\/strong> in advance, especially in high season.<\/p>\n\n\n\n<p class=\"ls-paragraph\">Last but not least, one of the greatest pleasures of <strong>cycle touring with camping<\/strong> is meeting new people, whether with <strong>family<\/strong> or <strong>friends<\/strong>. It&#8217;s this human dimension that transforms a simple<strong> bike trip<\/strong> into a memorable and unforgettable experience in France. <\/p>\n\n\n\n<p class=\"ls-paragraph\">Adventure calls! Our <strong>Les Violettes campsite<\/strong> is ready to become your next stop for a <strong>memorable cycling holiday near Toulouse.<\/strong> <\/p>\n<\/div>\n<\/div>\n\n\r\n    <\/div>\r\n<\/section><section id=\"ls-section-block_e9552374f48fa6edf747874c73e3e5c1\" class=\"ls-section  page-cta has-m-t m-t-1 has-p-t p-t-3\" >\r\n        <div class=\"container container--wide\">\r\n        \n\n<div id=\"ls-heading ls-titre-div-block_9589eadbdba073521b0a4a172d17ada6\" class=\"ls-titre-div no-animation aligncenter h2-like\" >\n    Discover our other services<\/div>\n\n\n<div id=\"ls-maillage-block_e0b3aae6dfbd6f1afed47708a1352464\" class=\"ls-maillage cta-style-normal\" data-rows=\"3\">\r\n    <div class=\"wp-block-columns\"><div class=\"wp-block-column\"><div class=\"ls-cta\">\n\n<a href=\"https:\/\/www.campinglesviolettes.com\/en\/camping-activities-toulouse\/\" target=\"\" rel=\"noopener\" class=\"ls-cta__link\">\n\n\t<div class=\"ls-cta__image\"><img decoding=\"async\" src=\"https:\/\/www.campinglesviolettes.com\/wp-content\/uploads\/2023\/03\/activites-familiales-camping-les-violettes.webp\" alt=\"family activities camping les violettes\"><\/div>\n\t<div class=\"ls-cta__title\">\n\t\tActivities and Leisure <i class='prigny-right-arrow'><\/i>\n\t<\/div>\n\n\t\t\n<\/a><\/div><\/div><div class=\"wp-block-column\"><div class=\"ls-cta\">\n\n<a href=\"https:\/\/www.campinglesviolettes.com\/en\/camping-groups-toulouse\/\" target=\"\" rel=\"noopener\" class=\"ls-cta__link\">\n\n\t<div class=\"ls-cta__image\"><img decoding=\"async\" src=\"https:\/\/www.campinglesviolettes.com\/wp-content\/uploads\/2023\/03\/groupe-seminaire-les-violettes.jpg\" alt=\"groupe seminaire les violettes\"><\/div>\n\t<div class=\"ls-cta__title\">\n\t\tgroups <i class='prigny-right-arrow'><\/i>\n\t<\/div>\n\n\t\t\n<\/a><\/div><\/div><div class=\"wp-block-column\"><div class=\"ls-cta\">\n\n<a href=\"https:\/\/www.campinglesviolettes.com\/en\/camping-family-toulouse\/\" target=\"\" rel=\"noopener\" class=\"ls-cta__link\">\n\n\t<div class=\"ls-cta__image\"><img decoding=\"async\" src=\"https:\/\/www.campinglesviolettes.com\/wp-content\/uploads\/2023\/08\/photo-groupe-lapinou-2-1-768x576.jpg\" alt=\"photo groupe lapinou 2\"><\/div>\n\t<div class=\"ls-cta__title\">\n\t\tServices <i class='prigny-right-arrow'><\/i>\n\t<\/div>\n\n\t\t\n<\/a><\/div><\/div><\/div><\/div>\n\r\n    <\/div>\r\n<\/section>","protected":false},"excerpt":{"rendered":"","protected":false},"author":1,"featured_media":1829,"parent":0,"menu_order":0,"comment_status":"closed","ping_status":"closed","template":"","meta":{"_acf_changed":false,"footnotes":""},"sujet":[],"class_list":["post-1926","page","type-page","status-publish","has-post-thumbnail","hentry"],"acf":[],"yoast_head":"<!-- This site is optimized with the Yoast SEO plugin v23.4 - https:\/\/yoast.com\/wordpress\/plugins\/seo\/ -->\n<title>Cyclotourism camping : stay in our camping during your trip by bikes<\/title>\n<meta name=\"description\" content=\"Make a stop in the nature along the Canal du Midi ! Pich fully equipped, label Accueil V\u00e9lo, confort and peace of mind 15 min from Toulouse.\" \/>\n<meta name=\"robots\" content=\"index, follow, max-snippet:-1, max-image-preview:large, max-video-preview:-1\" \/>\n<link rel=\"canonical\" href=\"https:\/\/www.campinglesviolettes.com\/en\/camping-bike-toulouse\/\" \/>\n<meta property=\"og:locale\" content=\"en_US\" \/>\n<meta property=\"og:type\" content=\"article\" \/>\n<meta property=\"og:title\" content=\"Cyclotourism camping : stay in our camping during your trip by bikes\" \/>\n<meta property=\"og:description\" content=\"Make a stop in the nature along the Canal du Midi ! Pich fully equipped, label Accueil V\u00e9lo, confort and peace of mind 15 min from Toulouse.\" \/>\n<meta property=\"og:url\" content=\"https:\/\/www.campinglesviolettes.com\/en\/camping-bike-toulouse\/\" \/>\n<meta property=\"og:site_name\" content=\"Les Violettes\" \/>\n<meta property=\"article:modified_time\" content=\"2026-04-10T14:04:32+00:00\" \/>\n<meta property=\"og:image\" content=\"https:\/\/www.campinglesviolettes.com\/wp-content\/uploads\/2023\/03\/camping-velo-toulouse.webp\" \/>\n\t<meta property=\"og:image:width\" content=\"900\" \/>\n\t<meta property=\"og:image:height\" content=\"666\" \/>\n\t<meta property=\"og:image:type\" content=\"image\/webp\" \/>\n<meta name=\"twitter:card\" content=\"summary_large_image\" \/>\n<meta name=\"twitter:label1\" content=\"Est. reading time\" \/>\n\t<meta name=\"twitter:data1\" content=\"3 minutes\" \/>\n<script type=\"application\/ld+json\" class=\"yoast-schema-graph\">{\"@context\":\"https:\/\/schema.org\",\"@graph\":[{\"@type\":\"WebPage\",\"@id\":\"https:\/\/www.campinglesviolettes.com\/en\/camping-bike-toulouse\/\",\"url\":\"https:\/\/www.campinglesviolettes.com\/en\/camping-bike-toulouse\/\",\"name\":\"Cyclotourism camping : stay in our camping during your trip by bikes\",\"isPartOf\":{\"@id\":\"https:\/\/www.campinglesviolettes.com\/#website\"},\"primaryImageOfPage\":{\"@id\":\"https:\/\/www.campinglesviolettes.com\/en\/camping-bike-toulouse\/#primaryimage\"},\"image\":{\"@id\":\"https:\/\/www.campinglesviolettes.com\/en\/camping-bike-toulouse\/#primaryimage\"},\"thumbnailUrl\":\"https:\/\/www.campinglesviolettes.com\/wp-content\/uploads\/2023\/03\/camping-velo-toulouse.webp\",\"datePublished\":\"2023-04-06T13:28:24+00:00\",\"dateModified\":\"2026-04-10T14:04:32+00:00\",\"description\":\"Make a stop in the nature along the Canal du Midi ! Pich fully equipped, label Accueil V\u00e9lo, confort and peace of mind 15 min from Toulouse.\",\"breadcrumb\":{\"@id\":\"https:\/\/www.campinglesviolettes.com\/en\/camping-bike-toulouse\/#breadcrumb\"},\"inLanguage\":\"en-US\",\"potentialAction\":[{\"@type\":\"ReadAction\",\"target\":[\"https:\/\/www.campinglesviolettes.com\/en\/camping-bike-toulouse\/\"]}]},{\"@type\":\"ImageObject\",\"inLanguage\":\"en-US\",\"@id\":\"https:\/\/www.campinglesviolettes.com\/en\/camping-bike-toulouse\/#primaryimage\",\"url\":\"https:\/\/www.campinglesviolettes.com\/wp-content\/uploads\/2023\/03\/camping-velo-toulouse.webp\",\"contentUrl\":\"https:\/\/www.campinglesviolettes.com\/wp-content\/uploads\/2023\/03\/camping-velo-toulouse.webp\",\"width\":900,\"height\":666,\"caption\":\"camping bike toulouse\"},{\"@type\":\"BreadcrumbList\",\"@id\":\"https:\/\/www.campinglesviolettes.com\/en\/camping-bike-toulouse\/#breadcrumb\",\"itemListElement\":[{\"@type\":\"ListItem\",\"position\":1,\"name\":\"Camping Occitanie\",\"item\":\"https:\/\/www.campinglesviolettes.com\/en\/\"},{\"@type\":\"ListItem\",\"position\":2,\"name\":\"Camping stage bike in Haute-Garonne\"}]},{\"@type\":\"WebSite\",\"@id\":\"https:\/\/www.campinglesviolettes.com\/#website\",\"url\":\"https:\/\/www.campinglesviolettes.com\/\",\"name\":\"Les Violettes\",\"description\":\"\",\"publisher\":{\"@id\":\"https:\/\/www.campinglesviolettes.com\/#organization\"},\"potentialAction\":[{\"@type\":\"SearchAction\",\"target\":{\"@type\":\"EntryPoint\",\"urlTemplate\":\"https:\/\/www.campinglesviolettes.com\/?s={search_term_string}\"},\"query-input\":{\"@type\":\"PropertyValueSpecification\",\"valueRequired\":true,\"valueName\":\"search_term_string\"}}],\"inLanguage\":\"en-US\"},{\"@type\":\"Organization\",\"@id\":\"https:\/\/www.campinglesviolettes.com\/#organization\",\"name\":\"Les Violettes\",\"url\":\"https:\/\/www.campinglesviolettes.com\/\",\"logo\":{\"@type\":\"ImageObject\",\"inLanguage\":\"en-US\",\"@id\":\"https:\/\/www.campinglesviolettes.com\/#\/schema\/logo\/image\/\",\"url\":\"https:\/\/www.campinglesviolettes.com\/wp-content\/uploads\/2023\/02\/logo-camping-les-violettes.png\",\"contentUrl\":\"https:\/\/www.campinglesviolettes.com\/wp-content\/uploads\/2023\/02\/logo-camping-les-violettes.png\",\"width\":250,\"height\":206,\"caption\":\"Les Violettes\"},\"image\":{\"@id\":\"https:\/\/www.campinglesviolettes.com\/#\/schema\/logo\/image\/\"}}]}<\/script>\n<!-- \/ Yoast SEO plugin. -->","yoast_head_json":{"title":"Cyclotourism camping : stay in our camping during your trip by bikes","description":"Make a stop in the nature along the Canal du Midi ! Pich fully equipped, label Accueil V\u00e9lo, confort and peace of mind 15 min from Toulouse.","robots":{"index":"index","follow":"follow","max-snippet":"max-snippet:-1","max-image-preview":"max-image-preview:large","max-video-preview":"max-video-preview:-1"},"canonical":"https:\/\/www.campinglesviolettes.com\/en\/camping-bike-toulouse\/","og_locale":"en_US","og_type":"article","og_title":"Cyclotourism camping : stay in our camping during your trip by bikes","og_description":"Make a stop in the nature along the Canal du Midi ! Pich fully equipped, label Accueil V\u00e9lo, confort and peace of mind 15 min from Toulouse.","og_url":"https:\/\/www.campinglesviolettes.com\/en\/camping-bike-toulouse\/","og_site_name":"Les Violettes","article_modified_time":"2026-04-10T14:04:32+00:00","og_image":[{"width":900,"height":666,"url":"https:\/\/www.campinglesviolettes.com\/wp-content\/uploads\/2023\/03\/camping-velo-toulouse.webp","type":"image\/webp"}],"twitter_card":"summary_large_image","twitter_misc":{"Est. reading time":"3 minutes"},"schema":{"@context":"https:\/\/schema.org","@graph":[{"@type":"WebPage","@id":"https:\/\/www.campinglesviolettes.com\/en\/camping-bike-toulouse\/","url":"https:\/\/www.campinglesviolettes.com\/en\/camping-bike-toulouse\/","name":"Cyclotourism camping : stay in our camping during your trip by bikes","isPartOf":{"@id":"https:\/\/www.campinglesviolettes.com\/#website"},"primaryImageOfPage":{"@id":"https:\/\/www.campinglesviolettes.com\/en\/camping-bike-toulouse\/#primaryimage"},"image":{"@id":"https:\/\/www.campinglesviolettes.com\/en\/camping-bike-toulouse\/#primaryimage"},"thumbnailUrl":"https:\/\/www.campinglesviolettes.com\/wp-content\/uploads\/2023\/03\/camping-velo-toulouse.webp","datePublished":"2023-04-06T13:28:24+00:00","dateModified":"2026-04-10T14:04:32+00:00","description":"Make a stop in the nature along the Canal du Midi ! Pich fully equipped, label Accueil V\u00e9lo, confort and peace of mind 15 min from Toulouse.","breadcrumb":{"@id":"https:\/\/www.campinglesviolettes.com\/en\/camping-bike-toulouse\/#breadcrumb"},"inLanguage":"en-US","potentialAction":[{"@type":"ReadAction","target":["https:\/\/www.campinglesviolettes.com\/en\/camping-bike-toulouse\/"]}]},{"@type":"ImageObject","inLanguage":"en-US","@id":"https:\/\/www.campinglesviolettes.com\/en\/camping-bike-toulouse\/#primaryimage","url":"https:\/\/www.campinglesviolettes.com\/wp-content\/uploads\/2023\/03\/camping-velo-toulouse.webp","contentUrl":"https:\/\/www.campinglesviolettes.com\/wp-content\/uploads\/2023\/03\/camping-velo-toulouse.webp","width":900,"height":666,"caption":"camping bike toulouse"},{"@type":"BreadcrumbList","@id":"https:\/\/www.campinglesviolettes.com\/en\/camping-bike-toulouse\/#breadcrumb","itemListElement":[{"@type":"ListItem","position":1,"name":"Camping Occitanie","item":"https:\/\/www.campinglesviolettes.com\/en\/"},{"@type":"ListItem","position":2,"name":"Camping stage bike in Haute-Garonne"}]},{"@type":"WebSite","@id":"https:\/\/www.campinglesviolettes.com\/#website","url":"https:\/\/www.campinglesviolettes.com\/","name":"Les Violettes","description":"","publisher":{"@id":"https:\/\/www.campinglesviolettes.com\/#organization"},"potentialAction":[{"@type":"SearchAction","target":{"@type":"EntryPoint","urlTemplate":"https:\/\/www.campinglesviolettes.com\/?s={search_term_string}"},"query-input":{"@type":"PropertyValueSpecification","valueRequired":true,"valueName":"search_term_string"}}],"inLanguage":"en-US"},{"@type":"Organization","@id":"https:\/\/www.campinglesviolettes.com\/#organization","name":"Les Violettes","url":"https:\/\/www.campinglesviolettes.com\/","logo":{"@type":"ImageObject","inLanguage":"en-US","@id":"https:\/\/www.campinglesviolettes.com\/#\/schema\/logo\/image\/","url":"https:\/\/www.campinglesviolettes.com\/wp-content\/uploads\/2023\/02\/logo-camping-les-violettes.png","contentUrl":"https:\/\/www.campinglesviolettes.com\/wp-content\/uploads\/2023\/02\/logo-camping-les-violettes.png","width":250,"height":206,"caption":"Les Violettes"},"image":{"@id":"https:\/\/www.campinglesviolettes.com\/#\/schema\/logo\/image\/"}}]}},"_links":{"self":[{"href":"https:\/\/www.campinglesviolettes.com\/en\/wp-json\/wp\/v2\/pages\/1926","targetHints":{"allow":["GET"]}}],"collection":[{"href":"https:\/\/www.campinglesviolettes.com\/en\/wp-json\/wp\/v2\/pages"}],"about":[{"href":"https:\/\/www.campinglesviolettes.com\/en\/wp-json\/wp\/v2\/types\/page"}],"author":[{"embeddable":true,"href":"https:\/\/www.campinglesviolettes.com\/en\/wp-json\/wp\/v2\/users\/1"}],"replies":[{"embeddable":true,"href":"https:\/\/www.campinglesviolettes.com\/en\/wp-json\/wp\/v2\/comments?post=1926"}],"version-history":[{"count":12,"href":"https:\/\/www.campinglesviolettes.com\/en\/wp-json\/wp\/v2\/pages\/1926\/revisions"}],"predecessor-version":[{"id":5411,"href":"https:\/\/www.campinglesviolettes.com\/en\/wp-json\/wp\/v2\/pages\/1926\/revisions\/5411"}],"wp:featuredmedia":[{"embeddable":true,"href":"https:\/\/www.campinglesviolettes.com\/en\/wp-json\/wp\/v2\/media\/1829"}],"wp:attachment":[{"href":"https:\/\/www.campinglesviolettes.com\/en\/wp-json\/wp\/v2\/media?parent=1926"}],"wp:term":[{"taxonomy":"sujet","embeddable":true,"href":"https:\/\/www.campinglesviolettes.com\/en\/wp-json\/wp\/v2\/sujet?post=1926"}],"curies":[{"name":"wp","href":"https:\/\/api.w.org\/{rel}","templated":true}]}}